{"id":1596,"date":"2020-09-04T15:05:29","date_gmt":"2020-09-04T15:05:29","guid":{"rendered":"https:\/\/demo.allaboutpaki.com\/?page_id=10"},"modified":"2025-02-11T17:06:19","modified_gmt":"2025-02-11T17:06:19","slug":"affiliate-disclosure","status":"publish","type":"page","link":"https:\/\/beauteexclusive.com\/?page_id=1596","title":{"rendered":"Divulgation de l&#8217;affiliation"},"content":{"rendered":"\t\t<div data-elementor-type=\"wp-page\" data-elementor-id=\"1596\" class=\"elementor elementor-1596\" data-elementor-post-type=\"page\">\n\t\t\t\t<div class=\"elementor-element elementor-element-4b33214 e-flex e-con-boxed e-con e-parent\" data-id=\"4b33214\" data-element_type=\"container\" data-e-type=\"container\">\n\t\t\t\t\t<div class=\"e-con-inner\">\n\t\t\t\t<div class=\"elementor-element elementor-element-39f6a5d1 elementor-widget elementor-widget-text-editor\" data-id=\"39f6a5d1\" data-element_type=\"widget\" data-e-type=\"widget\" data-widget_type=\"text-editor.default\">\n\t\t\t\t<div class=\"elementor-widget-container\">\n\t\t\t\t\t\t\t\t\t\n<p>Le propri\u00e9taire du site peut recevoir une compensation pour les recommandations faites en r\u00e9f\u00e9rence aux produits ou services de ce site.<\/p>\n<p>Cette compensation peut prendre la forme d&#8217;argent, de services ou de produits gratuits et peut exister sans aucune action de la part d&#8217;un visiteur du site. Si vous achetez un produit ou un service recommand\u00e9 par le site, il est entendu qu&#8217;une forme de compensation peut \u00eatre vers\u00e9e au propri\u00e9taire du site. Par exemple, si vous cliquez sur un lien affili\u00e9 du site et que vous achetez ensuite le produit ou le service recommand\u00e9, le propri\u00e9taire du site peut recevoir une compensation.<\/p>\n<p>Cette d\u00e9claration d&#8217;indemnisation a \u00e9t\u00e9 fournie pour votre protection et pour divulguer compl\u00e8tement toute relation entre les recommandations de produits ou de services du site et les propri\u00e9taires de ces produits ou services.<\/p>\n\t\t\t\t\t\t\t\t<\/div>\n\t\t\t\t<\/div>\n\t\t\t\t\t<\/div>\n\t\t\t\t<\/div>\n\t\t\t\t<\/div>\n\t\t","protected":false},"excerpt":{"rendered":"<p>Le propri\u00e9taire du site peut recevoir une compensation pour les recommandations faites en r\u00e9f\u00e9rence aux produits ou services de ce site. Cette compensation peut prendre la forme d&#8217;argent, de services ou de produits gratuits et peut exister sans aucune action de la part d&#8217;un visiteur du site. Si vous achetez un produit ou un service [&hellip;]<\/p>\n","protected":false},"author":1,"featured_media":0,"parent":0,"menu_order":0,"comment_status":"closed","ping_status":"closed","template":"","meta":{"_gspb_post_css":"","footnotes":""},"class_list":["post-1596","page","type-page","status-publish","hentry"],"_links":{"self":[{"href":"https:\/\/beauteexclusive.com\/index.php?rest_route=\/wp\/v2\/pages\/1596","targetHints":{"allow":["GET"]}}],"collection":[{"href":"https:\/\/beauteexclusive.com\/index.php?rest_route=\/wp\/v2\/pages"}],"about":[{"href":"https:\/\/beauteexclusive.com\/index.php?rest_route=\/wp\/v2\/types\/page"}],"author":[{"embeddable":true,"href":"https:\/\/beauteexclusive.com\/index.php?rest_route=\/wp\/v2\/users\/1"}],"replies":[{"embeddable":true,"href":"https:\/\/beauteexclusive.com\/index.php?rest_route=%2Fwp%2Fv2%2Fcomments&post=1596"}],"version-history":[{"count":4,"href":"https:\/\/beauteexclusive.com\/index.php?rest_route=\/wp\/v2\/pages\/1596\/revisions"}],"predecessor-version":[{"id":14730,"href":"https:\/\/beauteexclusive.com\/index.php?rest_route=\/wp\/v2\/pages\/1596\/revisions\/14730"}],"wp:attachment":[{"href":"https:\/\/beauteexclusive.com\/index.php?rest_route=%2Fwp%2Fv2%2Fmedia&parent=1596"}],"curies":[{"name":"wp","href":"https:\/\/api.w.org\/{rel}","templated":true}]}}