{"id":1597,"date":"2020-09-04T15:06:57","date_gmt":"2020-09-04T15:06:57","guid":{"rendered":"https:\/\/demo.allaboutpaki.com\/?page_id=12"},"modified":"2025-02-11T17:06:47","modified_gmt":"2025-02-11T17:06:47","slug":"affiliate-agreement","status":"publish","type":"page","link":"https:\/\/beauteexclusive.com\/?page_id=1597","title":{"rendered":"Accord d&#8217;affiliation"},"content":{"rendered":"\t\t<div data-elementor-type=\"wp-page\" data-elementor-id=\"1597\" class=\"elementor elementor-1597\" data-elementor-post-type=\"page\">\n\t\t\t\t<div class=\"elementor-element elementor-element-536513e4 e-flex e-con-boxed e-con e-parent\" data-id=\"536513e4\" data-element_type=\"container\" data-e-type=\"container\">\n\t\t\t\t\t<div class=\"e-con-inner\">\n\t\t\t\t<div class=\"elementor-element elementor-element-e3ca8c1 elementor-widget elementor-widget-text-editor\" data-id=\"e3ca8c1\" data-element_type=\"widget\" data-e-type=\"widget\" data-widget_type=\"text-editor.default\">\n\t\t\t\t<div class=\"elementor-widget-container\">\n\t\t\t\t\t\t\t\t\t\n<p>Le pr\u00e9sent accord (\u00ab accord \u00bb) d\u00e9crit les conditions de participation au programme d&#8217;affiliation du site. Les termes \u00ab affili\u00e9 \u00bb, \u00ab vous \u00bb et \u00ab votre \u00bb font r\u00e9f\u00e9rence au programme d&#8217;affiliation d&#8217;Amazon, la personne qui demande \u00e0 participer \u00e0 notre programme d&#8217;affiliation. Les termes \u00ab nous \u00bb et \u00ab notre \u00bb font r\u00e9f\u00e9rence au site.<\/p>\n<p>Vous et nous sommes des parties ind\u00e9pendantes et vous acceptez que le pr\u00e9sent accord ne cr\u00e9e aucune forme de partenariat ou de relation employeur-employ\u00e9 entre nous. Si vous acceptez le pr\u00e9sent accord au nom d&#8217;une autre personne ou d&#8217;une soci\u00e9t\u00e9, vous convenez que vous avez le pouvoir de l&#8217;engager.<\/p>\n<p>ENREGISTREMENT ET UTILISATION<\/p>\n<p>Pour pouvoir participer en tant qu&#8217;affili\u00e9, vous devez \u00eatre \u00e2g\u00e9 d&#8217;au moins dix-huit (18) ans et disposer d&#8217;un num\u00e9ro d&#8217;identification fiscale ou d&#8217;un num\u00e9ro de s\u00e9curit\u00e9 sociale valide. Si vous \u00eates aux \u00c9tats-Unis, vous devez remplir un formulaire W9 ou son \u00e9quivalent dans votre pays. Au cours de la proc\u00e9dure d&#8217;inscription, il peut vous \u00eatre demand\u00e9 de fournir certaines informations. En fournissant ces informations, vous d\u00e9clarez et acceptez que toutes les informations sont et resteront v\u00e9ridiques et \u00e0 jour.<\/p>\n<p>Nous nous r\u00e9servons le droit de d\u00e9terminer si vous \u00eates \u00e9ligible ou de mettre fin \u00e0 votre participation \u00e0 tout moment, sans pr\u00e9avis. Nous nous r\u00e9servons le droit de r\u00e9silier votre compte \u00e0 tout moment, sans pr\u00e9avis ni raison, mais nous pouvons le faire en particulier si vous ou votre site viole l&#8217;une des conditions du pr\u00e9sent accord ou toute loi applicable. La r\u00e9siliation de votre compte pour infraction ou violation de la loi peut inclure la confiscation de toute compensation due et la restitution de toute somme d\u00e9j\u00e0 pay\u00e9e.<\/p>\n<p>DUR\u00c9E ET R\u00c9SILIATION DE L&#8217;ACCORD<\/p>\n<p>Le pr\u00e9sent accord prend effet d\u00e8s que nous acceptons votre demande d&#8217;affiliation et prend fin lorsqu&#8217;il est r\u00e9sili\u00e9 par l&#8217;une ou l&#8217;autre des parties, mais nous pouvons r\u00e9silier le pr\u00e9sent accord \u00e0 tout moment, sans pr\u00e9avis, en cas d&#8217;infraction ou de violation de la loi.<\/p>\n<p>La r\u00e9siliation peut intervenir \u00e0 tout moment, avec ou sans motif, en donnant \u00e0 l&#8217;autre partie une notification \u00e9crite de la r\u00e9siliation conform\u00e9ment au pr\u00e9sent accord. Une fois l&#8217;accord r\u00e9sili\u00e9, vous devez imm\u00e9diatement cesser de participer au site, supprimer toute offre, tout contenu, tout lien ou tout \u00e9l\u00e9ment cr\u00e9atif qui vous a \u00e9t\u00e9 fourni par nous ou par nos annonceurs. Une fois l&#8217;accord r\u00e9sili\u00e9, vous perdrez tout droit \u00e0 une quelconque compensation \u00e0 compter de la date de r\u00e9siliation.<\/p>\n<p>Nous pouvons \u00e9galement rejeter toute demande si vous \u00eates originaire d&#8217;un \u00c9tat qui impose actuellement une taxe sur la vente de biens ou de services par des affili\u00e9s (c&#8217;est-\u00e0-dire une taxe de nexus) et que l&#8217;annonceur ne souhaite pas promouvoir ses produits dans cet \u00c9tat par votre interm\u00e9diaire.<\/p>\n<p>MODIFICATION<\/p>\n<p>Nous pouvons modifier les termes et conditions du pr\u00e9sent accord \u00e0 tout moment et \u00e0 notre seule discr\u00e9tion, quelle que soit la diff\u00e9rence entre la version modifi\u00e9e de l&#8217;accord et la version originale. Ces modifications peuvent inclure, sans s&#8217;y limiter, des changements dans l&#8217;\u00e9tendue des commissions de parrainage disponibles, les bar\u00e8mes de commissions, les proc\u00e9dures de paiement et les r\u00e8gles relatives \u00e0 notre programme d&#8217;affiliation. Si l&#8217;une des modifications est inacceptable pour vous, vous devez imm\u00e9diatement r\u00e9silier le pr\u00e9sent accord et nous notifier cette notification ; vous ne devez pas continuer \u00e0 participer au programme d&#8217;affiliation. En continuant \u00e0 participer au programme apr\u00e8s la publication d&#8217;un avis de modification ou d&#8217;amendements au pr\u00e9sent accord, vous indiquez que vous acceptez les modifications et que vous vous engagez \u00e0 les respecter.<\/p>\n<p>FRAIS DE COMMISSION<\/p>\n<p>Le calendrier de votre r\u00e9mun\u00e9ration est bas\u00e9 sur la survenance d&#8217;un \u00e9v\u00e9nement valide, qui est r\u00e9gi par les conditions de l&#8217;offre et ses exigences. Nous nous r\u00e9servons le droit, \u00e0 notre seule discr\u00e9tion, de d\u00e9terminer la validit\u00e9 de tout \u00e9v\u00e9nement qui pourrait donner lieu \u00e0 une compensation pour vous. En outre, nous n&#8217;avons aucune obligation de payer pour des actions non valides ou si le(s) annonceur(s) n&#8217;effectue(nt) pas le paiement.<\/p>\n<p>En fonction de l&#8217;offre en question, votre r\u00e9mun\u00e9ration peut \u00eatre bas\u00e9e sur (POURCENTAGE SELON LE PROGRAMME D&#8217;AFFILIATION D&#8217;AMAZON POUR DIFF\u00c9RENTS PRODUITS ET CAT\u00c9GORIES) % du revenu brut ou Rs.____._ par vente en tant que commission de l&#8217;action valide particuli\u00e8re qui d\u00e9clencherait votre r\u00e9mun\u00e9ration (c.-\u00e0-d. les commandes pass\u00e9es par votre site affili\u00e9). Vous ne serez pay\u00e9 que pour la compensation l\u00e9gitime qui a \u00e9t\u00e9 gagn\u00e9e, ce qui est d\u00e9termin\u00e9 par nous \u00e0 notre seule discr\u00e9tion. Le paiement sera effectu\u00e9 par une m\u00e9thode approuv\u00e9e qui sera affich\u00e9e sur le site, et en dollars am\u00e9ricains, sauf accord contraire des deux parties par \u00e9crit. Vous ne serez pay\u00e9 qu&#8217;une fois que vous aurez atteint un seuil de paiement d&#8217;au moins Rs.50.00USD (ou un autre nombre convenu par \u00e9crit par les deux parties) et pay\u00e9 selon les termes d&#8217;un calendrier de ___________ jours apr\u00e8s le dernier jour du mois civil ou d&#8217;un autre calendrier qui a \u00e9t\u00e9 convenu par \u00e9crit par les deux parties.<\/p>\n<p>(Programme d&#8217;affiliation Amazon)<\/p>\n<p>Pour qu&#8217;une vente g\u00e9n\u00e8re une commission \u00e0 un affili\u00e9, le client doit remplir le formulaire de commande, verser le paiement int\u00e9gral du service command\u00e9 et avoir effectu\u00e9 l&#8217;installation. Vous recevrez ______% pour les commandes pass\u00e9es via les sites affili\u00e9s des sous-affili\u00e9s que vous avez parrain\u00e9s dans le programme d&#8217;affiliation __________. Les commissions d&#8217;affiliation seront<\/p>\n\t\t\t\t\t\t\t\t<\/div>\n\t\t\t\t<\/div>\n\t\t\t\t\t<\/div>\n\t\t\t\t<\/div>\n\t\t\t\t<\/div>\n\t\t","protected":false},"excerpt":{"rendered":"<p>Le pr\u00e9sent accord (\u00ab accord \u00bb) d\u00e9crit les conditions de participation au programme d&#8217;affiliation du site. Les termes \u00ab affili\u00e9 \u00bb, \u00ab vous \u00bb et \u00ab votre \u00bb font r\u00e9f\u00e9rence au programme d&#8217;affiliation d&#8217;Amazon, la personne qui demande \u00e0 participer \u00e0 notre programme d&#8217;affiliation. Les termes \u00ab nous \u00bb et \u00ab notre \u00bb font r\u00e9f\u00e9rence [&hellip;]<\/p>\n","protected":false},"author":1,"featured_media":0,"parent":0,"menu_order":0,"comment_status":"closed","ping_status":"closed","template":"","meta":{"_gspb_post_css":"","footnotes":""},"class_list":["post-1597","page","type-page","status-publish","hentry"],"_links":{"self":[{"href":"https:\/\/beauteexclusive.com\/index.php?rest_route=\/wp\/v2\/pages\/1597","targetHints":{"allow":["GET"]}}],"collection":[{"href":"https:\/\/beauteexclusive.com\/index.php?rest_route=\/wp\/v2\/pages"}],"about":[{"href":"https:\/\/beauteexclusive.com\/index.php?rest_route=\/wp\/v2\/types\/page"}],"author":[{"embeddable":true,"href":"https:\/\/beauteexclusive.com\/index.php?rest_route=\/wp\/v2\/users\/1"}],"replies":[{"embeddable":true,"href":"https:\/\/beauteexclusive.com\/index.php?rest_route=%2Fwp%2Fv2%2Fcomments&post=1597"}],"version-history":[{"count":4,"href":"https:\/\/beauteexclusive.com\/index.php?rest_route=\/wp\/v2\/pages\/1597\/revisions"}],"predecessor-version":[{"id":14733,"href":"https:\/\/beauteexclusive.com\/index.php?rest_route=\/wp\/v2\/pages\/1597\/revisions\/14733"}],"wp:attachment":[{"href":"https:\/\/beauteexclusive.com\/index.php?rest_route=%2Fwp%2Fv2%2Fmedia&parent=1597"}],"curies":[{"name":"wp","href":"https:\/\/api.w.org\/{rel}","templated":true}]}}