{"id":1598,"date":"2020-09-04T15:16:32","date_gmt":"2020-09-04T15:16:32","guid":{"rendered":"https:\/\/demo.allaboutpaki.com\/?page_id=14"},"modified":"2025-02-11T17:10:08","modified_gmt":"2025-02-11T17:10:08","slug":"terms-of-use","status":"publish","type":"page","link":"https:\/\/beauteexclusive.com\/?page_id=1598","title":{"rendered":"Conditions d&#8217;utilisation"},"content":{"rendered":"\t\t<div data-elementor-type=\"wp-page\" data-elementor-id=\"1598\" class=\"elementor elementor-1598\" data-elementor-post-type=\"page\">\n\t\t\t\t<div class=\"elementor-element elementor-element-50e6120c e-flex e-con-boxed e-con e-parent\" data-id=\"50e6120c\" data-element_type=\"container\" data-e-type=\"container\">\n\t\t\t\t\t<div class=\"e-con-inner\">\n\t\t\t\t<div class=\"elementor-element elementor-element-4e5f008e elementor-widget elementor-widget-text-editor\" data-id=\"4e5f008e\" data-element_type=\"widget\" data-e-type=\"widget\" data-widget_type=\"text-editor.default\">\n\t\t\t\t<div class=\"elementor-widget-container\">\n\t\t\t\t\t\t\t\t\t\n<p>Les pr\u00e9sentes conditions d&#8217;utilisation expliquent le principe de fonctionnement des casiers de contenu sur ce site web. Sur ce site web, vous pouvez rencontrer des casiers de contenu qui peuvent vous demander de vous connecter, de vous abonner, d&#8217;entrer votre nom ou d&#8217;effectuer d&#8217;autres actions pour avoir acc\u00e8s au contenu verrouill\u00e9.<\/p>\n<p>Utilisation de votre adresse \u00e9lectronique<\/p>\n<p>Lorsque vous entrez votre adresse \u00e9lectronique ou que vous vous connectez par l&#8217;interm\u00e9diaire de r\u00e9seaux sociaux, vous acceptez que votre adresse \u00e9lectronique soit ajout\u00e9e \u00e0 l&#8217;abonnement.<br \/>adresse \u00e9lectronique soit ajout\u00e9e \u00e0 la liste d&#8217;abonn\u00e9s pour l&#8217;envoi de nouvelles cibl\u00e9es et d&#8217;offres sp\u00e9ciales.<br \/>Vous pouvez vous d\u00e9sabonner \u00e0 tout moment en cliquant sur le lien figurant \u00e0 la fin de l&#8217;un des courriers \u00e9lectroniques que vous recevez de notre part.<\/p>\n<p>Applications sociales et autorisations<\/p>\n<p>Lorsque vous vous connectez \u00e0 un r\u00e9seau social, le Content Locker peut vous demander d&#8217;accorder les autorisations suivantes<br \/>d&#8217;accorder des autorisations de lecture ou d&#8217;ex\u00e9cution de certaines actions sociales.<\/p>\n<p>Le Content Locker ne r\u00e9cup\u00e8re que les informations suivantes (conform\u00e9ment \u00e0 la politique de confidentialit\u00e9 de ce site web) :<\/p>\n<p>Nom de la personne<br \/>l&#8217;adresse \u00e9lectronique<\/p>\n<p>Le Content Locker ne collecte jamais d&#8217;autres donn\u00e9es et ne publie jamais rien dans les r\u00e9seaux sociaux en votre nom sans votre autorisation. Apr\u00e8s avoir d\u00e9verrouill\u00e9 le contenu, le Content Locker supprime tous les jetons d&#8217;acc\u00e8s re\u00e7us de votre part et ne les utilise plus jamais. Si vous avez des questions concernant ces conditions d&#8217;utilisation, vous pouvez nous contacter.<\/p>\n\t\t\t\t\t\t\t\t<\/div>\n\t\t\t\t<\/div>\n\t\t\t\t\t<\/div>\n\t\t\t\t<\/div>\n\t\t\t\t<\/div>\n\t\t","protected":false},"excerpt":{"rendered":"<p>Les pr\u00e9sentes conditions d&#8217;utilisation expliquent le principe de fonctionnement des casiers de contenu sur ce site web. Sur ce site web, vous pouvez rencontrer des casiers de contenu qui peuvent vous demander de vous connecter, de vous abonner, d&#8217;entrer votre nom ou d&#8217;effectuer d&#8217;autres actions pour avoir acc\u00e8s au contenu verrouill\u00e9. Utilisation de votre adresse [&hellip;]<\/p>\n","protected":false},"author":1,"featured_media":0,"parent":0,"menu_order":0,"comment_status":"closed","ping_status":"closed","template":"","meta":{"_gspb_post_css":"","footnotes":""},"class_list":["post-1598","page","type-page","status-publish","hentry"],"_links":{"self":[{"href":"https:\/\/beauteexclusive.com\/index.php?rest_route=\/wp\/v2\/pages\/1598","targetHints":{"allow":["GET"]}}],"collection":[{"href":"https:\/\/beauteexclusive.com\/index.php?rest_route=\/wp\/v2\/pages"}],"about":[{"href":"https:\/\/beauteexclusive.com\/index.php?rest_route=\/wp\/v2\/types\/page"}],"author":[{"embeddable":true,"href":"https:\/\/beauteexclusive.com\/index.php?rest_route=\/wp\/v2\/users\/1"}],"replies":[{"embeddable":true,"href":"https:\/\/beauteexclusive.com\/index.php?rest_route=%2Fwp%2Fv2%2Fcomments&post=1598"}],"version-history":[{"count":4,"href":"https:\/\/beauteexclusive.com\/index.php?rest_route=\/wp\/v2\/pages\/1598\/revisions"}],"predecessor-version":[{"id":14743,"href":"https:\/\/beauteexclusive.com\/index.php?rest_route=\/wp\/v2\/pages\/1598\/revisions\/14743"}],"wp:attachment":[{"href":"https:\/\/beauteexclusive.com\/index.php?rest_route=%2Fwp%2Fv2%2Fmedia&parent=1598"}],"curies":[{"name":"wp","href":"https:\/\/api.w.org\/{rel}","templated":true}]}}