{"id":1912,"date":"2019-07-19T13:26:04","date_gmt":"2019-07-19T13:26:04","guid":{"rendered":"http:\/\/recart.wpsoul.com\/?page_id=1368"},"modified":"2025-04-05T06:08:58","modified_gmt":"2025-04-05T06:08:58","slug":"colored-blog-card-grid-2","status":"publish","type":"page","link":"https:\/\/beauteexclusive.com\/?page_id=1912","title":{"rendered":"Blog"},"content":{"rendered":"\n<div class=\"wp-block-rehub-colored-post-grid rhpb-colored-post-grid rhpb-4892a124-1c8a-4282-9038-5cf9e8308c5c\"><style>.rhpb-4892a124-1c8a-4282-9038-5cf9e8308c5c .coloredgrid .excerptforcgrid{display:block!important}.rhpb-4892a124-1c8a-4282-9038-5cf9e8308c5c .coloredgrid .col_item.rh-main-bg-hover:hover .rehub-main-color{color:#fff!important}.rhpb-4892a124-1c8a-4282-9038-5cf9e8308c5c .coloredgrid .col_item.rh-main-bg-hover:hover .whitehovered{color:#fff!important}.rhpb-4892a124-1c8a-4282-9038-5cf9e8308c5c .coloredgrid .rh-borderinside{display:block!important}.rhpb-4892a124-1c8a-4282-9038-5cf9e8308c5c .coloredgrid .catforcgrid{display:block!important}.rhpb-4892a124-1c8a-4282-9038-5cf9e8308c5c .rh-fit-cover{opacity:0.3!important}.rhpb-4892a124-1c8a-4282-9038-5cf9e8308c5c .coloredgrid .rehub-main-color-bg{background-color:!important}.rhpb-4892a124-1c8a-4282-9038-5cf9e8308c5c .coloredgrid .rehub-main-color-bg:nth-child(6n+2){background-color:!important}.rhpb-4892a124-1c8a-4282-9038-5cf9e8308c5c .coloredgrid .rehub-main-color-bg:nth-child(6n+3){background-color:!important}.rhpb-4892a124-1c8a-4282-9038-5cf9e8308c5c .coloredgrid .rehub-main-color-bg:nth-child(6n+4){background-color:!important}.rhpb-4892a124-1c8a-4282-9038-5cf9e8308c5c .coloredgrid .rehub-main-color-bg:nth-child(6n+5){background-color:!important}.rhpb-4892a124-1c8a-4282-9038-5cf9e8308c5c .coloredgrid .rehub-main-color-bg:nth-child(6n+6){background-color:!important}.rhpb-4892a124-1c8a-4282-9038-5cf9e8308c5c .coloredgrid .colorgridtitle{color:!important}.rhpb-4892a124-1c8a-4282-9038-5cf9e8308c5c .coloredgrid .colorgridtext{color:!important}@media screen and (max-width:767.98px){.rhpb-4892a124-1c8a-4282-9038-5cf9e8308c5c .smart-scroll-mobile .col_item{width:!important;min-width:!important}}<\/style>\t\r\n\t   \r\n\t\t<div class=\"coloredgrid pt5 rh-flex-eq-height  col_wrap_three\" data-filterargs='{\"post_type\":\"post\",\"posts_per_page\":12,\"order\":\"desc\",\"orderby\":\"date\",\"no_found_rows\":1,\"ignore_sticky_posts\":1}' data-template=\"color_grid\" id=\"rh_colorgrid_692168731\" data-innerargs='{\"columns\":\"3_col\",\"enableimage\":true}'>                    \r\n\t\t\r\n\t\t\t\t\t  \r\n<div class=\"flowhidden col_item rh-shadow3 rehub-sec-smooth rh-hover-up rehub-main-color-bg css-ani-trigger csstransall position-relative rh-hovered-wrap\">\r\n<a class=\"abdfullwidth zind2\" href=\"https:\/\/beauteexclusive.com\/?p=17205\" title=\"Pigmentation de la peau : causes, traitements et pr\u00e9vention\"><\/a>\r\n<div class=\"rh-borderinside rh-hovered-scale pointernone rh-hovered-scalebig\"><\/div>\r\n<div class=\"padd20 position-relative zind1\">\r\n    <div class=\"pt10 pr20 pl20 pb10\">\r\n        <div class=\"mt0 mb10 font70 colorgridtext upper-text-trans whitecolor catforcgrid\">Blogs<\/div>\r\n        <h3 class=\"mb30 mt0 font120 lineheight20 colorgridtitle whitecolor\">Pigmentation de la peau : causes, traitements et pr\u00e9vention<\/h3>\r\n        <div class=\"mb15 font90 colorgridtext whitecolor rh_opacity_7  excerptforcgrid\">                                 \r\n             \r\n  Apprenez les diff\u00e9rences entre les taches brunes, la pigmentation et le m\u00e9lasma. &#8230;                       \r\n        <\/div>\r\n        <i class=\"rhicon rhi-arrow-right whitecolor font130 csstranstrans rh-hovered-rotate position-relative\"><\/i>\r\n    <\/div>                                     \r\n<\/div>\r\n    <div class=\"abdfullwidth rh-fit-cover rh_opacity_3 rh-hovered-scalesmall csstranstrans\">\r\n        <img fetchpriority=\"high\" decoding=\"async\" src=\"https:\/\/beauteexclusive.com\/wp-content\/themes\/rehub-theme\/images\/default\/blank.gif\" data-src=\"https:\/\/www.healthshots.com\/wp-content\/uploads\/2019\/12\/dark-circles-.jpg\" alt=\"Pigmentation de la peau : causes, traitements et pr\u00e9vention\" data-skip-lazy=\"\" class=\"lazyload \" width=\"9999\" height=\"350\">    <\/div>\r\n<\/div>\t\t\t\t\t  \r\n<div class=\"flowhidden col_item rh-shadow3 rehub-sec-smooth rh-hover-up rehub-main-color-bg css-ani-trigger csstransall position-relative rh-hovered-wrap\">\r\n<a class=\"abdfullwidth zind2\" href=\"https:\/\/beauteexclusive.com\/?p=17202\" title=\"Connexion corps-esprit\u00a0: remark le stress et les \u00e9motions affectent la sant\u00e9 de la peau\"><\/a>\r\n<div class=\"rh-borderinside rh-hovered-scale pointernone rh-hovered-scalebig\"><\/div>\r\n<div class=\"padd20 position-relative zind1\">\r\n    <div class=\"pt10 pr20 pl20 pb10\">\r\n        <div class=\"mt0 mb10 font70 colorgridtext upper-text-trans whitecolor catforcgrid\">Blogs<\/div>\r\n        <h3 class=\"mb30 mt0 font120 lineheight20 colorgridtitle whitecolor\">Connexion corps-esprit\u00a0: remark le stress et les \u00e9motions affectent la sant\u00e9 de la peau<\/h3>\r\n        <div class=\"mb15 font90 colorgridtext whitecolor rh_opacity_7  excerptforcgrid\">                                 \r\n             \r\n  Quel est l\u2019influence du stress, du sommeil et des \u00e9motions sur la sant\u00e9 de la peau ? &#8230;                       \r\n        <\/div>\r\n        <i class=\"rhicon rhi-arrow-right whitecolor font130 csstranstrans rh-hovered-rotate position-relative\"><\/i>\r\n    <\/div>                                     \r\n<\/div>\r\n    <div class=\"abdfullwidth rh-fit-cover rh_opacity_3 rh-hovered-scalesmall csstranstrans\">\r\n        <img decoding=\"async\" src=\"https:\/\/beauteexclusive.com\/wp-content\/themes\/rehub-theme\/images\/default\/blank.gif\" data-src=\"https:\/\/images.healthshots.com\/healthshots\/en\/uploads\/2021\/01\/16104814\/overexfoliation.jpg\" alt=\"Connexion corps-esprit\u00a0: remark le stress et les \u00e9motions affectent la sant\u00e9 de la peau\" data-skip-lazy=\"\" class=\"lazyload \" width=\"9999\" height=\"350\">    <\/div>\r\n<\/div>\t\t\t\t\t  \r\n<div class=\"flowhidden col_item rh-shadow3 rehub-sec-smooth rh-hover-up rehub-main-color-bg css-ani-trigger csstransall position-relative rh-hovered-wrap\">\r\n<a class=\"abdfullwidth zind2\" href=\"https:\/\/beauteexclusive.com\/?p=17199\" title=\"Une nutritionniste partage 10 boissons stimulant le collag\u00e8ne pour ralentir le vieillissement cutan\u00e9\"><\/a>\r\n<div class=\"rh-borderinside rh-hovered-scale pointernone rh-hovered-scalebig\"><\/div>\r\n<div class=\"padd20 position-relative zind1\">\r\n    <div class=\"pt10 pr20 pl20 pb10\">\r\n        <div class=\"mt0 mb10 font70 colorgridtext upper-text-trans whitecolor catforcgrid\">Blogs<\/div>\r\n        <h3 class=\"mb30 mt0 font120 lineheight20 colorgridtitle whitecolor\">Une nutritionniste partage 10 boissons stimulant le collag\u00e8ne pour ralentir le vieillissement cutan\u00e9<\/h3>\r\n        <div class=\"mb15 font90 colorgridtext whitecolor rh_opacity_7  excerptforcgrid\">                                 \r\n             \r\n  Ce que vous buvez compte plus pour votre peau que vous ne le pensez. Une &#8230;                       \r\n        <\/div>\r\n        <i class=\"rhicon rhi-arrow-right whitecolor font130 csstranstrans rh-hovered-rotate position-relative\"><\/i>\r\n    <\/div>                                     \r\n<\/div>\r\n    <div class=\"abdfullwidth rh-fit-cover rh_opacity_3 rh-hovered-scalesmall csstranstrans\">\r\n        <img decoding=\"async\" src=\"https:\/\/beauteexclusive.com\/wp-content\/themes\/rehub-theme\/images\/default\/blank.gif\" data-src=\"https:\/\/images.healthshots.com\/healthshots\/en\/uploads\/2024\/11\/23143517\/blueberries-1.jpg\" alt=\"Une nutritionniste partage 10 boissons stimulant le collag\u00e8ne pour ralentir le vieillissement cutan\u00e9\" data-skip-lazy=\"\" class=\"lazyload \" width=\"9999\" height=\"350\">    <\/div>\r\n<\/div>\t\t\t\t\t  \r\n<div class=\"flowhidden col_item rh-shadow3 rehub-sec-smooth rh-hover-up rehub-main-color-bg css-ani-trigger csstransall position-relative rh-hovered-wrap\">\r\n<a class=\"abdfullwidth zind2\" href=\"https:\/\/beauteexclusive.com\/?p=17196\" title=\"Remark \u00e9viter les infections fongiques et bact\u00e9riennes sous les v\u00eatements en laine ?\"><\/a>\r\n<div class=\"rh-borderinside rh-hovered-scale pointernone rh-hovered-scalebig\"><\/div>\r\n<div class=\"padd20 position-relative zind1\">\r\n    <div class=\"pt10 pr20 pl20 pb10\">\r\n        <div class=\"mt0 mb10 font70 colorgridtext upper-text-trans whitecolor catforcgrid\">Blogs<\/div>\r\n        <h3 class=\"mb30 mt0 font120 lineheight20 colorgridtitle whitecolor\">Remark \u00e9viter les infections fongiques et bact\u00e9riennes sous les v\u00eatements en laine ?<\/h3>\r\n        <div class=\"mb15 font90 colorgridtext whitecolor rh_opacity_7  excerptforcgrid\">                                 \r\n             \r\n\n                    \n                    Remark puis-je \u00e9viter les infections &#8230;                       \r\n        <\/div>\r\n        <i class=\"rhicon rhi-arrow-right whitecolor font130 csstranstrans rh-hovered-rotate position-relative\"><\/i>\r\n    <\/div>                                     \r\n<\/div>\r\n    <div class=\"abdfullwidth rh-fit-cover rh_opacity_3 rh-hovered-scalesmall csstranstrans\">\r\n        <img loading=\"lazy\" decoding=\"async\" src=\"https:\/\/beauteexclusive.com\/wp-content\/themes\/rehub-theme\/images\/default\/blank.gif\" data-src=\"https:\/\/images.healthshots.com\/healthshots\/en\/uploads\/2022\/09\/30170810\/high-blood-pressure.jpg\" alt=\"Remark \u00e9viter les infections fongiques et bact\u00e9riennes sous les v\u00eatements en laine ?\" data-skip-lazy=\"\" class=\"lazyload \" width=\"9999\" height=\"350\">    <\/div>\r\n<\/div>\t\t\t\t\t  \r\n<div class=\"flowhidden col_item rh-shadow3 rehub-sec-smooth rh-hover-up rehub-main-color-bg css-ani-trigger csstransall position-relative rh-hovered-wrap\">\r\n<a class=\"abdfullwidth zind2\" href=\"https:\/\/beauteexclusive.com\/?p=17193\" title=\"5 habitudes de vie qui font vieillir votre peau plus rapidement en silence\"><\/a>\r\n<div class=\"rh-borderinside rh-hovered-scale pointernone rh-hovered-scalebig\"><\/div>\r\n<div class=\"padd20 position-relative zind1\">\r\n    <div class=\"pt10 pr20 pl20 pb10\">\r\n        <div class=\"mt0 mb10 font70 colorgridtext upper-text-trans whitecolor catforcgrid\">Blogs<\/div>\r\n        <h3 class=\"mb30 mt0 font120 lineheight20 colorgridtitle whitecolor\">5 habitudes de vie qui font vieillir votre peau plus rapidement en silence<\/h3>\r\n        <div class=\"mb15 font90 colorgridtext whitecolor rh_opacity_7  excerptforcgrid\">                                 \r\n             \r\nDes habitudes de sommeil irr\u00e9guli\u00e8resSoyons honn\u00eates\u00a0: le sommeil est souvent la &#8230;                       \r\n        <\/div>\r\n        <i class=\"rhicon rhi-arrow-right whitecolor font130 csstranstrans rh-hovered-rotate position-relative\"><\/i>\r\n    <\/div>                                     \r\n<\/div>\r\n    <div class=\"abdfullwidth rh-fit-cover rh_opacity_3 rh-hovered-scalesmall csstranstrans\">\r\n        <img loading=\"lazy\" decoding=\"async\" src=\"https:\/\/beauteexclusive.com\/wp-content\/themes\/rehub-theme\/images\/default\/blank.gif\" data-src=\"https:\/\/images.healthshots.com\/healthshots\/en\/uploads\/2023\/01\/11091039\/unhealthy-eating-habits.jpg\" alt=\"5 habitudes de vie qui font vieillir votre peau plus rapidement en silence\" data-skip-lazy=\"\" class=\"lazyload \" width=\"9999\" height=\"350\">    <\/div>\r\n<\/div>\t\t\t\t\t  \r\n<div class=\"flowhidden col_item rh-shadow3 rehub-sec-smooth rh-hover-up rehub-main-color-bg css-ani-trigger csstransall position-relative rh-hovered-wrap\">\r\n<a class=\"abdfullwidth zind2\" href=\"https:\/\/beauteexclusive.com\/?p=17190\" title=\"5 conseils d\u2019specialists pour traiter efficacement l\u2019acn\u00e9 li\u00e9e au SOPK\"><\/a>\r\n<div class=\"rh-borderinside rh-hovered-scale pointernone rh-hovered-scalebig\"><\/div>\r\n<div class=\"padd20 position-relative zind1\">\r\n    <div class=\"pt10 pr20 pl20 pb10\">\r\n        <div class=\"mt0 mb10 font70 colorgridtext upper-text-trans whitecolor catforcgrid\">Blogs<\/div>\r\n        <h3 class=\"mb30 mt0 font120 lineheight20 colorgridtitle whitecolor\">5 conseils d\u2019specialists pour traiter efficacement l\u2019acn\u00e9 li\u00e9e au SOPK<\/h3>\r\n        <div class=\"mb15 font90 colorgridtext whitecolor rh_opacity_7  excerptforcgrid\">                                 \r\n             \r\n\n                    \n                    Acn\u00e9 du SOPK ? 5 conseils d&#8217;un dermatologue &#8230;                       \r\n        <\/div>\r\n        <i class=\"rhicon rhi-arrow-right whitecolor font130 csstranstrans rh-hovered-rotate position-relative\"><\/i>\r\n    <\/div>                                     \r\n<\/div>\r\n    <div class=\"abdfullwidth rh-fit-cover rh_opacity_3 rh-hovered-scalesmall csstranstrans\">\r\n        <img loading=\"lazy\" decoding=\"async\" src=\"https:\/\/beauteexclusive.com\/wp-content\/themes\/rehub-theme\/images\/default\/blank.gif\" data-src=\"https:\/\/images.healthshots.com\/healthshots\/en\/uploads\/2023\/06\/27113702\/CLEANSER.jpg\" alt=\"5 conseils d\u2019specialists pour traiter efficacement l\u2019acn\u00e9 li\u00e9e au SOPK\" data-skip-lazy=\"\" class=\"lazyload \" width=\"9999\" height=\"350\">    <\/div>\r\n<\/div>\t\t\t\t\t  \r\n<div class=\"flowhidden col_item rh-shadow3 rehub-sec-smooth rh-hover-up rehub-main-color-bg css-ani-trigger csstransall position-relative rh-hovered-wrap\">\r\n<a class=\"abdfullwidth zind2\" href=\"https:\/\/beauteexclusive.com\/?p=17187\" title=\"Information ultime des s\u00e9rums superpos\u00e9s pour une peau \u00e9clatante\"><\/a>\r\n<div class=\"rh-borderinside rh-hovered-scale pointernone rh-hovered-scalebig\"><\/div>\r\n<div class=\"padd20 position-relative zind1\">\r\n    <div class=\"pt10 pr20 pl20 pb10\">\r\n        <div class=\"mt0 mb10 font70 colorgridtext upper-text-trans whitecolor catforcgrid\">Blogs<\/div>\r\n        <h3 class=\"mb30 mt0 font120 lineheight20 colorgridtitle whitecolor\">Information ultime des s\u00e9rums superpos\u00e9s pour une peau \u00e9clatante<\/h3>\r\n        <div class=\"mb15 font90 colorgridtext whitecolor rh_opacity_7  excerptforcgrid\">                                 \r\n             \r\n  Obtenez des conseils d\u2019consultants sur la superposition de s\u00e9rums pour am\u00e9liorer &#8230;                       \r\n        <\/div>\r\n        <i class=\"rhicon rhi-arrow-right whitecolor font130 csstranstrans rh-hovered-rotate position-relative\"><\/i>\r\n    <\/div>                                     \r\n<\/div>\r\n    <div class=\"abdfullwidth rh-fit-cover rh_opacity_3 rh-hovered-scalesmall csstranstrans\">\r\n        <img loading=\"lazy\" decoding=\"async\" src=\"https:\/\/beauteexclusive.com\/wp-content\/themes\/rehub-theme\/images\/default\/blank.gif\" data-src=\"https:\/\/images.healthshots.com\/healthshots\/en\/uploads\/2024\/05\/27204749\/vitamin-E-oil-1.jpg\" alt=\"Information ultime des s\u00e9rums superpos\u00e9s pour une peau \u00e9clatante\" data-skip-lazy=\"\" class=\"lazyload \" width=\"9999\" height=\"350\">    <\/div>\r\n<\/div>\t\t\t\t\t  \r\n<div class=\"flowhidden col_item rh-shadow3 rehub-sec-smooth rh-hover-up rehub-main-color-bg css-ani-trigger csstransall position-relative rh-hovered-wrap\">\r\n<a class=\"abdfullwidth zind2\" href=\"https:\/\/beauteexclusive.com\/?p=17184\" title=\"Conseils de soins de la peau en hiver\u00a0: Dermat conseille d&#8217;\u00e9viter les longues douches chaudes et d&#8217;appliquer des cr\u00e8mes plus riches\"><\/a>\r\n<div class=\"rh-borderinside rh-hovered-scale pointernone rh-hovered-scalebig\"><\/div>\r\n<div class=\"padd20 position-relative zind1\">\r\n    <div class=\"pt10 pr20 pl20 pb10\">\r\n        <div class=\"mt0 mb10 font70 colorgridtext upper-text-trans whitecolor catforcgrid\">Blogs<\/div>\r\n        <h3 class=\"mb30 mt0 font120 lineheight20 colorgridtitle whitecolor\">Conseils de soins de la peau en hiver\u00a0: Dermat conseille d&#8217;\u00e9viter les longues douches chaudes et d&#8217;appliquer des cr\u00e8mes plus riches<\/h3>\r\n        <div class=\"mb15 font90 colorgridtext whitecolor rh_opacity_7  excerptforcgrid\">                                 \r\n             \r\n  Apprenez des conseils simples sur les soins de la peau en hiver pour aider \u00e0 &#8230;                       \r\n        <\/div>\r\n        <i class=\"rhicon rhi-arrow-right whitecolor font130 csstranstrans rh-hovered-rotate position-relative\"><\/i>\r\n    <\/div>                                     \r\n<\/div>\r\n    <div class=\"abdfullwidth rh-fit-cover rh_opacity_3 rh-hovered-scalesmall csstranstrans\">\r\n        <img loading=\"lazy\" decoding=\"async\" src=\"https:\/\/beauteexclusive.com\/wp-content\/themes\/rehub-theme\/images\/default\/blank.gif\" data-src=\"https:\/\/images.healthshots.com\/healthshots\/en\/uploads\/2023\/02\/24110129\/sun-protection-1.jpg\" alt=\"Conseils de soins de la peau en hiver\u00a0: Dermat conseille d&#8217;\u00e9viter les longues douches chaudes et d&#8217;appliquer des cr\u00e8mes plus riches\" data-skip-lazy=\"\" class=\"lazyload \" width=\"9999\" height=\"350\">    <\/div>\r\n<\/div>\t\t\t\t\t  \r\n<div class=\"flowhidden col_item rh-shadow3 rehub-sec-smooth rh-hover-up rehub-main-color-bg css-ani-trigger csstransall position-relative rh-hovered-wrap\">\r\n<a class=\"abdfullwidth zind2\" href=\"https:\/\/beauteexclusive.com\/?p=17181\" title=\"9 signes qui montrent que le smog fait vieillir votre peau plus vite que vous ne le pensez\"><\/a>\r\n<div class=\"rh-borderinside rh-hovered-scale pointernone rh-hovered-scalebig\"><\/div>\r\n<div class=\"padd20 position-relative zind1\">\r\n    <div class=\"pt10 pr20 pl20 pb10\">\r\n        <div class=\"mt0 mb10 font70 colorgridtext upper-text-trans whitecolor catforcgrid\">Blogs<\/div>\r\n        <h3 class=\"mb30 mt0 font120 lineheight20 colorgridtitle whitecolor\">9 signes qui montrent que le smog fait vieillir votre peau plus vite que vous ne le pensez<\/h3>\r\n        <div class=\"mb15 font90 colorgridtext whitecolor rh_opacity_7  excerptforcgrid\">                                 \r\n             \r\n  Remark le smog peut-il faire vieillir votre peau plus rapidement que vous ne le &#8230;                       \r\n        <\/div>\r\n        <i class=\"rhicon rhi-arrow-right whitecolor font130 csstranstrans rh-hovered-rotate position-relative\"><\/i>\r\n    <\/div>                                     \r\n<\/div>\r\n    <div class=\"abdfullwidth rh-fit-cover rh_opacity_3 rh-hovered-scalesmall csstranstrans\">\r\n        <img loading=\"lazy\" decoding=\"async\" src=\"https:\/\/beauteexclusive.com\/wp-content\/themes\/rehub-theme\/images\/default\/blank.gif\" data-src=\"https:\/\/images.healthshots.com\/healthshots\/en\/uploads\/2023\/01\/17071837\/dark-spots.jpg\" alt=\"9 signes qui montrent que le smog fait vieillir votre peau plus vite que vous ne le pensez\" data-skip-lazy=\"\" class=\"lazyload \" width=\"9999\" height=\"350\">    <\/div>\r\n<\/div>\t\t\t\t\t  \r\n<div class=\"flowhidden col_item rh-shadow3 rehub-sec-smooth rh-hover-up rehub-main-color-bg css-ani-trigger csstransall position-relative rh-hovered-wrap\">\r\n<a class=\"abdfullwidth zind2\" href=\"https:\/\/beauteexclusive.com\/?p=17178\" title=\"Remark la air pollution hivernale acc\u00e9l\u00e8re le vieillissement et remark la combattre ?\"><\/a>\r\n<div class=\"rh-borderinside rh-hovered-scale pointernone rh-hovered-scalebig\"><\/div>\r\n<div class=\"padd20 position-relative zind1\">\r\n    <div class=\"pt10 pr20 pl20 pb10\">\r\n        <div class=\"mt0 mb10 font70 colorgridtext upper-text-trans whitecolor catforcgrid\">Blogs<\/div>\r\n        <h3 class=\"mb30 mt0 font120 lineheight20 colorgridtitle whitecolor\">Remark la air pollution hivernale acc\u00e9l\u00e8re le vieillissement et remark la combattre ?<\/h3>\r\n        <div class=\"mb15 font90 colorgridtext whitecolor rh_opacity_7  excerptforcgrid\">                                 \r\n             \r\n  Remark la air pollution hivernale affecte le vieillissement cutan\u00e9 et d\u00e9couvrez les &#8230;                       \r\n        <\/div>\r\n        <i class=\"rhicon rhi-arrow-right whitecolor font130 csstranstrans rh-hovered-rotate position-relative\"><\/i>\r\n    <\/div>                                     \r\n<\/div>\r\n    <div class=\"abdfullwidth rh-fit-cover rh_opacity_3 rh-hovered-scalesmall csstranstrans\">\r\n        <img loading=\"lazy\" decoding=\"async\" src=\"https:\/\/beauteexclusive.com\/wp-content\/themes\/rehub-theme\/images\/default\/blank.gif\" data-src=\"https:\/\/www.healthshots.com\/wp-content\/uploads\/2019\/12\/face-cleanser-1.jpg\" alt=\"Remark la air pollution hivernale acc\u00e9l\u00e8re le vieillissement et remark la combattre ?\" data-skip-lazy=\"\" class=\"lazyload \" width=\"9999\" height=\"350\">    <\/div>\r\n<\/div>\t\t\t\t\t  \r\n<div class=\"flowhidden col_item rh-shadow3 rehub-sec-smooth rh-hover-up rehub-main-color-bg css-ani-trigger csstransall position-relative rh-hovered-wrap\">\r\n<a class=\"abdfullwidth zind2\" href=\"https:\/\/beauteexclusive.com\/?p=17175\" title=\"\u00c9ruption cutan\u00e9e hivernale ou ecz\u00e9ma\u00a0: sympt\u00f4mes, traitements et conseils de soins de la peau\"><\/a>\r\n<div class=\"rh-borderinside rh-hovered-scale pointernone rh-hovered-scalebig\"><\/div>\r\n<div class=\"padd20 position-relative zind1\">\r\n    <div class=\"pt10 pr20 pl20 pb10\">\r\n        <div class=\"mt0 mb10 font70 colorgridtext upper-text-trans whitecolor catforcgrid\">Blogs<\/div>\r\n        <h3 class=\"mb30 mt0 font120 lineheight20 colorgridtitle whitecolor\">\u00c9ruption cutan\u00e9e hivernale ou ecz\u00e9ma\u00a0: sympt\u00f4mes, traitements et conseils de soins de la peau<\/h3>\r\n        <div class=\"mb15 font90 colorgridtext whitecolor rh_opacity_7  excerptforcgrid\">                                 \r\n             \r\n  Remark faire la diff\u00e9rence entre les \u00e9ruptions cutan\u00e9es hivernales et l\u2019ecz\u00e9ma ? &#8230;                       \r\n        <\/div>\r\n        <i class=\"rhicon rhi-arrow-right whitecolor font130 csstranstrans rh-hovered-rotate position-relative\"><\/i>\r\n    <\/div>                                     \r\n<\/div>\r\n    <div class=\"abdfullwidth rh-fit-cover rh_opacity_3 rh-hovered-scalesmall csstranstrans\">\r\n        <img loading=\"lazy\" decoding=\"async\" src=\"https:\/\/beauteexclusive.com\/wp-content\/themes\/rehub-theme\/images\/default\/blank.gif\" data-src=\"https:\/\/images.healthshots.com\/healthshots\/en\/uploads\/2024\/10\/14163646\/red-spots-on-skin.jpg\" alt=\"\u00c9ruption cutan\u00e9e hivernale ou ecz\u00e9ma\u00a0: sympt\u00f4mes, traitements et conseils de soins de la peau\" data-skip-lazy=\"\" class=\"lazyload \" width=\"9999\" height=\"350\">    <\/div>\r\n<\/div>\t\t\t\t\t  \r\n<div class=\"flowhidden col_item rh-shadow3 rehub-sec-smooth rh-hover-up rehub-main-color-bg css-ani-trigger csstransall position-relative rh-hovered-wrap\">\r\n<a class=\"abdfullwidth zind2\" href=\"https:\/\/beauteexclusive.com\/?p=17172\" title=\"Soins d&#8217;hiver : Renforcez votre barri\u00e8re cutan\u00e9e avec des c\u00e9ramides, du squalane et des lipides\"><\/a>\r\n<div class=\"rh-borderinside rh-hovered-scale pointernone rh-hovered-scalebig\"><\/div>\r\n<div class=\"padd20 position-relative zind1\">\r\n    <div class=\"pt10 pr20 pl20 pb10\">\r\n        <div class=\"mt0 mb10 font70 colorgridtext upper-text-trans whitecolor catforcgrid\">Blogs<\/div>\r\n        <h3 class=\"mb30 mt0 font120 lineheight20 colorgridtitle whitecolor\">Soins d&#8217;hiver : Renforcez votre barri\u00e8re cutan\u00e9e avec des c\u00e9ramides, du squalane et des lipides<\/h3>\r\n        <div class=\"mb15 font90 colorgridtext whitecolor rh_opacity_7  excerptforcgrid\">                                 \r\n             \r\n  D\u00e9couvrez les ingr\u00e9dients des soins de la peau d\u2019hiver tels que les lipides, qui &#8230;                       \r\n        <\/div>\r\n        <i class=\"rhicon rhi-arrow-right whitecolor font130 csstranstrans rh-hovered-rotate position-relative\"><\/i>\r\n    <\/div>                                     \r\n<\/div>\r\n    <div class=\"abdfullwidth rh-fit-cover rh_opacity_3 rh-hovered-scalesmall csstranstrans\">\r\n        <img loading=\"lazy\" decoding=\"async\" src=\"https:\/\/beauteexclusive.com\/wp-content\/themes\/rehub-theme\/images\/default\/blank.gif\" data-src=\"https:\/\/images.healthshots.com\/healthshots\/en\/uploads\/2023\/09\/18223643\/squalane.jpg\" alt=\"Soins d&#8217;hiver : Renforcez votre barri\u00e8re cutan\u00e9e avec des c\u00e9ramides, du squalane et des lipides\" data-skip-lazy=\"\" class=\"lazyload \" width=\"9999\" height=\"350\">    <\/div>\r\n<\/div>\t\t\r\n\t\t\r\n\t<\/div>\r\n\t<div class=\"clearfix\"><\/div>\r\n\t\r\n<\/div>\n","protected":false},"excerpt":{"rendered":"","protected":false},"author":1,"featured_media":0,"parent":0,"menu_order":0,"comment_status":"closed","ping_status":"closed","template":"","meta":{"_gspb_post_css":"","footnotes":""},"class_list":["post-1912","page","type-page","status-publish","hentry"],"_links":{"self":[{"href":"https:\/\/beauteexclusive.com\/index.php?rest_route=\/wp\/v2\/pages\/1912","targetHints":{"allow":["GET"]}}],"collection":[{"href":"https:\/\/beauteexclusive.com\/index.php?rest_route=\/wp\/v2\/pages"}],"about":[{"href":"https:\/\/beauteexclusive.com\/index.php?rest_route=\/wp\/v2\/types\/page"}],"author":[{"embeddable":true,"href":"https:\/\/beauteexclusive.com\/index.php?rest_route=\/wp\/v2\/users\/1"}],"replies":[{"embeddable":true,"href":"https:\/\/beauteexclusive.com\/index.php?rest_route=%2Fwp%2Fv2%2Fcomments&post=1912"}],"version-history":[{"count":1,"href":"https:\/\/beauteexclusive.com\/index.php?rest_route=\/wp\/v2\/pages\/1912\/revisions"}],"predecessor-version":[{"id":16985,"href":"https:\/\/beauteexclusive.com\/index.php?rest_route=\/wp\/v2\/pages\/1912\/revisions\/16985"}],"wp:attachment":[{"href":"https:\/\/beauteexclusive.com\/index.php?rest_route=%2Fwp%2Fv2%2Fmedia&parent=1912"}],"curies":[{"name":"wp","href":"https:\/\/api.w.org\/{rel}","templated":true}]}}