{"id":1919,"date":"2020-09-04T15:17:29","date_gmt":"2020-09-04T15:17:29","guid":{"rendered":"https:\/\/demo.allaboutpaki.com\/?page_id=16"},"modified":"2025-02-11T17:07:53","modified_gmt":"2025-02-11T17:07:53","slug":"privacy-policy-2","status":"publish","type":"page","link":"https:\/\/beauteexclusive.com\/?page_id=1919","title":{"rendered":"Politique de confidentialit\u00e9"},"content":{"rendered":"\t\t<div data-elementor-type=\"wp-page\" data-elementor-id=\"1919\" class=\"elementor elementor-1919\" data-elementor-post-type=\"page\">\n\t\t\t\t<div class=\"elementor-element elementor-element-33346df0 e-flex e-con-boxed e-con e-parent\" data-id=\"33346df0\" data-element_type=\"container\" data-e-type=\"container\">\n\t\t\t\t\t<div class=\"e-con-inner\">\n\t\t\t\t<div class=\"elementor-element elementor-element-25a9f905 elementor-widget elementor-widget-text-editor\" data-id=\"25a9f905\" data-element_type=\"widget\" data-e-type=\"widget\" data-widget_type=\"text-editor.default\">\n\t\t\t\t<div class=\"elementor-widget-container\">\n\t\t\t\t\t\t\t\t\t\n<p>Chez Amazononlineshop, accessible depuis le site, l&#8217;une de nos principales priorit\u00e9s est la protection de la vie priv\u00e9e de nos visiteurs. Le pr\u00e9sent document sur la politique de confidentialit\u00e9 contient les types d&#8217;informations collect\u00e9es et enregistr\u00e9es par Amazononlineshop et la mani\u00e8re dont nous les utilisons.<\/p>\n<p>Si vous avez des questions suppl\u00e9mentaires ou si vous souhaitez obtenir plus d&#8217;informations sur notre politique de confidentialit\u00e9, n&#8217;h\u00e9sitez pas \u00e0 nous contacter.<\/p>\n<p>Cette politique de confidentialit\u00e9 ne s&#8217;applique qu&#8217;\u00e0 nos activit\u00e9s en ligne et est valable pour les visiteurs de notre site web en ce qui concerne les informations qu&#8217;ils partagent et\/ou collectent sur Amazononlineshop. Cette politique ne s&#8217;applique pas aux informations collect\u00e9es hors ligne ou via d&#8217;autres canaux que ce site web.<\/p>\n<p>Consentement<\/p>\n<p>En utilisant notre site web, vous consentez par la pr\u00e9sente \u00e0 notre politique de confidentialit\u00e9 et en acceptez les termes.<\/p>\n<p>Informations collect\u00e9es<\/p>\n<p>Les informations personnelles qui vous sont demand\u00e9es, et les raisons pour lesquelles elles vous sont demand\u00e9es, vous seront pr\u00e9cis\u00e9es au moment o\u00f9 nous vous demanderons de fournir vos informations personnelles.<\/p>\n<p>Si vous nous contactez directement, nous pouvons recevoir des informations suppl\u00e9mentaires vous concernant, telles que votre nom, votre adresse \u00e9lectronique, votre num\u00e9ro de t\u00e9l\u00e9phone, le contenu du message et\/ou des pi\u00e8ces jointes que vous pouvez nous envoyer, ainsi que toute autre information que vous pouvez choisir de fournir.<\/p>\n<p>Lorsque vous vous inscrivez pour ouvrir un compte, nous pouvons vous demander vos coordonn\u00e9es, notamment votre nom, le nom de votre soci\u00e9t\u00e9, votre adresse, votre adresse \u00e9lectronique et votre num\u00e9ro de t\u00e9l\u00e9phone.<\/p>\n<p>Comment nous utilisons vos informations<\/p>\n<p>Nous utilisons les informations que nous recueillons de diverses mani\u00e8res, notamment pour :<\/p>\n<p>fournir, exploiter et maintenir notre site web<br \/>Am\u00e9liorer, personnaliser et d\u00e9velopper notre site web<br \/>comprendre et analyser la mani\u00e8re dont vous utilisez notre site web<br \/>d\u00e9velopper de nouveaux produits, services, caract\u00e9ristiques et fonctionnalit\u00e9s<br \/>communiquer avec vous, soit directement, soit par l&#8217;interm\u00e9diaire de l&#8217;un de nos partenaires, notamment pour le service \u00e0 la client\u00e8le, pour vous fournir des mises \u00e0 jour et d&#8217;autres informations relatives au site web, ainsi qu&#8217;\u00e0 des fins de marketing et de promotion<br \/>vous envoyer des courriels<br \/>rechercher et pr\u00e9venir les fraudes.<br \/>Fichiers journaux<\/p>\n<p>Amazononlineshop suit une proc\u00e9dure standard d&#8217;utilisation de fichiers journaux. Ces fichiers enregistrent les visiteurs lorsqu&#8217;ils visitent les sites web. Toutes les soci\u00e9t\u00e9s d&#8217;h\u00e9bergement le font et cela fait partie de l&#8217;analyse des services d&#8217;h\u00e9bergement. Les informations collect\u00e9es par les fichiers journaux comprennent les adresses IP (Internet Protocol), le type de navigateur, le fournisseur d&#8217;acc\u00e8s \u00e0 Internet (FAI), la date et l&#8217;heure, les pages de renvoi et de sortie, et \u00e9ventuellement le nombre de clics. Ces donn\u00e9es ne sont pas li\u00e9es \u00e0 des informations personnellement identifiables. L&#8217;objectif de ces informations est d&#8217;analyser les tendances, d&#8217;administrer le site, de suivre les mouvements des utilisateurs sur le site et de recueillir des informations d\u00e9mographiques.<\/p>\n<p>Nos partenaires publicitaires<\/p>\n<p>Certains annonceurs pr\u00e9sents sur notre site peuvent utiliser des cookies et des balises web. Nos partenaires publicitaires sont \u00e9num\u00e9r\u00e9s ci-dessous. Chacun de nos partenaires publicitaires dispose de sa propre politique de confidentialit\u00e9 concernant les donn\u00e9es des utilisateurs. Pour faciliter l&#8217;acc\u00e8s, nous avons cr\u00e9\u00e9 un lien hypertexte vers leurs politiques de confidentialit\u00e9 ci-dessous.<\/p>\n<p>Googlehttps:\/\/policies.google.com\/technologies\/ads<br \/>Politiques de confidentialit\u00e9 des partenaires publicitaires<\/p>\n<p>Vous pouvez consulter cette liste pour trouver la politique de confidentialit\u00e9 de chacun des partenaires publicitaires d&#8217;Amazononlineshop.<\/p>\n<p>Les serveurs publicitaires tiers ou les r\u00e9seaux publicitaires utilisent des technologies telles que les cookies, le JavaScript ou les balises Web qui sont utilis\u00e9es dans leurs publicit\u00e9s et liens respectifs qui apparaissent sur Amazononlineshop et qui sont envoy\u00e9s directement au navigateur de l&#8217;utilisateur. Ils re\u00e7oivent automatiquement votre adresse IP lorsque cela se produit. Ces technologies sont utilis\u00e9es pour mesurer l&#8217;efficacit\u00e9 de leurs campagnes publicitaires et\/ou pour personnaliser le contenu publicitaire que vous voyez sur les sites web que vous visitez.<\/p>\n<p>Amazononlineshop n&#8217;a aucun acc\u00e8s ni contr\u00f4le sur ces cookies utilis\u00e9s par des annonceurs tiers.<\/p>\n<p>Politiques de confidentialit\u00e9 des tiers<\/p>\n<p>La politique de confidentialit\u00e9 d&#8217;Amazononlineshop ne s&#8217;applique pas aux autres annonceurs ou sites web. Nous vous conseillons donc de consulter les politiques de confidentialit\u00e9 respectives de ces serveurs publicitaires tiers pour obtenir des informations plus d\u00e9taill\u00e9es. Cela peut inclure leurs pratiques et des instructions sur la fa\u00e7on de refuser certaines options.<\/p>\n<p>Vous pouvez choisir de d\u00e9sactiver les cookies par le biais des options de votre navigateur. Pour obtenir des informations plus d\u00e9taill\u00e9es sur la gestion des cookies avec des navigateurs web sp\u00e9cifiques, vous pouvez consulter les sites web respectifs de ces navigateurs.<\/p>\n<p>Droits \u00e0 la protection de la vie priv\u00e9e en vertu de la loi sur la protection des donn\u00e9es (Ne pas vendre mes informations personnelles)<\/p>\n<p>En vertu de la CCPA, les consommateurs californiens ont, entre autres, le droit de :<\/p>\n<p>de demander \u00e0 une entreprise qui collecte les donn\u00e9es personnelles d&#8217;un consommateur de divulguer les cat\u00e9gories et les \u00e9l\u00e9ments sp\u00e9cifiques des donn\u00e9es personnelles qu&#8217;elle a collect\u00e9es sur les consommateurs.<\/p>\n<p>de demander \u00e0 une entreprise de supprimer toutes les donn\u00e9es \u00e0 caract\u00e8re personnel qu&#8217;elle a collect\u00e9es sur le consommateur<\/p>\n<p>[&#8230;]<\/p>\n<p>[&#8230;] [&#8230;]<\/p>\n<p>[&#8230;]<\/p>\n<p>[&#8230;] [&#8230;]<\/p>\n<p>[&#8230;]<\/p>\n\t\t\t\t\t\t\t\t<\/div>\n\t\t\t\t<\/div>\n\t\t\t\t\t<\/div>\n\t\t\t\t<\/div>\n\t\t\t\t<\/div>\n\t\t","protected":false},"excerpt":{"rendered":"<p>Chez Amazononlineshop, accessible depuis le site, l&#8217;une de nos principales priorit\u00e9s est la protection de la vie priv\u00e9e de nos visiteurs. Le pr\u00e9sent document sur la politique de confidentialit\u00e9 contient les types d&#8217;informations collect\u00e9es et enregistr\u00e9es par Amazononlineshop et la mani\u00e8re dont nous les utilisons. Si vous avez des questions suppl\u00e9mentaires ou si vous souhaitez [&hellip;]<\/p>\n","protected":false},"author":1,"featured_media":0,"parent":0,"menu_order":0,"comment_status":"closed","ping_status":"closed","template":"","meta":{"_gspb_post_css":"","footnotes":""},"class_list":["post-1919","page","type-page","status-publish","hentry"],"_links":{"self":[{"href":"https:\/\/beauteexclusive.com\/index.php?rest_route=\/wp\/v2\/pages\/1919","targetHints":{"allow":["GET"]}}],"collection":[{"href":"https:\/\/beauteexclusive.com\/index.php?rest_route=\/wp\/v2\/pages"}],"about":[{"href":"https:\/\/beauteexclusive.com\/index.php?rest_route=\/wp\/v2\/types\/page"}],"author":[{"embeddable":true,"href":"https:\/\/beauteexclusive.com\/index.php?rest_route=\/wp\/v2\/users\/1"}],"replies":[{"embeddable":true,"href":"https:\/\/beauteexclusive.com\/index.php?rest_route=%2Fwp%2Fv2%2Fcomments&post=1919"}],"version-history":[{"count":4,"href":"https:\/\/beauteexclusive.com\/index.php?rest_route=\/wp\/v2\/pages\/1919\/revisions"}],"predecessor-version":[{"id":14738,"href":"https:\/\/beauteexclusive.com\/index.php?rest_route=\/wp\/v2\/pages\/1919\/revisions\/14738"}],"wp:attachment":[{"href":"https:\/\/beauteexclusive.com\/index.php?rest_route=%2Fwp%2Fv2%2Fmedia&parent=1919"}],"curies":[{"name":"wp","href":"https:\/\/api.w.org\/{rel}","templated":true}]}}