{"id":14716,"date":"2025-02-11T17:02:17","date_gmt":"2025-02-11T17:02:17","guid":{"rendered":"https:\/\/beauteexclusive.com\/?product=nivea-lotion-pour-le-corps-floral-love"},"modified":"2025-02-11T17:02:17","modified_gmt":"2025-02-11T17:02:17","slug":"nivea-lotion-pour-le-corps-floral-love","status":"publish","type":"product","link":"https:\/\/beauteexclusive.com\/?product=nivea-lotion-pour-le-corps-floral-love","title":{"rendered":"NIVEA Lotion pour le corps Floral Love"},"content":{"rendered":"<p><br \/>\nPrice: <span style=\"color:#b12704\">3,72\u20ac<\/span><br \/><i><small>(as of Feb 11, 2025 17:02:17 UTC &#8211; <span class=\"wp_automatic_amazon_disclaimer\" title=\"Product prices and availability are accurate as of the date\/time indicated and are subject to change. Any price and availability information displayed on [relevant Amazon Site(s), as applicable] at the time of purchase will apply to the purchase of this product.\">Details<\/span>)<\/small><\/i><\/p>\n<p><a href=\"https:\/\/amazon.fr\/dp\/B0CYXV7SFH?tag=topdeals0945-21\"><img decoding=\"async\" src=\"https:\/\/valvepress.s3.amazonaws.com\/imgs\/buy_now.png\"><\/a><br \/>\n<br \/>\n <span>Laissez-vous envo\u00fbter par le parfum des fleurs orientales. La lotion pour le corps NIVEA au parfum apaisant de vanille orientale et de p\u00e9tales de rose hydrate intens\u00e9ment pendant 48 heures et assure une peau visiblement souple et \u00e9clatante. La formule non grasse et \u00e0 absorption rapide laisse la peau douce et soign\u00e9e. Pour un effet que vous pouvez non seulement ressentir mais aussi voir : NIVEA Floral Lotion pour le corps.<\/span>  <br \/> Dimensions du produit (L x l x h)                                    \u200f                                         :                                    \u200e                                 6,3 x 4 x 19,4 cm; 250 grammes <br \/> Fabricant                                    \u200f                                         :                                    \u200e                                 Beiersdorf <br \/> ASIN                                    \u200f                                         :                                    \u200e                                 B0CYXV7SFH <br \/> Pays d&#8217;origine                                    \u200f                                         :                                    \u200e                                 Espagne <\/p>\n<p>Laissez-vous envo\u00fbter par le parfum des fleurs orientales et hydrater intens\u00e9ment votre peau pendant 48 heures : lotion pour le corps NIVEA florale Lotion 250 ml.<\/p>\n\n","protected":false},"excerpt":{"rendered":"<p> Laissez-vous envo\u00fbter par le parfum des fleurs orientales. La lotion pour le corps NIVEA au parfum apaisant de vanille orientale et de p\u00e9tales de rose hydrate intens\u00e9ment pendant 48 heures et assure une peau visiblement souple et \u00e9clatante. La formule non grasse et \u00e0 absorption rapide laisse la peau douce [&hellip;]<\/p>\n","protected":false},"featured_media":14717,"comment_status":"open","ping_status":"closed","template":"","meta":{"_gspb_post_css":""},"store":[],"product_brand":[],"product_cat":[22],"product_tag":[16],"class_list":{"0":"post-14716","1":"product","2":"type-product","3":"status-publish","4":"has-post-thumbnail","6":"product_cat-body-lotions","7":"product_tag-makeup","9":"first","10":"instock","11":"shipping-taxable","12":"product-type-external"},"_links":{"self":[{"href":"https:\/\/beauteexclusive.com\/index.php?rest_route=\/wp\/v2\/product\/14716","targetHints":{"allow":["GET"]}}],"collection":[{"href":"https:\/\/beauteexclusive.com\/index.php?rest_route=\/wp\/v2\/product"}],"about":[{"href":"https:\/\/beauteexclusive.com\/index.php?rest_route=\/wp\/v2\/types\/product"}],"replies":[{"embeddable":true,"href":"https:\/\/beauteexclusive.com\/index.php?rest_route=%2Fwp%2Fv2%2Fcomments&post=14716"}],"wp:featuredmedia":[{"embeddable":true,"href":"https:\/\/beauteexclusive.com\/index.php?rest_route=\/wp\/v2\/media\/14717"}],"wp:attachment":[{"href":"https:\/\/beauteexclusive.com\/index.php?rest_route=%2Fwp%2Fv2%2Fmedia&parent=14716"}],"wp:term":[{"taxonomy":"store","embeddable":true,"href":"https:\/\/beauteexclusive.com\/index.php?rest_route=%2Fwp%2Fv2%2Fstore&post=14716"},{"taxonomy":"product_brand","embeddable":true,"href":"https:\/\/beauteexclusive.com\/index.php?rest_route=%2Fwp%2Fv2%2Fproduct_brand&post=14716"},{"taxonomy":"product_cat","embeddable":true,"href":"https:\/\/beauteexclusive.com\/index.php?rest_route=%2Fwp%2Fv2%2Fproduct_cat&post=14716"},{"taxonomy":"product_tag","embeddable":true,"href":"https:\/\/beauteexclusive.com\/index.php?rest_route=%2Fwp%2Fv2%2Fproduct_tag&post=14716"}],"curies":[{"name":"wp","href":"https:\/\/api.w.org\/{rel}","templated":true}]}}