{"id":14720,"date":"2025-02-11T17:04:21","date_gmt":"2025-02-11T17:04:21","guid":{"rendered":"https:\/\/beauteexclusive.com\/?product=beurre-corporel-adoucissant-fraise-50-ml"},"modified":"2025-02-11T17:04:21","modified_gmt":"2025-02-11T17:04:21","slug":"beurre-corporel-adoucissant-fraise-50-ml","status":"publish","type":"product","link":"https:\/\/beauteexclusive.com\/?product=beurre-corporel-adoucissant-fraise-50-ml","title":{"rendered":"Beurre corporel adoucissant Fraise (50 ml)"},"content":{"rendered":"<p><br \/>\nPrice: <span style=\"color:#b12704\">8,20\u20ac<\/span><br \/><i><small>(as of Feb 11, 2025 17:04:21 UTC &#8211; <span class=\"wp_automatic_amazon_disclaimer\" title=\"Product prices and availability are accurate as of the date\/time indicated and are subject to change. Any price and availability information displayed on [relevant Amazon Site(s), as applicable] at the time of purchase will apply to the purchase of this product.\">Details<\/span>)<\/small><\/i><\/p>\n<p><a href=\"https:\/\/amazon.fr\/dp\/B00E4L6B18?tag=topdeals0945-21\"><img decoding=\"async\" src=\"https:\/\/valvepress.s3.amazonaws.com\/imgs\/buy_now.png\"><\/a><br \/>\n<br \/>\n <span>Notre beurre corporel d\u00e9licieusement fruit\u00e9 fondra sur votre peau, pour une exp\u00e9rience intens\u00e9ment hydratante. R\u00e9v\u00e9lez une peau plus soyeuse et parfum\u00e9e \u00e0 la fraise apr\u00e8s chaque utilisation. Le beurre corporel nourrit la peau pour les peaux s\u00e8ches, laisse une sensation plus douce et plus souple. Facile \u00e0 absorber, parfum de fraise sucr\u00e9e, huile de graines de fraise press\u00e9e \u00e0 froid.<\/span>  <br \/> Production interrompue par le fabricant                                    \u200f                                         :                                    \u200e                                 Non <br \/> Dimensions du produit (L x l x h)                                    \u200f                                         :                                    \u200e                                 7,19 x 7,19 x 2,9 cm; 50 grammes <br \/> Fabricant                                    \u200f                                         :                                    \u200e                                 BODY SHOP <br \/> ASIN                                    \u200f                                         :                                    \u200e                                 B00E4L6B18 <br \/> Num\u00e9ro du mod\u00e8le de l&#8217;article                                    \u200f                                         :                                    \u200e                                 1044913 <br \/> Pays d&#8217;origine                                    \u200f                                         :                                    \u200e                                 Allemagne <\/p>\n<p>The Body Shop Beurre corporel \u00e0 la fraise 50 ml<br \/>Type de produit : HYDRATANT POUR LA PEAU<br \/>Marque : Body Shop<br \/>Taille : 50 millilitres. Paquet de 1<\/p>\n\n","protected":false},"excerpt":{"rendered":"<p> Notre beurre corporel d\u00e9licieusement fruit\u00e9 fondra sur votre peau, pour une exp\u00e9rience intens\u00e9ment hydratante. R\u00e9v\u00e9lez une peau plus soyeuse et parfum\u00e9e \u00e0 la fraise apr\u00e8s chaque utilisation. Le beurre corporel nourrit la peau pour les peaux s\u00e8ches, laisse une sensation plus douce et plus souple. Facile \u00e0 absorber, parfum de [&hellip;]<\/p>\n","protected":false},"featured_media":14721,"comment_status":"open","ping_status":"closed","template":"","meta":{"_gspb_post_css":""},"store":[],"product_brand":[],"product_cat":[20],"product_tag":[16],"class_list":{"0":"post-14720","1":"product","2":"type-product","3":"status-publish","4":"has-post-thumbnail","6":"product_cat-body-butters","7":"product_tag-makeup","9":"first","10":"instock","11":"shipping-taxable","12":"product-type-external"},"_links":{"self":[{"href":"https:\/\/beauteexclusive.com\/index.php?rest_route=\/wp\/v2\/product\/14720","targetHints":{"allow":["GET"]}}],"collection":[{"href":"https:\/\/beauteexclusive.com\/index.php?rest_route=\/wp\/v2\/product"}],"about":[{"href":"https:\/\/beauteexclusive.com\/index.php?rest_route=\/wp\/v2\/types\/product"}],"replies":[{"embeddable":true,"href":"https:\/\/beauteexclusive.com\/index.php?rest_route=%2Fwp%2Fv2%2Fcomments&post=14720"}],"wp:featuredmedia":[{"embeddable":true,"href":"https:\/\/beauteexclusive.com\/index.php?rest_route=\/wp\/v2\/media\/14721"}],"wp:attachment":[{"href":"https:\/\/beauteexclusive.com\/index.php?rest_route=%2Fwp%2Fv2%2Fmedia&parent=14720"}],"wp:term":[{"taxonomy":"store","embeddable":true,"href":"https:\/\/beauteexclusive.com\/index.php?rest_route=%2Fwp%2Fv2%2Fstore&post=14720"},{"taxonomy":"product_brand","embeddable":true,"href":"https:\/\/beauteexclusive.com\/index.php?rest_route=%2Fwp%2Fv2%2Fproduct_brand&post=14720"},{"taxonomy":"product_cat","embeddable":true,"href":"https:\/\/beauteexclusive.com\/index.php?rest_route=%2Fwp%2Fv2%2Fproduct_cat&post=14720"},{"taxonomy":"product_tag","embeddable":true,"href":"https:\/\/beauteexclusive.com\/index.php?rest_route=%2Fwp%2Fv2%2Fproduct_tag&post=14720"}],"curies":[{"name":"wp","href":"https:\/\/api.w.org\/{rel}","templated":true}]}}