{"id":14845,"date":"2025-02-11T21:21:58","date_gmt":"2025-02-11T21:21:58","guid":{"rendered":"https:\/\/beauteexclusive.com\/?product=nivea-beurre-corporel-nourrissant-cocoa-butter-250-ml"},"modified":"2025-02-11T21:21:58","modified_gmt":"2025-02-11T21:21:58","slug":"nivea-beurre-corporel-nourrissant-cocoa-butter-250-ml","status":"publish","type":"product","link":"https:\/\/beauteexclusive.com\/?product=nivea-beurre-corporel-nourrissant-cocoa-butter-250-ml","title":{"rendered":"NIVEA Beurre corporel nourrissant &#8211; Cocoa butter, 250 ml"},"content":{"rendered":"<p><br \/>\nPrice: <span style=\"color:#b12704\">12,58\u20ac<\/span><br \/><i><small>(as of Feb 11, 2025 21:21:58 UTC &#8211; <span class=\"wp_automatic_amazon_disclaimer\" title=\"Product prices and availability are accurate as of the date\/time indicated and are subject to change. Any price and availability information displayed on [relevant Amazon Site(s), as applicable] at the time of purchase will apply to the purchase of this product.\">Details<\/span>)<\/small><\/i><\/p>\n<p><a href=\"https:\/\/amazon.fr\/dp\/B07YLZ22B8?tag=topdeals0945-21\"><img decoding=\"async\" src=\"https:\/\/valvepress.s3.amazonaws.com\/imgs\/buy_now.png\"><\/a><br \/>\n<br \/>\n <span>NIVEA Le beurre corporel nourrissant donne une sensation de douceur, laisse la peau l\u00e9g\u00e8rement parfum\u00e9e et hydrat\u00e9e en profondeur pendant 48 heures &#8211; apr\u00e8s la premi\u00e8re application. Pas de sensation collante. Le s\u00e9rum hydratant en profondeur fournit une hydratation intense encapsul\u00e9e dans une formule riche pour une peau sensiblement plus lisse. Le produit a \u00e9t\u00e9 test\u00e9 sous contr\u00f4le dermatologique. Comment obtenir le meilleur effet de soin? \u00c0 utiliser pour les soins quotidiens du corps entier. La peau apr\u00e8s application est douce et agr\u00e9able au toucher. Il est parfait pour les peaux s\u00e8ches et s\u00e8ches. D\u00e9couvrez le beurre de cacao nourrissant pour le corps qui procure une sensation de douceur, laisse la peau doucement parfum\u00e9e et profond\u00e9ment hydrat\u00e9e pendant 48 heures!<\/span>  <br \/> Dimensions du produit (L x l x h)                                    \u200f                                         :                                    \u200e                                 8,7 x 8,7 x 6,9 cm; 280 grammes <br \/> Fabricant                                    \u200f                                         :                                    \u200e                                 BEIERSDORF A.G. <br \/> ASIN                                    \u200f                                         :                                    \u200e                                 B07YLZ22B8 <br \/> Num\u00e9ro du mod\u00e8le de l&#8217;article                                    \u200f                                         :                                    \u200e                                 88284-04700-37 <br \/> Pays d&#8217;origine                                    \u200f                                         :                                    \u200e                                 Allemagne <\/p>\n<p>Fournit une sensation de confort et de douceur<br \/>Laisse la peau l\u00e9g\u00e8rement parfum\u00e9e au beurre de cacao<br \/>La peau est douce et agr\u00e9able au toucher<br \/>Nourrit profond\u00e9ment et hydrate intens\u00e9ment pendant 48h<br \/>Ne laisse aucun sentiment collant<\/p>\n\n","protected":false},"excerpt":{"rendered":"<p> NIVEA Le beurre corporel nourrissant donne une sensation de douceur, laisse la peau l\u00e9g\u00e8rement parfum\u00e9e et hydrat\u00e9e en profondeur pendant 48 heures &#8211; apr\u00e8s la premi\u00e8re application. Pas de sensation collante. Le s\u00e9rum hydratant en profondeur fournit une hydratation intense encapsul\u00e9e dans une formule riche pour une peau sensiblement plus [&hellip;]<\/p>\n","protected":false},"featured_media":14846,"comment_status":"open","ping_status":"closed","template":"","meta":{"_gspb_post_css":""},"store":[],"product_brand":[],"product_cat":[20],"product_tag":[16],"class_list":{"0":"post-14845","1":"product","2":"type-product","3":"status-publish","4":"has-post-thumbnail","6":"product_cat-body-butters","7":"product_tag-makeup","9":"first","10":"instock","11":"shipping-taxable","12":"product-type-external"},"_links":{"self":[{"href":"https:\/\/beauteexclusive.com\/index.php?rest_route=\/wp\/v2\/product\/14845","targetHints":{"allow":["GET"]}}],"collection":[{"href":"https:\/\/beauteexclusive.com\/index.php?rest_route=\/wp\/v2\/product"}],"about":[{"href":"https:\/\/beauteexclusive.com\/index.php?rest_route=\/wp\/v2\/types\/product"}],"replies":[{"embeddable":true,"href":"https:\/\/beauteexclusive.com\/index.php?rest_route=%2Fwp%2Fv2%2Fcomments&post=14845"}],"wp:featuredmedia":[{"embeddable":true,"href":"https:\/\/beauteexclusive.com\/index.php?rest_route=\/wp\/v2\/media\/14846"}],"wp:attachment":[{"href":"https:\/\/beauteexclusive.com\/index.php?rest_route=%2Fwp%2Fv2%2Fmedia&parent=14845"}],"wp:term":[{"taxonomy":"store","embeddable":true,"href":"https:\/\/beauteexclusive.com\/index.php?rest_route=%2Fwp%2Fv2%2Fstore&post=14845"},{"taxonomy":"product_brand","embeddable":true,"href":"https:\/\/beauteexclusive.com\/index.php?rest_route=%2Fwp%2Fv2%2Fproduct_brand&post=14845"},{"taxonomy":"product_cat","embeddable":true,"href":"https:\/\/beauteexclusive.com\/index.php?rest_route=%2Fwp%2Fv2%2Fproduct_cat&post=14845"},{"taxonomy":"product_tag","embeddable":true,"href":"https:\/\/beauteexclusive.com\/index.php?rest_route=%2Fwp%2Fv2%2Fproduct_tag&post=14845"}],"curies":[{"name":"wp","href":"https:\/\/api.w.org\/{rel}","templated":true}]}}