{"id":14847,"date":"2025-02-11T21:23:57","date_gmt":"2025-02-11T21:23:57","guid":{"rendered":"https:\/\/beauteexclusive.com\/?product=essence-primer-wonder-full-5-en-1-10-light-medium"},"modified":"2025-02-11T21:23:57","modified_gmt":"2025-02-11T21:23:57","slug":"essence-primer-wonder-full-5-en-1-10-light-medium","status":"publish","type":"product","link":"https:\/\/beauteexclusive.com\/?product=essence-primer-wonder-full-5-en-1-10-light-medium","title":{"rendered":"Essence &#8211; Primer Wonder Full 5-en-1-10 Light Medium"},"content":{"rendered":"<p><br \/>\nPrice: <span style=\"color:#b12704\">4,49\u20ac<\/span><br \/><i><small>(as of Feb 11, 2025 21:23:57 UTC &#8211; <span class=\"wp_automatic_amazon_disclaimer\" title=\"Product prices and availability are accurate as of the date\/time indicated and are subject to change. Any price and availability information displayed on [relevant Amazon Site(s), as applicable] at the time of purchase will apply to the purchase of this product.\">Details<\/span>)<\/small><\/i><\/p>\n<p><a href=\"https:\/\/amazon.fr\/dp\/B0D6NF7DNY?tag=topdeals0945-21\"><img decoding=\"async\" src=\"https:\/\/valvepress.s3.amazonaws.com\/imgs\/buy_now.png\"><\/a><br \/>\n<br \/>\n <span>Pr\u00e9parez votre visage \u00e0 votre fond de teint pr\u00e9f\u00e9r\u00e9 gr\u00e2ce au primer essence WONDER FULL PRIMER 5 IN 1 teint clair \u00e0 medium. Sa nuance beige translucide est impeccable pour les teints clairs \u00e0 medium. Il donne \u00e9galement \u00e0 votre peau un aspect bonne mine. Et il la prot\u00e8ge gr\u00e2ce \u00e0 un SPF 30. Sa formule lisse contribue \u00e0 r\u00e9duire les imperfections. Pour un teint mat \u00e0 l\u2019aspect airbrush. Tous les pores et les ridules s\u2019estompent. Le primer id\u00e9al pour tous les fonds de teint.<\/span>  <br \/> Fabricant                                    \u200f                                         :                                    \u200e                                 Essence <br \/> ASIN                                    \u200f                                         :                                    \u200e                                 B0D6NF7DNY <br \/> Num\u00e9ro du mod\u00e8le de l&#8217;article                                    \u200f                                         :                                    \u200e                                 4059729491145 <br \/> Pays d&#8217;origine                                    \u200f                                         :                                    \u200e                                 R\u00e9publique tch\u00e8que <\/p>\n<p>D\u00e9couvrez la base Wonder Full 5-en-1 d&#8217;Essence, le secret d&#8217;un teint parfait. Avec SPF 30, cette base r\u00e9duit l&#8217;apparence des pores et des rides tout en offrant un fini mat impeccable. Vegan, sans huile, gluten ni parab\u00e8nes, c&#8217;est l&#8217;alli\u00e9e id\u00e9ale pour une peau \u00e9clatante et prot\u00e9g\u00e9e.<\/p>\n\n","protected":false},"excerpt":{"rendered":"<p> Pr\u00e9parez votre visage \u00e0 votre fond de teint pr\u00e9f\u00e9r\u00e9 gr\u00e2ce au primer essence WONDER FULL PRIMER 5 IN 1 teint clair \u00e0 medium. Sa nuance beige translucide est impeccable pour les teints clairs \u00e0 medium. Il donne \u00e9galement \u00e0 votre peau un aspect bonne mine. Et il la prot\u00e8ge gr\u00e2ce [&hellip;]<\/p>\n","protected":false},"featured_media":14848,"comment_status":"open","ping_status":"closed","template":"","meta":{"_gspb_post_css":""},"store":[],"product_brand":[],"product_cat":[15],"product_tag":[16],"class_list":{"0":"post-14847","1":"product","2":"type-product","3":"status-publish","4":"has-post-thumbnail","6":"product_cat-makeup","7":"product_tag-makeup","9":"first","10":"instock","11":"shipping-taxable","12":"product-type-external"},"_links":{"self":[{"href":"https:\/\/beauteexclusive.com\/index.php?rest_route=\/wp\/v2\/product\/14847","targetHints":{"allow":["GET"]}}],"collection":[{"href":"https:\/\/beauteexclusive.com\/index.php?rest_route=\/wp\/v2\/product"}],"about":[{"href":"https:\/\/beauteexclusive.com\/index.php?rest_route=\/wp\/v2\/types\/product"}],"replies":[{"embeddable":true,"href":"https:\/\/beauteexclusive.com\/index.php?rest_route=%2Fwp%2Fv2%2Fcomments&post=14847"}],"wp:featuredmedia":[{"embeddable":true,"href":"https:\/\/beauteexclusive.com\/index.php?rest_route=\/wp\/v2\/media\/14848"}],"wp:attachment":[{"href":"https:\/\/beauteexclusive.com\/index.php?rest_route=%2Fwp%2Fv2%2Fmedia&parent=14847"}],"wp:term":[{"taxonomy":"store","embeddable":true,"href":"https:\/\/beauteexclusive.com\/index.php?rest_route=%2Fwp%2Fv2%2Fstore&post=14847"},{"taxonomy":"product_brand","embeddable":true,"href":"https:\/\/beauteexclusive.com\/index.php?rest_route=%2Fwp%2Fv2%2Fproduct_brand&post=14847"},{"taxonomy":"product_cat","embeddable":true,"href":"https:\/\/beauteexclusive.com\/index.php?rest_route=%2Fwp%2Fv2%2Fproduct_cat&post=14847"},{"taxonomy":"product_tag","embeddable":true,"href":"https:\/\/beauteexclusive.com\/index.php?rest_route=%2Fwp%2Fv2%2Fproduct_tag&post=14847"}],"curies":[{"name":"wp","href":"https:\/\/api.w.org\/{rel}","templated":true}]}}