{"id":14915,"date":"2025-02-12T07:37:38","date_gmt":"2025-02-12T07:37:38","guid":{"rendered":"https:\/\/beauteexclusive.com\/?product=beurre-corporel-50ml-framboise-vanille"},"modified":"2025-02-12T07:37:38","modified_gmt":"2025-02-12T07:37:38","slug":"beurre-corporel-50ml-framboise-vanille","status":"publish","type":"product","link":"https:\/\/beauteexclusive.com\/?product=beurre-corporel-50ml-framboise-vanille","title":{"rendered":"Beurre Corporel 50ml (Framboise vanille)"},"content":{"rendered":"<p><br \/>\nPrice: <span style=\"color:#b12704\">8,95\u20ac<\/span><br \/><i><small>(as of Feb 12, 2025 07:37:38 UTC &#8211; <span class=\"wp_automatic_amazon_disclaimer\" title=\"Product prices and availability are accurate as of the date\/time indicated and are subject to change. Any price and availability information displayed on [relevant Amazon Site(s), as applicable] at the time of purchase will apply to the purchase of this product.\">Details<\/span>)<\/small><\/i><\/p>\n<p><a href=\"https:\/\/amazon.fr\/dp\/B0D22KL6FV?tag=topdeals0945-21\"><img decoding=\"async\" src=\"https:\/\/valvepress.s3.amazonaws.com\/imgs\/buy_now.png\"><\/a><br \/>\n<br \/>\n <span>Nos beurres corporels vous aideront \u00e0 garder une peau douce et hydrat\u00e9e toute la journ\u00e9e. Ils ont la consistance d&#8217;une cr\u00e8me \u00e9paisse qui fond au contact de votre peau pour \u00eatre rapidement absorb\u00e9e apr\u00e8s application. Nos beurres corporels sont garantis sans conservateurs. &#8211; Vegan &#8211; Apaise la peau s\u00e8che &#8211; Offre 48 heures d&#8217;hydratation intense &#8211; Non gras, nourrit la peau &#8211; Id\u00e9al pour r\u00e9duire les rides, les vergetures et les cicatrices &#8211; Apaise les affections dermatologiques comme l&#8217;ecz\u00e9ma &#8211; Tr\u00e8s bon d\u00e9maquillant naturel, \u00e0 utiliser avec un coton &#8211; Peut \u00e9galement \u00eatre utilis\u00e9 sur les cheveux, le visage, et le corps.<\/span>  <br \/> Date de mise en ligne sur Amazon.fr                                    \u200f                                         :                                    \u200e                                 26 mars 2024 <br \/> ASIN                                    \u200f                                         :                                    \u200e                                 B0D22KL6FV <br \/> Pays d&#8217;origine                                    \u200f                                         :                                    \u200e                                 France <\/p>\n<p>\u00c0 conserver \u00e0 l&#8217;abri du soleil et de la chaleur.<br \/>INGR\u00c9DIENTS &#8211; Beurre de Karit\u00e9, Beurre de cacao, Beurre de mangue, Huile de p\u00e9pins de raisin , Huile de coco, Huile d&#8217;amande douce , Vitamine E, Colorant naturel et parfum. Siteweb: sorbetbeaute.com<\/p>\n\n","protected":false},"excerpt":{"rendered":"<p> Nos beurres corporels vous aideront \u00e0 garder une peau douce et hydrat\u00e9e toute la journ\u00e9e. Ils ont la consistance d&#8217;une cr\u00e8me \u00e9paisse qui fond au contact de votre peau pour \u00eatre rapidement absorb\u00e9e apr\u00e8s application. Nos beurres corporels sont garantis sans conservateurs. &#8211; Vegan &#8211; Apaise la peau s\u00e8che &#8211; [&hellip;]<\/p>\n","protected":false},"featured_media":14916,"comment_status":"open","ping_status":"closed","template":"","meta":{"_gspb_post_css":""},"store":[],"product_brand":[],"product_cat":[20],"product_tag":[16],"class_list":{"0":"post-14915","1":"product","2":"type-product","3":"status-publish","4":"has-post-thumbnail","6":"product_cat-body-butters","7":"product_tag-makeup","9":"first","10":"instock","11":"shipping-taxable","12":"product-type-external"},"_links":{"self":[{"href":"https:\/\/beauteexclusive.com\/index.php?rest_route=\/wp\/v2\/product\/14915","targetHints":{"allow":["GET"]}}],"collection":[{"href":"https:\/\/beauteexclusive.com\/index.php?rest_route=\/wp\/v2\/product"}],"about":[{"href":"https:\/\/beauteexclusive.com\/index.php?rest_route=\/wp\/v2\/types\/product"}],"replies":[{"embeddable":true,"href":"https:\/\/beauteexclusive.com\/index.php?rest_route=%2Fwp%2Fv2%2Fcomments&post=14915"}],"wp:featuredmedia":[{"embeddable":true,"href":"https:\/\/beauteexclusive.com\/index.php?rest_route=\/wp\/v2\/media\/14916"}],"wp:attachment":[{"href":"https:\/\/beauteexclusive.com\/index.php?rest_route=%2Fwp%2Fv2%2Fmedia&parent=14915"}],"wp:term":[{"taxonomy":"store","embeddable":true,"href":"https:\/\/beauteexclusive.com\/index.php?rest_route=%2Fwp%2Fv2%2Fstore&post=14915"},{"taxonomy":"product_brand","embeddable":true,"href":"https:\/\/beauteexclusive.com\/index.php?rest_route=%2Fwp%2Fv2%2Fproduct_brand&post=14915"},{"taxonomy":"product_cat","embeddable":true,"href":"https:\/\/beauteexclusive.com\/index.php?rest_route=%2Fwp%2Fv2%2Fproduct_cat&post=14915"},{"taxonomy":"product_tag","embeddable":true,"href":"https:\/\/beauteexclusive.com\/index.php?rest_route=%2Fwp%2Fv2%2Fproduct_tag&post=14915"}],"curies":[{"name":"wp","href":"https:\/\/api.w.org\/{rel}","templated":true}]}}