{"id":14927,"date":"2025-02-12T07:50:01","date_gmt":"2025-02-12T07:50:01","guid":{"rendered":"https:\/\/beauteexclusive.com\/?product=qa-lotion-tonique-a-lacide-hyaluronique-pour-visage-100ml"},"modified":"2025-02-12T07:50:02","modified_gmt":"2025-02-12T07:50:02","slug":"qa-lotion-tonique-a-lacide-hyaluronique-pour-visage-100ml","status":"publish","type":"product","link":"https:\/\/beauteexclusive.com\/?product=qa-lotion-tonique-a-lacide-hyaluronique-pour-visage-100ml","title":{"rendered":"Q+A Lotion tonique \u00e0 l&#8217;acide hyaluronique pour visage, 100ml"},"content":{"rendered":"<p><br \/>\nPrice: <span style=\"color:#b12704\"><del>10,00\u20ac<\/del> - 9,50\u20ac<\/span><br \/><i><small>(as of Feb 12, 2025 07:50:02 UTC &#8211; <span class=\"wp_automatic_amazon_disclaimer\" title=\"Product prices and availability are accurate as of the date\/time indicated and are subject to change. Any price and availability information displayed on [relevant Amazon Site(s), as applicable] at the time of purchase will apply to the purchase of this product.\">Details<\/span>)<\/small><\/i><\/p>\n<p><a href=\"https:\/\/amazon.fr\/dp\/B0B63XYB1F?tag=topdeals0945-21\"><img decoding=\"async\" src=\"https:\/\/valvepress.s3.amazonaws.com\/imgs\/buy_now.png\"><\/a><br \/>\n<br \/>\n <span>L\u2019association d\u2019acide hyaluronique et de principes actifs marins pr\u00e9sente dans la formule de cette lotion tonique contribue \u00e0 am\u00e9liorer consid\u00e9rablement les niveaux d\u2019hydratation de la peau et \u00e0 accro\u00eetre sa flexibilit\u00e9. L\u2019acide hyaluronique poss\u00e8de des vertus rajeunissantes, nourrissantes et assouplissantes gr\u00e2ce auxquelles la peau retrouve un aspect sain et revitalis\u00e9. L\u2019extrait d\u2019algue varech g\u00e9ant renferme une forte teneur en vitamines et en oligosaccharides, ce qui lui attribue la capacit\u00e9 de renforcer la barri\u00e8re cutan\u00e9e et de pr\u00e9venir la perte d\u2019humidit\u00e9 dans la peau.<\/span><br \/><span>Conseils d&#8217;utilisation<\/span><br \/><span>Cette lotion tonique doit \u00eatre utilis\u00e9e \u00e0 la place d&#8217;un toner comme alternative plus hydratante. Appliquez quelques gouttes dans la paume de vos mains et faites p\u00e9n\u00e9trer dans la peau jusqu&#8217;\u00e0 absorption.<\/span><br \/> Dimensions du colis                                    \u200f                                         :                                    \u200e                                 11,9 x 11,8 x 4,2 cm; 120 grammes <br \/> Fabricant                                    \u200f                                         :                                    \u200e                                 Ellipsis Brands LTD <br \/> ASIN                                    \u200f                                         :                                    \u200e                                 B0B63XYB1F <br \/> R\u00e9f\u00e9rence constructeur                                    \u200f                                         :                                    \u200e                                 Q+A-MARINE <\/p>\n<p>L\u2019association d\u2019acide hyaluronique et de principes actifs marins pr\u00e9sente dans la formule de cette lotion tonique contribue \u00e0 am\u00e9liorer consid\u00e9rablement les niveaux d\u2019hydratation de la peau et \u00e0 accro\u00eetre sa flexibilit\u00e9.<br \/>L\u2019acide hyaluronique poss\u00e8de des vertus rajeunissantes, nourrissantes et assouplissantes gr\u00e2ce auxquelles la peau retrouve un aspect sain et revitalis\u00e9.<br \/>L\u2019extrait d\u2019algue varech g\u00e9ant renferme une forte teneur en vitamines et en oligosaccharides, ce qui lui attribue la capacit\u00e9 de renforcer la barri\u00e8re cutan\u00e9e et de pr\u00e9venir la perte d\u2019humidit\u00e9 dans la peau.<br \/>Cette lotion tonique doit \u00eatre utilis\u00e9e \u00e0 la place d&#8217;un toner comme alternative plus hydratante. Appliquez quelques gouttes dans la paume de vos mains et faites p\u00e9n\u00e9trer dans la peau jusqu&#8217;\u00e0 absorption.<br \/>Q+A Lotion tonique \u00e0 l&#8217;acide hyaluronique pour visage, 100ml<\/p>\n\n","protected":false},"excerpt":{"rendered":"<p> L\u2019association d\u2019acide hyaluronique et de principes actifs marins pr\u00e9sente dans la formule de cette lotion tonique contribue \u00e0 am\u00e9liorer consid\u00e9rablement les niveaux d\u2019hydratation de la peau et \u00e0 accro\u00eetre sa flexibilit\u00e9. L\u2019acide hyaluronique poss\u00e8de des vertus rajeunissantes, nourrissantes et assouplissantes gr\u00e2ce auxquelles la peau retrouve un aspect sain et revitalis\u00e9. [&hellip;]<\/p>\n","protected":false},"featured_media":14928,"comment_status":"open","ping_status":"closed","template":"","meta":{"_gspb_post_css":""},"store":[],"product_brand":[],"product_cat":[35],"product_tag":[16],"class_list":{"0":"post-14927","1":"product","2":"type-product","3":"status-publish","4":"has-post-thumbnail","6":"product_cat-facial-toners","7":"product_tag-makeup","9":"first","10":"instock","11":"sale","12":"shipping-taxable","13":"product-type-external"},"_links":{"self":[{"href":"https:\/\/beauteexclusive.com\/index.php?rest_route=\/wp\/v2\/product\/14927","targetHints":{"allow":["GET"]}}],"collection":[{"href":"https:\/\/beauteexclusive.com\/index.php?rest_route=\/wp\/v2\/product"}],"about":[{"href":"https:\/\/beauteexclusive.com\/index.php?rest_route=\/wp\/v2\/types\/product"}],"replies":[{"embeddable":true,"href":"https:\/\/beauteexclusive.com\/index.php?rest_route=%2Fwp%2Fv2%2Fcomments&post=14927"}],"wp:featuredmedia":[{"embeddable":true,"href":"https:\/\/beauteexclusive.com\/index.php?rest_route=\/wp\/v2\/media\/14928"}],"wp:attachment":[{"href":"https:\/\/beauteexclusive.com\/index.php?rest_route=%2Fwp%2Fv2%2Fmedia&parent=14927"}],"wp:term":[{"taxonomy":"store","embeddable":true,"href":"https:\/\/beauteexclusive.com\/index.php?rest_route=%2Fwp%2Fv2%2Fstore&post=14927"},{"taxonomy":"product_brand","embeddable":true,"href":"https:\/\/beauteexclusive.com\/index.php?rest_route=%2Fwp%2Fv2%2Fproduct_brand&post=14927"},{"taxonomy":"product_cat","embeddable":true,"href":"https:\/\/beauteexclusive.com\/index.php?rest_route=%2Fwp%2Fv2%2Fproduct_cat&post=14927"},{"taxonomy":"product_tag","embeddable":true,"href":"https:\/\/beauteexclusive.com\/index.php?rest_route=%2Fwp%2Fv2%2Fproduct_tag&post=14927"}],"curies":[{"name":"wp","href":"https:\/\/api.w.org\/{rel}","templated":true}]}}