{"id":15015,"date":"2025-02-12T13:59:08","date_gmt":"2025-02-12T13:59:08","guid":{"rendered":"https:\/\/beauteexclusive.com\/?product=monoi-vahema-soin-capillaire-100ml"},"modified":"2025-02-12T13:59:08","modified_gmt":"2025-02-12T13:59:08","slug":"monoi-vahema-soin-capillaire-100ml","status":"publish","type":"product","link":"https:\/\/beauteexclusive.com\/?product=monoi-vahema-soin-capillaire-100ml","title":{"rendered":"Mono\u00ef Vahema Soin Capillaire 100ml"},"content":{"rendered":"<p><br \/>\nPrice: <span style=\"color:#b12704\">12,90\u20ac<\/span><br \/><i><small>(as of Feb 12, 2025 13:59:08 UTC &#8211; <span class=\"wp_automatic_amazon_disclaimer\" title=\"Product prices and availability are accurate as of the date\/time indicated and are subject to change. Any price and availability information displayed on [relevant Amazon Site(s), as applicable] at the time of purchase will apply to the purchase of this product.\">Details<\/span>)<\/small><\/i><\/p>\n<p><a href=\"https:\/\/amazon.fr\/dp\/B06ZYMLZBC?tag=topdeals0945-21\"><img decoding=\"async\" src=\"https:\/\/valvepress.s3.amazonaws.com\/imgs\/buy_now.png\"><\/a><br \/>\n<br \/>\n <span>Sp\u00e9cialement con\u00e7u pour r\u00e9parer et prot\u00e8ger les cheveux secs ou ab\u00eem\u00e9s, le soin capillaire Vah\u00e9ma Mono\u00ef de Tahiti (51%) rend les cheveux doux et brillants.<\/span><br \/> Dimensions du colis                                    \u200f                                         :                                    \u200e                                 16,1 x 5,9 x 3,1 cm; 230 grammes <br \/> Fabricant                                    \u200f                                         :                                    \u200e                                 Vah\u00e9ma Mono\u00ef <br \/> ASIN                                    \u200f                                         :                                    \u200e                                 B06ZYMLZBC <br \/> R\u00e9f\u00e9rence constructeur                                    \u200f                                         :                                    \u200e                                 1 <\/p>\n<p>Parapharmacie discount<br \/>Produits neuf de haute qualit\u00e9<br \/>livraison rapide<br \/>Parapharmacie la moin ch\u00e8re<br \/>Vente de produits de beaut\u00e9 et solaire ainsi que des consommables et mat\u00e9riels m\u00e9dicaux<\/p>\n\n","protected":false},"excerpt":{"rendered":"<p> Sp\u00e9cialement con\u00e7u pour r\u00e9parer et prot\u00e8ger les cheveux secs ou ab\u00eem\u00e9s, le soin capillaire Vah\u00e9ma Mono\u00ef de Tahiti (51%) rend les cheveux doux et brillants. Dimensions du colis \u200f : \u200e 16,1 x 5,9 x 3,1 cm; 230 grammes Fabricant \u200f : \u200e Vah\u00e9ma Mono\u00ef ASIN \u200f : \u200e B06ZYMLZBC [&hellip;]<\/p>\n","protected":false},"featured_media":15016,"comment_status":"open","ping_status":"closed","template":"","meta":{"_gspb_post_css":""},"store":[],"product_brand":[],"product_cat":[170],"product_tag":[16],"class_list":{"0":"post-15015","1":"product","2":"type-product","3":"status-publish","4":"has-post-thumbnail","6":"product_cat-hair-care","7":"product_tag-makeup","9":"first","10":"instock","11":"shipping-taxable","12":"product-type-external"},"_links":{"self":[{"href":"https:\/\/beauteexclusive.com\/index.php?rest_route=\/wp\/v2\/product\/15015","targetHints":{"allow":["GET"]}}],"collection":[{"href":"https:\/\/beauteexclusive.com\/index.php?rest_route=\/wp\/v2\/product"}],"about":[{"href":"https:\/\/beauteexclusive.com\/index.php?rest_route=\/wp\/v2\/types\/product"}],"replies":[{"embeddable":true,"href":"https:\/\/beauteexclusive.com\/index.php?rest_route=%2Fwp%2Fv2%2Fcomments&post=15015"}],"wp:featuredmedia":[{"embeddable":true,"href":"https:\/\/beauteexclusive.com\/index.php?rest_route=\/wp\/v2\/media\/15016"}],"wp:attachment":[{"href":"https:\/\/beauteexclusive.com\/index.php?rest_route=%2Fwp%2Fv2%2Fmedia&parent=15015"}],"wp:term":[{"taxonomy":"store","embeddable":true,"href":"https:\/\/beauteexclusive.com\/index.php?rest_route=%2Fwp%2Fv2%2Fstore&post=15015"},{"taxonomy":"product_brand","embeddable":true,"href":"https:\/\/beauteexclusive.com\/index.php?rest_route=%2Fwp%2Fv2%2Fproduct_brand&post=15015"},{"taxonomy":"product_cat","embeddable":true,"href":"https:\/\/beauteexclusive.com\/index.php?rest_route=%2Fwp%2Fv2%2Fproduct_cat&post=15015"},{"taxonomy":"product_tag","embeddable":true,"href":"https:\/\/beauteexclusive.com\/index.php?rest_route=%2Fwp%2Fv2%2Fproduct_tag&post=15015"}],"curies":[{"name":"wp","href":"https:\/\/api.w.org\/{rel}","templated":true}]}}