{"id":15057,"date":"2025-02-12T16:34:08","date_gmt":"2025-02-12T16:34:08","guid":{"rendered":"https:\/\/beauteexclusive.com\/?product=eau-de-rochas-fraiche-parfum-pour-femme-par-rochas"},"modified":"2025-02-12T16:34:08","modified_gmt":"2025-02-12T16:34:08","slug":"eau-de-rochas-fraiche-parfum-pour-femme-par-rochas","status":"publish","type":"product","link":"https:\/\/beauteexclusive.com\/?product=eau-de-rochas-fraiche-parfum-pour-femme-par-rochas","title":{"rendered":"Eau de Rochas Fraiche Parfum Pour Femme par Rochas"},"content":{"rendered":"<p><br \/>\nPrice: <span style=\"color:#b12704\">59,50\u20ac<\/span><br \/><i><small>(as of Feb 12, 2025 16:34:08 UTC &#8211; <span class=\"wp_automatic_amazon_disclaimer\" title=\"Product prices and availability are accurate as of the date\/time indicated and are subject to change. Any price and availability information displayed on [relevant Amazon Site(s), as applicable] at the time of purchase will apply to the purchase of this product.\">Details<\/span>)<\/small><\/i><\/p>\n<p><a href=\"https:\/\/amazon.fr\/dp\/B01LQX7XIG?tag=topdeals0945-21\"><img decoding=\"async\" src=\"https:\/\/valvepress.s3.amazonaws.com\/imgs\/buy_now.png\"><\/a><br \/>\n<br \/>\n <span>Eau de Rochas Fraiche de Rochas est un parfum pour femme. Eau de Rochas Fraiche a \u00e9t\u00e9 lanc\u00e9e en 2010. Le nez derri\u00e8re ce parfum est Jean Michel Duriez. Notes de t\u00eate : bergamote et notes d&#8217;eau. Notes de c\u0153ur : fleurs blanches, iris et liatris. Notes de fond : musc et mousse de ch\u00eane.<\/span>  <br \/> Dimensions du colis                                    \u200f                                         :                                    \u200e                                 15 x 7 x 5 cm; 300 grammes <br \/> Fabricant                                    \u200f                                         :                                    \u200e                                 Rochas <br \/> ASIN                                    \u200f                                         :                                    \u200e                                 B01LQX7XIG <br \/> R\u00e9f\u00e9rence constructeur                                    \u200f                                         :                                    \u200e                                 GP-75129 <\/p>\n<p>Eau de Rochas Fraiche est un produit de design original, il est recommand\u00e9 de l&#8217;utiliser de jour comme de nuit.<\/p>\n\n","protected":false},"excerpt":{"rendered":"<p> Eau de Rochas Fraiche de Rochas est un parfum pour femme. Eau de Rochas Fraiche a \u00e9t\u00e9 lanc\u00e9e en 2010. Le nez derri\u00e8re ce parfum est Jean Michel Duriez. Notes de t\u00eate : bergamote et notes d&#8217;eau. Notes de c\u0153ur : fleurs blanches, iris et liatris. Notes de fond : [&hellip;]<\/p>\n","protected":false},"featured_media":15058,"comment_status":"open","ping_status":"closed","template":"","meta":{"_gspb_post_css":""},"store":[],"product_brand":[],"product_cat":[36],"product_tag":[16],"class_list":{"0":"post-15057","1":"product","2":"type-product","3":"status-publish","4":"has-post-thumbnail","6":"product_cat-womens-perfumes","7":"product_tag-makeup","9":"first","10":"instock","11":"shipping-taxable","12":"product-type-external"},"_links":{"self":[{"href":"https:\/\/beauteexclusive.com\/index.php?rest_route=\/wp\/v2\/product\/15057","targetHints":{"allow":["GET"]}}],"collection":[{"href":"https:\/\/beauteexclusive.com\/index.php?rest_route=\/wp\/v2\/product"}],"about":[{"href":"https:\/\/beauteexclusive.com\/index.php?rest_route=\/wp\/v2\/types\/product"}],"replies":[{"embeddable":true,"href":"https:\/\/beauteexclusive.com\/index.php?rest_route=%2Fwp%2Fv2%2Fcomments&post=15057"}],"wp:featuredmedia":[{"embeddable":true,"href":"https:\/\/beauteexclusive.com\/index.php?rest_route=\/wp\/v2\/media\/15058"}],"wp:attachment":[{"href":"https:\/\/beauteexclusive.com\/index.php?rest_route=%2Fwp%2Fv2%2Fmedia&parent=15057"}],"wp:term":[{"taxonomy":"store","embeddable":true,"href":"https:\/\/beauteexclusive.com\/index.php?rest_route=%2Fwp%2Fv2%2Fstore&post=15057"},{"taxonomy":"product_brand","embeddable":true,"href":"https:\/\/beauteexclusive.com\/index.php?rest_route=%2Fwp%2Fv2%2Fproduct_brand&post=15057"},{"taxonomy":"product_cat","embeddable":true,"href":"https:\/\/beauteexclusive.com\/index.php?rest_route=%2Fwp%2Fv2%2Fproduct_cat&post=15057"},{"taxonomy":"product_tag","embeddable":true,"href":"https:\/\/beauteexclusive.com\/index.php?rest_route=%2Fwp%2Fv2%2Fproduct_tag&post=15057"}],"curies":[{"name":"wp","href":"https:\/\/api.w.org\/{rel}","templated":true}]}}