{"id":15317,"date":"2025-02-14T13:39:38","date_gmt":"2025-02-14T13:39:38","guid":{"rendered":"https:\/\/beauteexclusive.com\/?product=by-amazon-gommage-pour-le-visage-a-labricot-4x100-ml"},"modified":"2025-02-14T13:39:39","modified_gmt":"2025-02-14T13:39:39","slug":"by-amazon-gommage-pour-le-visage-a-labricot-4x100-ml","status":"publish","type":"product","link":"https:\/\/beauteexclusive.com\/?product=by-amazon-gommage-pour-le-visage-a-labricot-4x100-ml","title":{"rendered":"by Amazon Gommage pour le visage \u00e0 l&#8217;abricot 4&#215;100 ml"},"content":{"rendered":"<p><br \/>\nPrice: <span style=\"color:#b12704\"><del>14,74\u20ac<\/del> - 14,00\u20ac<\/span><br \/><i><small>(as of Feb 14, 2025 13:39:39 UTC &#8211; <span class=\"wp_automatic_amazon_disclaimer\" title=\"Product prices and availability are accurate as of the date\/time indicated and are subject to change. Any price and availability information displayed on [relevant Amazon Site(s), as applicable] at the time of purchase will apply to the purchase of this product.\">Details<\/span>)<\/small><\/i><\/p>\n<p><a href=\"https:\/\/amazon.fr\/dp\/B0DG8P4HRG?tag=topdeals0945-21\"><img decoding=\"async\" src=\"https:\/\/valvepress.s3.amazonaws.com\/imgs\/buy_now.png\"><\/a><br \/>\n<br \/>\n <span>by Amazon Gommage pour le visage \u00e0 l&#8217;abricot 100\u00a0ml<\/span>  <br \/> Dimensions du produit (L x l x h)                                    \u200f                                         :                                    \u200e                                 4 x 4 x 12 cm; 200 grammes <br \/> Fabricant                                    \u200f                                         :                                    \u200e                                 Amazon EU Sarl <br \/> ASIN                                    \u200f                                         :                                    \u200e                                 B0DG8P4HRG <br \/> Num\u00e9ro du mod\u00e8le de l&#8217;article                                    \u200f                                         :                                    \u200e                                 5400606944169 <\/p>\n<p>Les informations ci-dessous s&#8217;appliquent \u00e0 chaque unit\u00e9 du pack<br \/>GOMMAGE VISAGE 2 x 100 ml<br \/>98 % des ingr\u00e9dients sont d&#8217;origine naturelle.<br \/>ACTION : Exfoliant naturel pour le visage convenant \u00e0 tous les types de peau. Gr\u00e2ce \u00e0 la pr\u00e9sence d&#8217;exfoliants naturels tels que les graines d&#8217;abricot et de p\u00eache, il \u00e9limine les cellules mortes et laisse la peau douce et lisse.<br \/>TEST\u00c9 DERMATOLOGIQUEMENT POUR LES PEAUX SENSIBLES : Adapt\u00e9 \u00e0 tous les types de peau, m\u00eame sensibles.<br \/>MODE D&#8217;EMPLOI : Appliquer sur peau humide et masser par de l\u00e9gers mouvements circulaires. Rincer soigneusement \u00e0 l&#8217;eau ti\u00e8de. Utiliser une fois par semaine ; pour les peaux tr\u00e8s sensibles, utiliser tous les 10 jours.<\/p>\n\n","protected":false},"excerpt":{"rendered":"<p> by Amazon Gommage pour le visage \u00e0 l&#8217;abricot 100\u00a0ml Dimensions du produit (L x l x h) \u200f : \u200e 4 x 4 x 12 cm; 200 grammes Fabricant \u200f : \u200e Amazon EU Sarl ASIN \u200f : \u200e B0DG8P4HRG Num\u00e9ro du mod\u00e8le de l&#8217;article \u200f : \u200e 5400606944169 Les [&hellip;]<\/p>\n","protected":false},"featured_media":15318,"comment_status":"open","ping_status":"closed","template":"","meta":{"_gspb_post_css":""},"store":[],"product_brand":[],"product_cat":[33],"product_tag":[16],"class_list":{"0":"post-15317","1":"product","2":"type-product","3":"status-publish","4":"has-post-thumbnail","6":"product_cat-facial-polishes-scrubs","7":"product_tag-makeup","9":"first","10":"instock","11":"sale","12":"shipping-taxable","13":"product-type-external"},"_links":{"self":[{"href":"https:\/\/beauteexclusive.com\/index.php?rest_route=\/wp\/v2\/product\/15317","targetHints":{"allow":["GET"]}}],"collection":[{"href":"https:\/\/beauteexclusive.com\/index.php?rest_route=\/wp\/v2\/product"}],"about":[{"href":"https:\/\/beauteexclusive.com\/index.php?rest_route=\/wp\/v2\/types\/product"}],"replies":[{"embeddable":true,"href":"https:\/\/beauteexclusive.com\/index.php?rest_route=%2Fwp%2Fv2%2Fcomments&post=15317"}],"wp:featuredmedia":[{"embeddable":true,"href":"https:\/\/beauteexclusive.com\/index.php?rest_route=\/wp\/v2\/media\/15318"}],"wp:attachment":[{"href":"https:\/\/beauteexclusive.com\/index.php?rest_route=%2Fwp%2Fv2%2Fmedia&parent=15317"}],"wp:term":[{"taxonomy":"store","embeddable":true,"href":"https:\/\/beauteexclusive.com\/index.php?rest_route=%2Fwp%2Fv2%2Fstore&post=15317"},{"taxonomy":"product_brand","embeddable":true,"href":"https:\/\/beauteexclusive.com\/index.php?rest_route=%2Fwp%2Fv2%2Fproduct_brand&post=15317"},{"taxonomy":"product_cat","embeddable":true,"href":"https:\/\/beauteexclusive.com\/index.php?rest_route=%2Fwp%2Fv2%2Fproduct_cat&post=15317"},{"taxonomy":"product_tag","embeddable":true,"href":"https:\/\/beauteexclusive.com\/index.php?rest_route=%2Fwp%2Fv2%2Fproduct_tag&post=15317"}],"curies":[{"name":"wp","href":"https:\/\/api.w.org\/{rel}","templated":true}]}}