{"id":15325,"date":"2025-02-14T14:37:51","date_gmt":"2025-02-14T14:37:51","guid":{"rendered":"https:\/\/beauteexclusive.com\/?product=vela-yue-pinceau-kabuki-retractable-pinceau-fards-a-joues"},"modified":"2025-02-14T14:37:51","modified_gmt":"2025-02-14T14:37:51","slug":"vela-yue-pinceau-kabuki-retractable-pinceau-fards-a-joues","status":"publish","type":"product","link":"https:\/\/beauteexclusive.com\/?product=vela-yue-pinceau-kabuki-retractable-pinceau-fards-a-joues","title":{"rendered":"Vela.Yue Pinceau kabuki r\u00e9tractable &#8211; Pinceau fards \u00e0 joues"},"content":{"rendered":"<p><br \/>\nPrice: <span style=\"color:#b12704\"><del>9,97\u20ac<\/del> - 9,47\u20ac<\/span><br \/><i><small>(as of Feb 14, 2025 14:37:51 UTC &#8211; <span class=\"wp_automatic_amazon_disclaimer\" title=\"Product prices and availability are accurate as of the date\/time indicated and are subject to change. Any price and availability information displayed on [relevant Amazon Site(s), as applicable] at the time of purchase will apply to the purchase of this product.\">Details<\/span>)<\/small><\/i><\/p>\n<p><a href=\"https:\/\/amazon.fr\/dp\/B07NDPC86D?tag=topdeals0945-21\"><img decoding=\"async\" src=\"https:\/\/valvepress.s3.amazonaws.com\/imgs\/buy_now.png\"><\/a><br \/>\n<\/p>\n<p>         De la marque            <\/p>\n<p>                                      <img decoding=\"async\" alt=\"VelaYue\" src=\"https:\/\/images-na.ssl-images-amazon.com\/images\/G\/01\/x-locale\/common\/grey-pixel.gif\" class=\"a-lazy-loaded\" data-src=\"https:\/\/m.media-amazon.com\/images\/S\/aplus-media-library-service-media\/e3c1f71e-71c0-4274-8a13-b72f47afe201.__CR0,0,1464,625_PT0_SX1464_V1___.jpg\"><img decoding=\"async\" alt=\"VelaYue\" src=\"https:\/\/m.media-amazon.com\/images\/S\/aplus-media-library-service-media\/e3c1f71e-71c0-4274-8a13-b72f47afe201.__CR0,0,1464,625_PT0_SX1464_V1___.jpg\">   <\/p>\n<p>                                      <img decoding=\"async\" alt=\"VelaYue\" src=\"https:\/\/images-na.ssl-images-amazon.com\/images\/G\/01\/x-locale\/common\/grey-pixel.gif\" class=\"a-lazy-loaded\" data-src=\"https:\/\/m.media-amazon.com\/images\/S\/aplus-media-library-service-media\/f189c54f-0680-4ca3-b754-f1cd1a08e5c1.__CR0,0,587,270_PT0_SX315_V1___.jpg\"><img decoding=\"async\" alt=\"VelaYue\" src=\"https:\/\/m.media-amazon.com\/images\/S\/aplus-media-library-service-media\/f189c54f-0680-4ca3-b754-f1cd1a08e5c1.__CR0,0,587,270_PT0_SX315_V1___.jpg\">   <\/p>\n<p> Vela.Yue &#8211; Pinceaux Artisan <\/p>\n<\/p>\n<p>Nous s\u00e9lectionnons des mat\u00e9riaux de haute qualit\u00e9 pour fabriquer des pinceaux de maquillage uniques.Tous les pinceaux sont enti\u00e8rement fabriqu\u00e9s \u00e0 la main par notre artisan exp\u00e9riment\u00e9.Nous nous concentrons sur la qualit\u00e9, nous concevons, nous produisons, nous vendons, nous nous soucions.     <\/p>\n<h3> Pinceaux de maquillage  <\/h3>\n<p class=\"apm-brand-story-stores-link\">\n<h3> Pinceaux fond de teint <\/h3>\n<p class=\"apm-brand-story-stores-link\">\n<h3> Pinceaux  poudre <\/h3>\n<p class=\"apm-brand-story-stores-link\">\n<h3> Pinceaux Contour &amp; Blush <\/h3>\n<p class=\"apm-brand-story-stores-link\">\n<p> Production interrompue par le fabricant                                    \u200f                                         :                                    \u200e                                 Non <br \/> Dimensions du produit (L x l x h)                                    \u200f                                         :                                    \u200e                                 12,5 x 2 x 2 cm; 40,82 grammes <br \/> Fabricant                                    \u200f                                         :                                    \u200e                                 VY <br \/> ASIN                                    \u200f                                         :                                    \u200e                                 B07NDPC86D <br \/> Num\u00e9ro du mod\u00e8le de l&#8217;article                                    \u200f                                         :                                    \u200e                                 Angled Blush Brush <br \/> Pays d&#8217;origine                                    \u200f                                         :                                    \u200e                                 Chine <\/p>\n<p>R\u00e9tractable, facile d&#8217;utilisation, s&#8217;emporte partout!<br \/>Le pinceau est dot\u00e9 de poils purement synth\u00e9tiques et a \u00e9t\u00e9 sp\u00e9cialement con\u00e7u pour appliquer facilement les fards \u00e0 joues sous forme de cr\u00e8me et de poudre.<br \/>Sa forme angulaire conique s&#8217;adapte parfaitement \u00e0 la courbe des joues alliant un confort et une simplicit\u00e9 d&#8217;utilisation incomparable.<br \/>Dot\u00e9 de poils doux synth\u00e9tique, il permet de sculpter le visage et bomber les pommettes de mani\u00e8re uniforme et naturel. R\u00e9sultat irr\u00e9sistibles et bomb\u00e9es assur\u00e9.<br \/>Nous offrons une garantie de remplacement ou de remboursement de 30 jours. n&#8217;h\u00e9sitez pas \u00e0 contacter notre service \u00e0 la client\u00e8le amical, nous ferons de notre mieux pour r\u00e9soudre tous les probl\u00e8mes.<\/p>\n\n","protected":false},"excerpt":{"rendered":"<p> De la marque Vela.Yue &#8211; Pinceaux Artisan Nous s\u00e9lectionnons des mat\u00e9riaux de haute qualit\u00e9 pour fabriquer des pinceaux de maquillage uniques.Tous les pinceaux sont enti\u00e8rement fabriqu\u00e9s \u00e0 la main par notre artisan exp\u00e9riment\u00e9.Nous nous concentrons sur la qualit\u00e9, nous concevons, nous produisons, nous vendons, nous nous soucions. Pinceaux de maquillage [&hellip;]<\/p>\n","protected":false},"featured_media":15326,"comment_status":"open","ping_status":"closed","template":"","meta":{"_gspb_post_css":""},"store":[],"product_brand":[],"product_cat":[28],"product_tag":[16],"class_list":{"0":"post-15325","1":"product","2":"type-product","3":"status-publish","4":"has-post-thumbnail","6":"product_cat-face-blushes","7":"product_tag-makeup","9":"first","10":"instock","11":"sale","12":"shipping-taxable","13":"product-type-external"},"_links":{"self":[{"href":"https:\/\/beauteexclusive.com\/index.php?rest_route=\/wp\/v2\/product\/15325","targetHints":{"allow":["GET"]}}],"collection":[{"href":"https:\/\/beauteexclusive.com\/index.php?rest_route=\/wp\/v2\/product"}],"about":[{"href":"https:\/\/beauteexclusive.com\/index.php?rest_route=\/wp\/v2\/types\/product"}],"replies":[{"embeddable":true,"href":"https:\/\/beauteexclusive.com\/index.php?rest_route=%2Fwp%2Fv2%2Fcomments&post=15325"}],"wp:featuredmedia":[{"embeddable":true,"href":"https:\/\/beauteexclusive.com\/index.php?rest_route=\/wp\/v2\/media\/15326"}],"wp:attachment":[{"href":"https:\/\/beauteexclusive.com\/index.php?rest_route=%2Fwp%2Fv2%2Fmedia&parent=15325"}],"wp:term":[{"taxonomy":"store","embeddable":true,"href":"https:\/\/beauteexclusive.com\/index.php?rest_route=%2Fwp%2Fv2%2Fstore&post=15325"},{"taxonomy":"product_brand","embeddable":true,"href":"https:\/\/beauteexclusive.com\/index.php?rest_route=%2Fwp%2Fv2%2Fproduct_brand&post=15325"},{"taxonomy":"product_cat","embeddable":true,"href":"https:\/\/beauteexclusive.com\/index.php?rest_route=%2Fwp%2Fv2%2Fproduct_cat&post=15325"},{"taxonomy":"product_tag","embeddable":true,"href":"https:\/\/beauteexclusive.com\/index.php?rest_route=%2Fwp%2Fv2%2Fproduct_tag&post=15325"}],"curies":[{"name":"wp","href":"https:\/\/api.w.org\/{rel}","templated":true}]}}