{"id":15345,"date":"2025-02-14T18:30:09","date_gmt":"2025-02-14T18:30:09","guid":{"rendered":"https:\/\/beauteexclusive.com\/?product=al-oud-sublime-eau-de-parfum-pour-femme-100-ml"},"modified":"2025-02-14T18:30:09","modified_gmt":"2025-02-14T18:30:09","slug":"al-oud-merveilleux-eau-de-odeur-dans-camarade-100-ml","status":"publish","type":"product","link":"https:\/\/beauteexclusive.com\/?product=al-oud-merveilleux-eau-de-odeur-dans-camarade-100-ml","title":{"rendered":"Al Oud Merveilleux Eau de odeur dans camarade 100 ml"},"content":{"rendered":"<p><br \/>\nPrice: <span style=\"color:#b12704\"><del>30,00\u20ac<\/del> - 25,00\u20ac<\/span><br \/><i><small>(as of Feb 14, 2025 18:30:09 UTC &#8211; <span class=\"wp_automatic_amazon_disclaimer\" title=\"Product prices and availability are accurate as of the date\/time indicated and are subject to change. Any price and availability information displayed on [relevant Amazon Site(s), as applicable] at the time of purchase will apply to the purchase of this product.\">Details<\/span>)<\/small><\/i><\/p>\n<p><a href=\"https:\/\/amazon.fr\/dp\/B0CFFWYDST?tag=topdeals0945-21\"><img decoding=\"async\" src=\"https:\/\/valvepress.s3.amazonaws.com\/imgs\/buy_now.png\"><\/a><br \/>\n<br \/>\n <span>Publicit\u00e9 de Badee Al Oud Merveilleux de Lattafa \u2013 un odeur d\u00e9licat et agr\u00e9able qui transcende le instant et la coutume. Ce odeur oriental \u00e9tincelant t\u00e9moigne de la terrass\u00e9 de Lattafa pour l&#8217;art de la parfumerie, offrant une \u00e9preuve olfactive brutalement admirable qui laissera une signature inalt\u00e9rable sur iceux qui le rencontrent. Badee Al Oud Merveilleux est un odeur qui \u00e9voque la affectation et l&#8217;pl\u00e9thore, ce qui en incident le approbation r\u00e9volu dans iceux qui appr\u00e9cient les bonnes choses de la vie. C&#8217;est un composite adh\u00e9rent d&#8217;ingr\u00e9dients uniques et embarrass\u00e9 qui s&#8217;unissent dans \u00e9chauffer un odeur chaque directement \u00e9tonnant. Badee Al Oud Merveilleux de Lattafa est manipul\u00e9 pour un ampoule beau et relev\u00e9, refl\u00e9tant la existence magnifique du odeur qu&#8217;il contient. C&#8217;est le ampliation r\u00e9volu \u00e0 votre ramassis de parfums et une pr\u00e9texte de votre avidit\u00e9 difficile. Laissez-vous exposer par l&#8217;app\u00e9tence atemporel de Badee Al Oud Merveilleux de Lattafa et d\u00e9couvrez l&#8217;original admirable du exc\u00e8s et de l&#8217;tenue. \u00c9levez votre assistance, laissez une jugement \u00e9ternelle et embarquez dans un randonn\u00e9e d\u00e9licat qui n&#8217;est nenni de moins qu&#8217;admirable. Embrassez l&#8217;original de l&#8217;\u00c9levant bruissement Badee Al Oud Merveilleux de Lattafa.<\/span>  <br \/> Dimensions du valise                                    \u200f                                         :                                    \u200e                                 17 x 12 x 6 cm; 690 grammes <br \/> Promoteur                                    \u200f                                         :                                    \u200e                                 RiiFFS <br \/> ASIN                                    \u200f                                         :                                    \u200e                                 B0CFFWYDST <br \/> Renvoi cr\u00e9ateur                                    \u200f                                         :                                    \u200e                                 GEO-499 <\/p>\n<p>Agr\u00e9ment embarrass\u00e9 de Oud : Au c\u0153ur de Badee Al Oud Merveilleux se trouve l&#8217;arrangement d\u00e9licat de Oud. Habituel m\u00eame l&#8217;or tisane pour le monde de la parfumerie, le Oud est prostern\u00e9 dans son fumet cossu, agreste et inconsid\u00e9r\u00e9ment sucr\u00e9. Ce odeur contient le initial Oud, garantissant un odeur \u00e9ternelle et grisant qui persiste sur la pelleterie.<br \/>\u00c9pices exotiques : Comme assaisonner l&#8217;app\u00e9tence du Oud, ce odeur est adroitement \u00e9pic\u00e9 de bordereaux exotiques. Des bordereaux de crocus, de cardamome et de auto de girofle ajoutent une aspect de emballement et de plaisir, ce qui en incident un odeur brutalement int\u00e9ressant qui se d\u00e9marque pour la contusionn\u00e9.<br \/>Fleurs s\u00e9duisantes : Le odeur est rehauss\u00e9 de bordereaux florales subtiles qui ajoutent une aspect d&#8217;tenue et de onction. La vitrail et le jasmin s&#8217;associent dans \u00e9chauffer un javelle floral adroit, pourtant certainement \u00e9tincelant, qui garnie la cossu squelette de Oud.<br \/>Prolixe habillement : Badee Al Oud Merveilleux n&#8217;est pas n\u00e9anmoins un odeur, c&#8217;est une empreinte \u00e9ternelle qui cruelle toute la naissance et toute la nuit\u00e9e. Il respire la affectation et la confidence du aube au coucher, ce qui le rend r\u00e9volu dans un moeurs ais\u00e9 et dans les friperie sp\u00e9ciales.<br \/>Avidit\u00e9 unisexe : Puis un harmonieux r\u00e9volu parmi \u00e9l\u00e9ments masculins et f\u00e9minins, ce odeur est \u00e9prouv\u00e9 dans nature ch\u00e9ri par int\u00e9graux iceux qui appr\u00e9cient la joliesse d&#8217;un odeur privil\u00e8ge \u00e9prouv\u00e9. Sa polyvalence en incident un pr\u00e9pond\u00e9rant approbation dans int\u00e9graux les sexes.<\/p>\n\n","protected":false},"excerpt":{"rendered":"<p> Publicit\u00e9 de Badee Al Oud Merveilleux de Lattafa \u2013 un odeur d\u00e9licat et agr\u00e9able qui transcende le instant et la coutume. Ce odeur oriental \u00e9tincelant t\u00e9moigne de la terrass\u00e9 de Lattafa pour l&#8217;art de la parfumerie, offrant une \u00e9preuve olfactive brutalement admirable qui laissera une signature inalt\u00e9rable sur iceux qui [&hellip;]<\/p>\n","protected":false},"featured_media":15346,"comment_status":"open","ping_status":"closed","template":"","meta":{"_gspb_post_css":""},"store":[],"product_brand":[],"product_cat":[36],"product_tag":[16],"class_list":{"0":"post-15345","1":"product","2":"type-product","3":"status-publish","4":"has-post-thumbnail","6":"product_cat-womens-perfumes","7":"product_tag-makeup","9":"first","10":"instock","11":"sale","12":"shipping-taxable","13":"product-type-external"},"_links":{"self":[{"href":"https:\/\/beauteexclusive.com\/index.php?rest_route=\/wp\/v2\/product\/15345","targetHints":{"allow":["GET"]}}],"collection":[{"href":"https:\/\/beauteexclusive.com\/index.php?rest_route=\/wp\/v2\/product"}],"about":[{"href":"https:\/\/beauteexclusive.com\/index.php?rest_route=\/wp\/v2\/types\/product"}],"replies":[{"embeddable":true,"href":"https:\/\/beauteexclusive.com\/index.php?rest_route=%2Fwp%2Fv2%2Fcomments&post=15345"}],"wp:featuredmedia":[{"embeddable":true,"href":"https:\/\/beauteexclusive.com\/index.php?rest_route=\/wp\/v2\/media\/15346"}],"wp:attachment":[{"href":"https:\/\/beauteexclusive.com\/index.php?rest_route=%2Fwp%2Fv2%2Fmedia&parent=15345"}],"wp:term":[{"taxonomy":"store","embeddable":true,"href":"https:\/\/beauteexclusive.com\/index.php?rest_route=%2Fwp%2Fv2%2Fstore&post=15345"},{"taxonomy":"product_brand","embeddable":true,"href":"https:\/\/beauteexclusive.com\/index.php?rest_route=%2Fwp%2Fv2%2Fproduct_brand&post=15345"},{"taxonomy":"product_cat","embeddable":true,"href":"https:\/\/beauteexclusive.com\/index.php?rest_route=%2Fwp%2Fv2%2Fproduct_cat&post=15345"},{"taxonomy":"product_tag","embeddable":true,"href":"https:\/\/beauteexclusive.com\/index.php?rest_route=%2Fwp%2Fv2%2Fproduct_tag&post=15345"}],"curies":[{"name":"wp","href":"https:\/\/api.w.org\/{rel}","templated":true}]}}