{"id":15398,"date":"2025-02-14T18:54:26","date_gmt":"2025-02-14T18:54:26","guid":{"rendered":"https:\/\/beauteexclusive.com\/?product=kiko-milano-pure-clean-toner-lotion-tonique-hydratante-et-adoucissante"},"modified":"2025-02-14T18:54:26","modified_gmt":"2025-02-14T18:54:26","slug":"kiko-milano-pure-clear-toner-lotion-tonique-hydratante-et-adoucissante","status":"publish","type":"product","link":"https:\/\/beauteexclusive.com\/?product=kiko-milano-pure-clear-toner-lotion-tonique-hydratante-et-adoucissante","title":{"rendered":"KIKO Milano Pure Clear Toner, Lotion Tonique Hydratante Et Adoucissante"},"content":{"rendered":"<p><br \/>\nWorth: <span style=\"color:#b12704\">7,95\u20ac<\/span><br \/><i><small>(as of Feb 14, 2025 18:54:26 UTC &#8211; <span class=\"wp_automatic_amazon_disclaimer\" title=\"Product prices and availability are accurate as of the date\/time indicated and are subject to change. Any price and availability information displayed on [relevant Amazon Site(s), as applicable] at the time of purchase will apply to the purchase of this product.\">Particulars<\/span>)<\/small><\/i><\/p>\n<p><a href=\"https:\/\/amazon.fr\/dp\/B0D6YP8Y4V?tag=topdeals0945-21\"><img decoding=\"async\" src=\"https:\/\/valvepress.s3.amazonaws.com\/imgs\/buy_now.png\"><\/a><br \/>\n<br \/>\n <span>DESCRIPTION: Lotion tonique hydratante et adoucissante. Une texture aqueuse, l\u00e9g\u00e8re et confortable pour le visage qui hydrate*, rafra\u00eechit et prend soin de la peau avec un effet adoucissant. Ses particularit\u00e9s\u00a0: \u00a0-Sa formule renforc\u00e9e et fonctionnelle, enrichie d&#8217;acide hyaluronique, d&#8217;extrait de grenade italienne d&#8217;origine sturdy et d&#8217;extraits de magnolia, de fleur de lotus bleu et de rose. \u00a0-Elle p\u00e9n\u00e8tre rapidement, laissant la peau velout\u00e9e. \u00a0-Facile \u00e0 utiliser, sans rin\u00e7age. TEST: Test\u00e9e sous contr\u00f4le dermatologique, m\u00eame sur les peaux d\u00e9licates Non com\u00e9dog\u00e8ne *Check clinique instrumental RESULTS: Douce au toucher, apr\u00e8s son utility la peau est hydrat\u00e9e*, nettoy\u00e9e et radieuse. HOW TO USE: Tamponnez sur le visage avec un disque de coton matin et soir, avant d\u2019appliquer vos cr\u00e8mes. PAO: 12 Made In: IT<\/span>  <br \/> Dimensions du produit (L x l x h)                                    \u200f                                         :                                    \u200e                                 17 x 4,4 x 4,4 cm; 250 grammes <br \/> Fabricant                                    \u200f                                         :                                    \u200e                                 KIKO S.p.A. <br \/> ASIN                                    \u200f                                         :                                    \u200e                                 B0D6YP8Y4V <br \/> Num\u00e9ro du mod\u00e8le de l&#8217;article                                    \u200f                                         :                                    \u200e                                 KS000000212001B <br \/> Pays d&#8217;origine                                    \u200f                                         :                                    \u200e                                 Italie <\/p>\n<p>Une texture aqueuse, l\u00e9g\u00e8re et confortable pour le visage qui hydrate, rafra\u00eechit et prend soin de la peau avec un effet adoucissan<br \/>Sa formule renforc\u00e9e et fonctionnelle, enrichie d&#8217;acide hyaluronique, d&#8217;extrait de grenade italienne d&#8217;origine sturdy et d&#8217;extraits de magnolia, de fleur de lotus bleu et de rose<br \/>Elle p\u00e9n\u00e8tre rapidement, laissant la peau velout\u00e9e<br \/>Douce au toucher, apr\u00e8s son utility la peau est hydrat\u00e9e, nettoy\u00e9e et radieuse.<br \/>Test\u00e9e sous contr\u00f4le dermatologique, m\u00eame sur les peaux d\u00e9licates Non com\u00e9dog\u00e8ne<\/p>\n\n","protected":false},"excerpt":{"rendered":"<p>Worth: (as of &#8211; Particulars) DESCRIPTION: Lotion tonique hydratante et adoucissante. Une texture aqueuse, l\u00e9g\u00e8re et confortable pour le visage qui hydrate*, rafra\u00eechit et prend soin de la peau avec un effet adoucissant. Ses particularit\u00e9s\u00a0: \u00a0-Sa formule renforc\u00e9e et fonctionnelle, enrichie d&#8217;acide hyaluronique, d&#8217;extrait de grenade italienne d&#8217;origine sturdy et d&#8217;extraits de magnolia, de fleur [&hellip;]<\/p>\n","protected":false},"featured_media":15399,"comment_status":"open","ping_status":"closed","template":"","meta":{"_gspb_post_css":""},"store":[],"product_brand":[],"product_cat":[35],"product_tag":[16],"class_list":{"0":"post-15398","1":"product","2":"type-product","3":"status-publish","4":"has-post-thumbnail","6":"product_cat-facial-toners","7":"product_tag-makeup","9":"first","10":"instock","11":"shipping-taxable","12":"product-type-external"},"_links":{"self":[{"href":"https:\/\/beauteexclusive.com\/index.php?rest_route=\/wp\/v2\/product\/15398","targetHints":{"allow":["GET"]}}],"collection":[{"href":"https:\/\/beauteexclusive.com\/index.php?rest_route=\/wp\/v2\/product"}],"about":[{"href":"https:\/\/beauteexclusive.com\/index.php?rest_route=\/wp\/v2\/types\/product"}],"replies":[{"embeddable":true,"href":"https:\/\/beauteexclusive.com\/index.php?rest_route=%2Fwp%2Fv2%2Fcomments&post=15398"}],"wp:featuredmedia":[{"embeddable":true,"href":"https:\/\/beauteexclusive.com\/index.php?rest_route=\/wp\/v2\/media\/15399"}],"wp:attachment":[{"href":"https:\/\/beauteexclusive.com\/index.php?rest_route=%2Fwp%2Fv2%2Fmedia&parent=15398"}],"wp:term":[{"taxonomy":"store","embeddable":true,"href":"https:\/\/beauteexclusive.com\/index.php?rest_route=%2Fwp%2Fv2%2Fstore&post=15398"},{"taxonomy":"product_brand","embeddable":true,"href":"https:\/\/beauteexclusive.com\/index.php?rest_route=%2Fwp%2Fv2%2Fproduct_brand&post=15398"},{"taxonomy":"product_cat","embeddable":true,"href":"https:\/\/beauteexclusive.com\/index.php?rest_route=%2Fwp%2Fv2%2Fproduct_cat&post=15398"},{"taxonomy":"product_tag","embeddable":true,"href":"https:\/\/beauteexclusive.com\/index.php?rest_route=%2Fwp%2Fv2%2Fproduct_tag&post=15398"}],"curies":[{"name":"wp","href":"https:\/\/api.w.org\/{rel}","templated":true}]}}