{"id":15594,"date":"2025-02-16T00:12:36","date_gmt":"2025-02-16T00:12:36","guid":{"rendered":"https:\/\/beauteexclusive.com\/?product=artdeco-magnetique-fard-a-joues-13-brown-orange"},"modified":"2025-02-16T00:12:36","modified_gmt":"2025-02-16T00:12:36","slug":"artdeco-magnetique-fard-a-joues-13-brown-orange","status":"publish","type":"product","link":"https:\/\/beauteexclusive.com\/?product=artdeco-magnetique-fard-a-joues-13-brown-orange","title":{"rendered":"Artdeco Magn\u00e9tique Fard \u00e0 Joues 13 Brown Orange"},"content":{"rendered":"<p><br \/>\nWorth: <span style=\"color:#b12704\"><del>8,95\u20ac<\/del> - 7,68\u20ac<\/span><br \/><i><small>(as of Feb 16, 2025 00:12:36 UTC &#8211; <span class=\"wp_automatic_amazon_disclaimer\" title=\"Product prices and availability are accurate as of the date\/time indicated and are subject to change. Any price and availability information displayed on [relevant Amazon Site(s), as applicable] at the time of purchase will apply to the purchase of this product.\">Particulars<\/span>)<\/small><\/i><\/p>\n<p><a href=\"https:\/\/amazon.fr\/dp\/B003HKYA2O?tag=topdeals0945-21\"><img decoding=\"async\" src=\"https:\/\/valvepress.s3.amazonaws.com\/imgs\/buy_now.png\"><\/a><br \/>\n<\/p>\n<p>         Description du fabricant            <\/p>\n<p>                                             <img decoding=\"async\" alt=\"Rechargeable\" src=\"https:\/\/images-na.ssl-images-amazon.com\/images\/G\/01\/x-locale\/common\/grey-pixel.gif\" class=\"a-lazy-loaded\" data-src=\"https:\/\/m.media-amazon.com\/images\/S\/aplus-media-library-service-media\/256de509-895a-4a5c-9836-1aa46af4b227.__CR0,0,970,300_PT0_SX970_V1___.jpg\"><img decoding=\"async\" alt=\"Rechargeable\" src=\"https:\/\/m.media-amazon.com\/images\/S\/aplus-media-library-service-media\/256de509-895a-4a5c-9836-1aa46af4b227.__CR0,0,970,300_PT0_SX970_V1___.jpg\">   <\/p>\n<p> Depuis notre cr\u00e9ation en 1985, ARTDECO s&#8217;appuie sur un syst\u00e8me innovant et rechargeable pour r\u00e9duire les mat\u00e9riaux d&#8217;emballage et pr\u00e9server l&#8217;environnement. Remplacez simplement vos favoris de beaut\u00e9 vides par des produits rechargeables et continuez \u00e0 utiliser l&#8217;emballage d&#8217;origine. Cela prot\u00e8ge l&#8217;environnement et permet d&#8217;\u00e9conomiser de l&#8217;argent. <\/p>\n<p> Achetez des cosm\u00e9tiques au lieu de les jeter : D\u00e9couvrez les coupelles magn\u00e9tiques pratiques pour la bo\u00eete de beaut\u00e9, les bo\u00eetes de poudre rechargeables et les stylos \u00e0 paupi\u00e8res avec cartouches de recharge. Avec notre idea sturdy, vous pouvez rendre votre mode de vie beaut\u00e9 plus sturdy tout en \u00e9conomisant de l&#8217;argent. <\/p>\n<h3 class=\"a-spacing-small\"> La bo\u00eete de beaut\u00e9 : personnalisable <\/h3>\n<p class=\"apm-text-center\">\n                                                 <img decoding=\"async\" alt=\"Exemple de remplissage de bo\u00eete de beaut\u00e9 pour les yeux bruns\" src=\"https:\/\/images-na.ssl-images-amazon.com\/images\/G\/01\/x-locale\/common\/grey-pixel.gif\" class=\"a-spacing-mini a-lazy-loaded\" data-src=\"https:\/\/m.media-amazon.com\/images\/S\/aplus-media-library-service-media\/4e3d94d1-cefc-44d1-ba80-bd343c2e6373.__CR0,0,300,300_PT0_SX300_V1___.jpg\"><img decoding=\"async\" alt=\"Exemple de remplissage de bo\u00eete de beaut\u00e9 pour les yeux bruns\" src=\"https:\/\/m.media-amazon.com\/images\/S\/aplus-media-library-service-media\/4e3d94d1-cefc-44d1-ba80-bd343c2e6373.__CR0,0,300,300_PT0_SX300_V1___.jpg\">   <\/p>\n<p>                                                    Pour les yeux bruns                                       <\/p>\n<p> Les nuances naturelles ont \u00e9t\u00e9 compl\u00e9t\u00e9es par la nuance sombre N\u00b0520 qui rend les yeux plus alertes et plus frais, sans aucune rougeur. <\/p>\n<p class=\"apm-text-center\">\n                                                 <img decoding=\"async\" alt=\"Exemple de remplissage des yeux bleus\" src=\"https:\/\/images-na.ssl-images-amazon.com\/images\/G\/01\/x-locale\/common\/grey-pixel.gif\" class=\"a-spacing-mini a-lazy-loaded\" data-src=\"https:\/\/m.media-amazon.com\/images\/S\/aplus-media-library-service-media\/de85cdb8-68d9-455a-88c1-32063829d04c.__CR0,0,300,300_PT0_SX300_V1___.jpg\"><img decoding=\"async\" alt=\"Exemple de remplissage des yeux bleus\" src=\"https:\/\/m.media-amazon.com\/images\/S\/aplus-media-library-service-media\/de85cdb8-68d9-455a-88c1-32063829d04c.__CR0,0,300,300_PT0_SX300_V1___.jpg\">   <\/p>\n<p>                                                    Pour les yeux bleus                                       <\/p>\n<p> Les nuances douces sont compl\u00e9t\u00e9es par une teinte sombre et chaude N\u00b018 qui garantit la fra\u00eecheur des yeux bleus. <\/p>\n<p class=\"apm-text-center\">\n                                                 <img decoding=\"async\" alt=\"Beauty Box Exemple de remplissage yeux verts\" src=\"https:\/\/images-na.ssl-images-amazon.com\/images\/G\/01\/x-locale\/common\/grey-pixel.gif\" class=\"a-spacing-mini a-lazy-loaded\" data-src=\"https:\/\/m.media-amazon.com\/images\/S\/aplus-media-library-service-media\/5ee2cf21-a114-4fef-91b5-54947ebd16bb.__CR0,0,300,300_PT0_SX300_V1___.jpg\"><img decoding=\"async\" alt=\"Beauty Box Exemple de remplissage yeux verts\" src=\"https:\/\/m.media-amazon.com\/images\/S\/aplus-media-library-service-media\/5ee2cf21-a114-4fef-91b5-54947ebd16bb.__CR0,0,300,300_PT0_SX300_V1___.jpg\">   <\/p>\n<p>                                                    Pour les yeux verts                                       <\/p>\n<p> Les couleurs assorties donnent aux yeux verts une mod\u00e9lisation douce et renforcent leur propre rayonnement. <\/p>\n<h3 class=\"a-spacing-small\"> Le maquillage parfait pour les yeux <\/h3>\n<p class=\"apm-text-center\">\n                                                 <img decoding=\"async\" alt=\"Appliquer une nuance de fard \u00e0 paupi\u00e8res claire sur la paupi\u00e8re immobile\" src=\"https:\/\/images-na.ssl-images-amazon.com\/images\/G\/01\/x-locale\/common\/grey-pixel.gif\" class=\"a-lazy-loaded\" data-src=\"https:\/\/m.media-amazon.com\/images\/S\/aplus-media-library-service-media\/7f4109fa-4178-4e2a-ba67-66c1d6df3c9a.__CR0,0,220,220_PT0_SX220_V1___.jpg\"><img decoding=\"async\" alt=\"Appliquer une nuance de fard \u00e0 paupi\u00e8res claire sur la paupi\u00e8re immobile\" src=\"https:\/\/m.media-amazon.com\/images\/S\/aplus-media-library-service-media\/7f4109fa-4178-4e2a-ba67-66c1d6df3c9a.__CR0,0,220,220_PT0_SX220_V1___.jpg\">   <\/p>\n<p>                                                    \u00c9tape 1 :                                     <\/p>\n<p class=\"a-size-small\"> Appliquer une nuance de fard \u00e0 paupi\u00e8res claire sur la paupi\u00e8re motionless jusqu&#8217;aux sourcils et m\u00e9langer vers la tempe. <\/p>\n<p class=\"apm-text-center\">\n                                                 <img decoding=\"async\" alt=\"Ombre \u00e0 paupi\u00e8res fonc\u00e9e sur la paupi\u00e8re mobile\" src=\"https:\/\/images-na.ssl-images-amazon.com\/images\/G\/01\/x-locale\/common\/grey-pixel.gif\" class=\"a-lazy-loaded\" data-src=\"https:\/\/m.media-amazon.com\/images\/S\/aplus-media-library-service-media\/c3dba6f9-ec7d-416f-98aa-830d3e804703.__CR0,0,220,220_PT0_SX220_V1___.jpg\"><img decoding=\"async\" alt=\"Ombre \u00e0 paupi\u00e8res fonc\u00e9e sur la paupi\u00e8re mobile\" src=\"https:\/\/m.media-amazon.com\/images\/S\/aplus-media-library-service-media\/c3dba6f9-ec7d-416f-98aa-830d3e804703.__CR0,0,220,220_PT0_SX220_V1___.jpg\">   <\/p>\n<p>                                                    Step 2                                     <\/p>\n<p class=\"a-size-small\"> Appliquez une nuance de fard \u00e0 paupi\u00e8res fonc\u00e9e sur la paupi\u00e8re cell, le lengthy de la base des cils et du coin externe de l&#8217;\u0153il. <\/p>\n<p class=\"apm-text-center\">\n                                                 <img decoding=\"async\" alt=\"Nuance de fard \u00e0 paupi\u00e8res moyenne dans le pli naturel de la paupi\u00e8re\" src=\"https:\/\/images-na.ssl-images-amazon.com\/images\/G\/01\/x-locale\/common\/grey-pixel.gif\" class=\"a-lazy-loaded\" data-src=\"https:\/\/m.media-amazon.com\/images\/S\/aplus-media-library-service-media\/5e73ab33-47c2-450e-816a-c1bbd563bebc.__CR0,0,220,220_PT0_SX220_V1___.jpg\"><img decoding=\"async\" alt=\"Nuance de fard \u00e0 paupi\u00e8res moyenne dans le pli naturel de la paupi\u00e8re\" src=\"https:\/\/m.media-amazon.com\/images\/S\/aplus-media-library-service-media\/5e73ab33-47c2-450e-816a-c1bbd563bebc.__CR0,0,220,220_PT0_SX220_V1___.jpg\">   <\/p>\n<p>                                                    Schritt 3                                     <\/p>\n<p class=\"a-size-small\"> Une nuance de fard \u00e0 paupi\u00e8res moyenne mod\u00e9lise la transition des nuances d\u00e9j\u00e0 appliqu\u00e9es dans le pli naturel de la paupi\u00e8re, ainsi que la d\u00e9marcation dure sur la paupi\u00e8re inf\u00e9rieure. <\/p>\n<p class=\"apm-text-center\">\n                                                 <img decoding=\"async\" alt=\"Mise en valeur avec une nuance de fard \u00e0 paupi\u00e8res brillante\" src=\"https:\/\/images-na.ssl-images-amazon.com\/images\/G\/01\/x-locale\/common\/grey-pixel.gif\" class=\"a-lazy-loaded\" data-src=\"https:\/\/m.media-amazon.com\/images\/S\/aplus-media-library-service-media\/e1601696-c6fc-43f3-a514-63760b4962a2.__CR0,0,220,220_PT0_SX220_V1___.jpg\"><img decoding=\"async\" alt=\"Mise en valeur avec une nuance de fard \u00e0 paupi\u00e8res brillante\" src=\"https:\/\/m.media-amazon.com\/images\/S\/aplus-media-library-service-media\/e1601696-c6fc-43f3-a514-63760b4962a2.__CR0,0,220,220_PT0_SX220_V1___.jpg\">   <\/p>\n<p>                                                    Step 4                                     <\/p>\n<p class=\"a-size-small\"> Avec une nuance de fard \u00e0 paupi\u00e8res brillante, il est attainable de mettre en \u00e9vidence le level le plus haut du sourcil et le coin int\u00e9rieur de l&#8217;\u0153il. <\/p>\n<p>                         Ajouter au panier  <\/p>\n<p>                         Ajouter au panier  <\/p>\n<p>                         Ajouter au panier  <\/p>\n<p>                         Ajouter au panier  <\/p>\n<p>                             Avis consumer  <\/p>\n<p>                    4,5 sur 5\u00a0\u00e9toiles  93  <\/p>\n<p>                    4,5 sur 5\u00a0\u00e9toiles  73  <\/p>\n<p>                    4,0 sur 5\u00a0\u00e9toiles  43  <\/p>\n<p>                    4,4 sur 5\u00a0\u00e9toiles  254  <\/p>\n<p>                             Prix  <\/p>\n<p>                                    8,30\u00a0\u20ac\u20ac8,30                  11,17\u00a0\u20ac\u20ac11,17                     17,90\u00a0\u20ac\u20ac17,90                  18,41\u00a0\u20ac\u20ac18,41           <\/p>\n<p>                             Choice 1 : Focus Yeux<br \/>\n                                2 fards \u00e0 paupi\u00e8res              3 fards \u00e0 paupi\u00e8res                 8 fards \u00e0 paupi\u00e8res              12 fards \u00e0 paupi\u00e8res          <\/p>\n<p>                             Choice 2 : Contouring de mise au level<br \/>\n                                1 camouflage              1 camouflage &amp; 1 poudre \u00e0 sourcils                  1 contouring &amp; 2 camouflage &amp; 1 poudre \u00e0 sourcils              2 contouring &amp; 2 fards \u00e0 paupi\u00e8res &amp; 2 camouflage          <\/p>\n<p>                             Choice 3 : Focus du teint<br \/>\n                                2 sourcils              1 blush                 1 blusher &amp; 1 contouring &amp; 2 fards \u00e0 paupi\u00e8res              3 camouflage &amp; 1 blusher &amp; 1 contouring          <\/p>\n<p> Manufacturing interrompue par le fabricant                                    \u200f                                         :                                    \u200e                                 Non <br \/> Dimensions du produit (L x l x h)                                    \u200f                                         :                                    \u200e                                 50 x 50 x 28 cm; 5 grammes <br \/> Date de mise en ligne sur Amazon.fr                                    \u200f                                         :                                    \u200e                                 25 septembre 2012 <br \/> Fabricant                                    \u200f                                         :                                    \u200e                                 Artdeco <br \/> ASIN                                    \u200f                                         :                                    \u200e                                 B003HKYA2O <br \/> Num\u00e9ro du mod\u00e8le de l&#8217;article                                    \u200f                                         :                                    \u200e                                 4019674330111 <\/p>\n\n","protected":false},"excerpt":{"rendered":"<p>Worth: (as of &#8211; Particulars) Description du fabricant Depuis notre cr\u00e9ation en 1985, ARTDECO s&#8217;appuie sur un syst\u00e8me innovant et rechargeable pour r\u00e9duire les mat\u00e9riaux d&#8217;emballage et pr\u00e9server l&#8217;environnement. Remplacez simplement vos favoris de beaut\u00e9 vides par des produits rechargeables et continuez \u00e0 utiliser l&#8217;emballage d&#8217;origine. Cela prot\u00e8ge l&#8217;environnement et permet d&#8217;\u00e9conomiser de l&#8217;argent. Achetez [&hellip;]<\/p>\n","protected":false},"featured_media":15595,"comment_status":"open","ping_status":"closed","template":"","meta":{"_gspb_post_css":""},"store":[],"product_brand":[],"product_cat":[28],"product_tag":[16],"class_list":{"0":"post-15594","1":"product","2":"type-product","3":"status-publish","4":"has-post-thumbnail","6":"product_cat-face-blushes","7":"product_tag-makeup","9":"first","10":"instock","11":"sale","12":"shipping-taxable","13":"product-type-external"},"_links":{"self":[{"href":"https:\/\/beauteexclusive.com\/index.php?rest_route=\/wp\/v2\/product\/15594","targetHints":{"allow":["GET"]}}],"collection":[{"href":"https:\/\/beauteexclusive.com\/index.php?rest_route=\/wp\/v2\/product"}],"about":[{"href":"https:\/\/beauteexclusive.com\/index.php?rest_route=\/wp\/v2\/types\/product"}],"replies":[{"embeddable":true,"href":"https:\/\/beauteexclusive.com\/index.php?rest_route=%2Fwp%2Fv2%2Fcomments&post=15594"}],"wp:featuredmedia":[{"embeddable":true,"href":"https:\/\/beauteexclusive.com\/index.php?rest_route=\/wp\/v2\/media\/15595"}],"wp:attachment":[{"href":"https:\/\/beauteexclusive.com\/index.php?rest_route=%2Fwp%2Fv2%2Fmedia&parent=15594"}],"wp:term":[{"taxonomy":"store","embeddable":true,"href":"https:\/\/beauteexclusive.com\/index.php?rest_route=%2Fwp%2Fv2%2Fstore&post=15594"},{"taxonomy":"product_brand","embeddable":true,"href":"https:\/\/beauteexclusive.com\/index.php?rest_route=%2Fwp%2Fv2%2Fproduct_brand&post=15594"},{"taxonomy":"product_cat","embeddable":true,"href":"https:\/\/beauteexclusive.com\/index.php?rest_route=%2Fwp%2Fv2%2Fproduct_cat&post=15594"},{"taxonomy":"product_tag","embeddable":true,"href":"https:\/\/beauteexclusive.com\/index.php?rest_route=%2Fwp%2Fv2%2Fproduct_tag&post=15594"}],"curies":[{"name":"wp","href":"https:\/\/api.w.org\/{rel}","templated":true}]}}