{"id":15635,"date":"2025-02-16T16:57:09","date_gmt":"2025-02-16T16:57:09","guid":{"rendered":"https:\/\/beauteexclusive.com\/?product=the-body-shop-olive-unisex-body-butter-200-ml"},"modified":"2025-02-16T16:57:09","modified_gmt":"2025-02-16T16:57:09","slug":"the-physique-store-olive-unisex-physique-butter-200-ml","status":"publish","type":"product","link":"https:\/\/beauteexclusive.com\/?product=the-physique-store-olive-unisex-physique-butter-200-ml","title":{"rendered":"The Physique Store Olive Unisex Physique Butter 200 ml"},"content":{"rendered":"<p><br \/>\nValue: <span style=\"color:#b12704\">30,73\u20ac<\/span><br \/><i><small>(as of Feb 16, 2025 16:57:09 UTC &#8211; <span class=\"wp_automatic_amazon_disclaimer\" title=\"Product prices and availability are accurate as of the date\/time indicated and are subject to change. Any price and availability information displayed on [relevant Amazon Site(s), as applicable] at the time of purchase will apply to the purchase of this product.\">Particulars<\/span>)<\/small><\/i><\/p>\n<p><a href=\"https:\/\/amazon.fr\/dp\/B000HGLLHI?tag=topdeals0945-21\"><img decoding=\"async\" src=\"https:\/\/valvepress.s3.amazonaws.com\/imgs\/buy_now.png\"><\/a><br \/>\n<br \/>\n <span>Le beurre corporel vert olive de The Physique Store. Sa formule sp\u00e9ciale est sturdy et p\u00e9n\u00e8tre rapidement. Les ingr\u00e9dients et le beau parfum ont un effet apaisant sur la peau et l&#8217;\u00e2me. Offrez-vous des moments de bien-\u00eatre et de luxe. Des ingr\u00e9dients naturels et pr\u00e9cieux garantissent un produit de haute qualit\u00e9.<\/span>  <br \/> Manufacturing interrompue par le fabricant                                    \u200f                                         :                                    \u200e                                 Non <br \/> Dimensions du produit (L x l x h)                                    \u200f                                         :                                    \u200e                                 10,6 x 10,3 x 4,5 cm; 181,44 grammes <br \/> Fabricant                                    \u200f                                         :                                    \u200e                                 THE BODY SHOP <br \/> ASIN                                    \u200f                                         :                                    \u200e                                 B000HGLLHI <br \/> Num\u00e9ro du mod\u00e8le de l&#8217;article                                    \u200f                                         :                                    \u200e                                 SCS47662 <br \/> Service                                    \u200f                                         :                                    \u200e                                 Unisexe &#8211; Adulte <\/p>\n<p>Quantity d&#8217;affichage de l&#8217;article : 200,0 ml<br \/>Le beurre corporel aux olives de The Physique Store.<br \/>La formule sp\u00e9ciale dure longtemps et est rapidement absorb\u00e9e.<br \/>Les ingr\u00e9dients et le beau parfum apaisent votre peau et votre \u00e2me.&#8221;<\/p>\n\n","protected":false},"excerpt":{"rendered":"<p>Value: (as of &#8211; Particulars) Le beurre corporel vert olive de The Physique Store. Sa formule sp\u00e9ciale est sturdy et p\u00e9n\u00e8tre rapidement. Les ingr\u00e9dients et le beau parfum ont un effet apaisant sur la peau et l&#8217;\u00e2me. Offrez-vous des moments de bien-\u00eatre et de luxe. Des ingr\u00e9dients naturels et pr\u00e9cieux garantissent un produit de haute [&hellip;]<\/p>\n","protected":false},"featured_media":15636,"comment_status":"open","ping_status":"closed","template":"","meta":{"_gspb_post_css":""},"store":[],"product_brand":[],"product_cat":[20],"product_tag":[16],"class_list":{"0":"post-15635","1":"product","2":"type-product","3":"status-publish","4":"has-post-thumbnail","6":"product_cat-body-butters","7":"product_tag-makeup","9":"first","10":"instock","11":"shipping-taxable","12":"product-type-external"},"_links":{"self":[{"href":"https:\/\/beauteexclusive.com\/index.php?rest_route=\/wp\/v2\/product\/15635","targetHints":{"allow":["GET"]}}],"collection":[{"href":"https:\/\/beauteexclusive.com\/index.php?rest_route=\/wp\/v2\/product"}],"about":[{"href":"https:\/\/beauteexclusive.com\/index.php?rest_route=\/wp\/v2\/types\/product"}],"replies":[{"embeddable":true,"href":"https:\/\/beauteexclusive.com\/index.php?rest_route=%2Fwp%2Fv2%2Fcomments&post=15635"}],"wp:featuredmedia":[{"embeddable":true,"href":"https:\/\/beauteexclusive.com\/index.php?rest_route=\/wp\/v2\/media\/15636"}],"wp:attachment":[{"href":"https:\/\/beauteexclusive.com\/index.php?rest_route=%2Fwp%2Fv2%2Fmedia&parent=15635"}],"wp:term":[{"taxonomy":"store","embeddable":true,"href":"https:\/\/beauteexclusive.com\/index.php?rest_route=%2Fwp%2Fv2%2Fstore&post=15635"},{"taxonomy":"product_brand","embeddable":true,"href":"https:\/\/beauteexclusive.com\/index.php?rest_route=%2Fwp%2Fv2%2Fproduct_brand&post=15635"},{"taxonomy":"product_cat","embeddable":true,"href":"https:\/\/beauteexclusive.com\/index.php?rest_route=%2Fwp%2Fv2%2Fproduct_cat&post=15635"},{"taxonomy":"product_tag","embeddable":true,"href":"https:\/\/beauteexclusive.com\/index.php?rest_route=%2Fwp%2Fv2%2Fproduct_tag&post=15635"}],"curies":[{"name":"wp","href":"https:\/\/api.w.org\/{rel}","templated":true}]}}