{"id":15695,"date":"2025-02-16T18:19:50","date_gmt":"2025-02-16T18:19:50","guid":{"rendered":"https:\/\/beauteexclusive.com\/?product=cantu-lotion-corporelle-nourrissante-au-beurre-de-karite"},"modified":"2025-02-16T18:19:50","modified_gmt":"2025-02-16T18:19:50","slug":"cantu-lotion-corporelle-nourrissante-au-beurre-de-karite","status":"publish","type":"product","link":"https:\/\/beauteexclusive.com\/?product=cantu-lotion-corporelle-nourrissante-au-beurre-de-karite","title":{"rendered":"Cantu Lotion Corporelle Nourrissante au Beurre de Karit\u00e9"},"content":{"rendered":"<p><br \/>\nWorth: <span style=\"color:#b12704\">19,99\u20ac<\/span><br \/><i><small>(as of Feb 16, 2025 18:19:50 UTC &#8211; <span class=\"wp_automatic_amazon_disclaimer\" title=\"Product prices and availability are accurate as of the date\/time indicated and are subject to change. Any price and availability information displayed on [relevant Amazon Site(s), as applicable] at the time of purchase will apply to the purchase of this product.\">Particulars<\/span>)<\/small><\/i><\/p>\n<p><a href=\"https:\/\/amazon.fr\/dp\/B08LYF2YT1?tag=topdeals0945-21\"><img decoding=\"async\" src=\"https:\/\/valvepress.s3.amazonaws.com\/imgs\/buy_now.png\"><\/a><br \/>\n<br \/>\n <span>Lotion corps nourrissante au beurre de karit\u00e9 \u2013 Hydrate, nourrit et apaise la peau &#8211; Facilement absorb\u00e9e par la peau.<\/span>  <br \/> Dimensions du produit (L x l x h)                                    \u200f                                         :                                    \u200e                                 4,8 x 8,3 x 24,2 cm; 498,95 grammes <br \/> Fabricant                                    \u200f                                         :                                    \u200e                                 Cantu <br \/> ASIN                                    \u200f                                         :                                    \u200e                                 B08LYF2YT1 <br \/> Num\u00e9ro du mod\u00e8le de l&#8217;article                                    \u200f                                         :                                    \u200e                                 08050-12\/3UKGE <\/p>\n<p>Rajeunit et assouplit les peaux rugueuses et s\u00e8ches<br \/>3 ingr\u00e9dients ultra-nourrissants: le beurre de karit\u00e9, le beurre de cacao et l&#8217;alo\u00e8s<br \/>D\u00e9licatement parfum\u00e9e avec de subtiles notes de karit\u00e9, d\u2019orange et de vanille<\/p>\n\n","protected":false},"excerpt":{"rendered":"<p>Worth: (as of &#8211; Particulars) Lotion corps nourrissante au beurre de karit\u00e9 \u2013 Hydrate, nourrit et apaise la peau &#8211; Facilement absorb\u00e9e par la peau. Dimensions du produit (L x l x h) \u200f : \u200e 4,8 x 8,3 x 24,2 cm; 498,95 grammes Fabricant \u200f : \u200e Cantu ASIN \u200f : \u200e B08LYF2YT1 Num\u00e9ro [&hellip;]<\/p>\n","protected":false},"featured_media":15696,"comment_status":"open","ping_status":"closed","template":"","meta":{"_gspb_post_css":""},"store":[],"product_brand":[],"product_cat":[20],"product_tag":[16],"class_list":{"0":"post-15695","1":"product","2":"type-product","3":"status-publish","4":"has-post-thumbnail","6":"product_cat-body-butters","7":"product_tag-makeup","9":"first","10":"instock","11":"shipping-taxable","12":"product-type-external"},"_links":{"self":[{"href":"https:\/\/beauteexclusive.com\/index.php?rest_route=\/wp\/v2\/product\/15695","targetHints":{"allow":["GET"]}}],"collection":[{"href":"https:\/\/beauteexclusive.com\/index.php?rest_route=\/wp\/v2\/product"}],"about":[{"href":"https:\/\/beauteexclusive.com\/index.php?rest_route=\/wp\/v2\/types\/product"}],"replies":[{"embeddable":true,"href":"https:\/\/beauteexclusive.com\/index.php?rest_route=%2Fwp%2Fv2%2Fcomments&post=15695"}],"wp:featuredmedia":[{"embeddable":true,"href":"https:\/\/beauteexclusive.com\/index.php?rest_route=\/wp\/v2\/media\/15696"}],"wp:attachment":[{"href":"https:\/\/beauteexclusive.com\/index.php?rest_route=%2Fwp%2Fv2%2Fmedia&parent=15695"}],"wp:term":[{"taxonomy":"store","embeddable":true,"href":"https:\/\/beauteexclusive.com\/index.php?rest_route=%2Fwp%2Fv2%2Fstore&post=15695"},{"taxonomy":"product_brand","embeddable":true,"href":"https:\/\/beauteexclusive.com\/index.php?rest_route=%2Fwp%2Fv2%2Fproduct_brand&post=15695"},{"taxonomy":"product_cat","embeddable":true,"href":"https:\/\/beauteexclusive.com\/index.php?rest_route=%2Fwp%2Fv2%2Fproduct_cat&post=15695"},{"taxonomy":"product_tag","embeddable":true,"href":"https:\/\/beauteexclusive.com\/index.php?rest_route=%2Fwp%2Fv2%2Fproduct_tag&post=15695"}],"curies":[{"name":"wp","href":"https:\/\/api.w.org\/{rel}","templated":true}]}}