{"id":15844,"date":"2025-02-17T15:11:02","date_gmt":"2025-02-17T15:11:02","guid":{"rendered":"https:\/\/beauteexclusive.com\/?product=nivea-for-men-body-lotion-revitalisante-250-ml"},"modified":"2025-02-17T15:11:02","modified_gmt":"2025-02-17T15:11:02","slug":"nivea-for-males-physique-lotion-revitalisante-250-ml","status":"publish","type":"product","link":"https:\/\/beauteexclusive.com\/?product=nivea-for-males-physique-lotion-revitalisante-250-ml","title":{"rendered":"Nivea for Males Physique lotion revitalisante 250 ml"},"content":{"rendered":"<p><br \/>\nValue: <span style=\"color:#b12704\">12,01\u20ac<\/span><br \/><i><small>(as of Feb 17, 2025 15:11:02 UTC &#8211; <span class=\"wp_automatic_amazon_disclaimer\" title=\"Product prices and availability are accurate as of the date\/time indicated and are subject to change. Any price and availability information displayed on [relevant Amazon Site(s), as applicable] at the time of purchase will apply to the purchase of this product.\">Particulars<\/span>)<\/small><\/i><\/p>\n<p><a href=\"https:\/\/amazon.fr\/dp\/B006VSTFIS?tag=topdeals0945-21\"><img decoding=\"async\" src=\"https:\/\/valvepress.s3.amazonaws.com\/imgs\/buy_now.png\"><\/a><br \/>\n<br \/>\n <span>Donnez \u00e0 la peau des hommes un coup de pied further frais. La lotion revitalisante pour le corps a \u00e9t\u00e9 sp\u00e9cialement d\u00e9velopp\u00e9e pour les hommes et leurs besoins quotidiens. La formule \u00e0 la vitamine E et \u00e0 la technologie Hydra IQ fournit 24 heures d&#8217;humidit\u00e9. Il absorbe rapidement et ne laisse aucune sensation collante sur la peau. Pour une peau de menskin bien entretenue : lotion corporelle revitalisante Nivea Males<\/span>  <br \/> Manufacturing interrompue par le fabricant                                    \u200f                                         :                                    \u200e                                 Non <br \/> Dimensions du produit (L x l x h)                                    \u200f                                         :                                    \u200e                                 3,2 x 7,01 x 19,2 cm; 280 grammes <br \/> Fabricant                                    \u200f                                         :                                    \u200e                                 Nivea <br \/> ASIN                                    \u200f                                         :                                    \u200e                                 B006VSTFIS <br \/> Num\u00e9ro du mod\u00e8le de l&#8217;article                                    \u200f                                         :                                    \u200e                                 80255 <\/p>\n<p>Veuillez noter que vous pouvez recevoir l&#8217;un des emballages pr\u00e9sent\u00e9s sur les deuxi\u00e8me et troisi\u00e8me photographs. Cependant, le produit reste identique<br \/>Lotion corporelle vitalisante \u00e0 la vitamine E et Hydra IQ pour homme : coup de pied further frais, hydratant jusqu&#8217;\u00e0 24 heures, pour une peau masculine nourrie<br \/>Software : software et distribution faciles de la lotion pour le corps ; absorption rapide sans devenir grasse<br \/>Contenu de la livraison : 4 lotions Nivea Males vitalisantes pour le corps 250 ml<br \/>Les produits internationaux ont des circumstances distinctes, sont vendus depuis l&#8217;\u00e9tranger et peuvent diff\u00e9rer des produits locaux, y compris l&#8217;ajustement, les indications d&#8217;\u00e2ge et la langue du produit, l&#8217;\u00e9tiquetage ou les directions.<\/p>\n\n","protected":false},"excerpt":{"rendered":"<p>Value: (as of &#8211; Particulars) Donnez \u00e0 la peau des hommes un coup de pied further frais. La lotion revitalisante pour le corps a \u00e9t\u00e9 sp\u00e9cialement d\u00e9velopp\u00e9e pour les hommes et leurs besoins quotidiens. La formule \u00e0 la vitamine E et \u00e0 la technologie Hydra IQ fournit 24 heures d&#8217;humidit\u00e9. Il absorbe rapidement et ne [&hellip;]<\/p>\n","protected":false},"featured_media":15845,"comment_status":"open","ping_status":"closed","template":"","meta":{"_gspb_post_css":""},"store":[],"product_brand":[],"product_cat":[22],"product_tag":[16],"class_list":{"0":"post-15844","1":"product","2":"type-product","3":"status-publish","4":"has-post-thumbnail","6":"product_cat-body-lotions","7":"product_tag-makeup","9":"first","10":"instock","11":"shipping-taxable","12":"product-type-external"},"_links":{"self":[{"href":"https:\/\/beauteexclusive.com\/index.php?rest_route=\/wp\/v2\/product\/15844","targetHints":{"allow":["GET"]}}],"collection":[{"href":"https:\/\/beauteexclusive.com\/index.php?rest_route=\/wp\/v2\/product"}],"about":[{"href":"https:\/\/beauteexclusive.com\/index.php?rest_route=\/wp\/v2\/types\/product"}],"replies":[{"embeddable":true,"href":"https:\/\/beauteexclusive.com\/index.php?rest_route=%2Fwp%2Fv2%2Fcomments&post=15844"}],"wp:featuredmedia":[{"embeddable":true,"href":"https:\/\/beauteexclusive.com\/index.php?rest_route=\/wp\/v2\/media\/15845"}],"wp:attachment":[{"href":"https:\/\/beauteexclusive.com\/index.php?rest_route=%2Fwp%2Fv2%2Fmedia&parent=15844"}],"wp:term":[{"taxonomy":"store","embeddable":true,"href":"https:\/\/beauteexclusive.com\/index.php?rest_route=%2Fwp%2Fv2%2Fstore&post=15844"},{"taxonomy":"product_brand","embeddable":true,"href":"https:\/\/beauteexclusive.com\/index.php?rest_route=%2Fwp%2Fv2%2Fproduct_brand&post=15844"},{"taxonomy":"product_cat","embeddable":true,"href":"https:\/\/beauteexclusive.com\/index.php?rest_route=%2Fwp%2Fv2%2Fproduct_cat&post=15844"},{"taxonomy":"product_tag","embeddable":true,"href":"https:\/\/beauteexclusive.com\/index.php?rest_route=%2Fwp%2Fv2%2Fproduct_tag&post=15844"}],"curies":[{"name":"wp","href":"https:\/\/api.w.org\/{rel}","templated":true}]}}