{"id":15877,"date":"2025-02-18T16:57:55","date_gmt":"2025-02-18T16:57:55","guid":{"rendered":"https:\/\/beauteexclusive.com\/?product=betteryou-magnesium-lotion-pour-corps"},"modified":"2025-02-18T16:57:55","modified_gmt":"2025-02-18T16:57:55","slug":"betteryou-magnesium-lotion-pour-corps","status":"publish","type":"product","link":"https:\/\/beauteexclusive.com\/?product=betteryou-magnesium-lotion-pour-corps","title":{"rendered":"BetterYou Magn\u00e9sium Lotion pour Corps"},"content":{"rendered":"<p><br \/>\nValue: <span style=\"color:#b12704\"><del>22,99\u20ac<\/del> - 15,81\u20ac<\/span><br \/><i><small>(as of Feb 18, 2025 16:57:55 UTC &#8211; <span class=\"wp_automatic_amazon_disclaimer\" title=\"Product prices and availability are accurate as of the date\/time indicated and are subject to change. Any price and availability information displayed on [relevant Amazon Site(s), as applicable] at the time of purchase will apply to the purchase of this product.\">Particulars<\/span>)<\/small><\/i><\/p>\n<p><a href=\"https:\/\/amazon.fr\/dp\/B00U6CG5QU?tag=topdeals0945-21\"><img decoding=\"async\" src=\"https:\/\/valvepress.s3.amazonaws.com\/imgs\/buy_now.png\"><\/a><br \/>\n<br \/>\n <span>&#8220;BetterYou Lotion pour le corps au magn\u00e9sium 150 ml: La lotion pour le corps au magn\u00e9sium contient 30% d&#8217;huile de magn\u00e9sium BetterYou combin\u00e9e avec du beurre de karit\u00e9, du beurre de cacao, de l&#8217;huile de noix de coco et de la vitamine E. Lorsqu&#8217;elle est utilis\u00e9e quotidiennement, cette formule l\u00e9g\u00e8re hydratera et hydratera la peau pour favoriser un \u00e9clat de peau sain. Test\u00e9 d\u00e9matologiquement., La lotion pour le corps au magn\u00e9sium a pass\u00e9 les essais les plus rigoureux afin que vous puissiez \u00eatre s\u00fbr de sa pertinence et de son soutien efficace pour les peaux les plus sensibles et les environnements les plus difficiles. &#8220;.<\/span>  <br \/> Manufacturing interrompue par le fabricant                                    \u200f                                         :                                    \u200e                                 Non <br \/> Dimensions du produit (L x l x h)                                    \u200f                                         :                                    \u200e                                 5 x 5 x 16 cm; 220 grammes <br \/> Fabricant                                    \u200f                                         :                                    \u200e                                 BetterYou <br \/> ASIN                                    \u200f                                         :                                    \u200e                                 B00U6CG5QU <br \/> Num\u00e9ro du mod\u00e8le de l&#8217;article                                    \u200f                                         :                                    \u200e                                 79995 <\/p>\n<p>Formulation quotidienne l\u00e9g\u00e8re pour maintenir l&#8217;hydratation, hydrater la peau et favoriser un \u00e9clat sain<br \/>Lotion au magn\u00e9sium pour soutenir activement la carence en magn\u00e9sium<br \/>Un min\u00e9ral puissant, il est essentiel pour aider \u00e0 r\u00e9parer et reconstituer les cellules, am\u00e9liorer l&#8217;\u00e9lasticit\u00e9 et la sant\u00e9 globale de la peau<br \/>Efficace et fiable<\/p>\n\n","protected":false},"excerpt":{"rendered":"<p>Value: (as of &#8211; Particulars) &#8220;BetterYou Lotion pour le corps au magn\u00e9sium 150 ml: La lotion pour le corps au magn\u00e9sium contient 30% d&#8217;huile de magn\u00e9sium BetterYou combin\u00e9e avec du beurre de karit\u00e9, du beurre de cacao, de l&#8217;huile de noix de coco et de la vitamine E. Lorsqu&#8217;elle est utilis\u00e9e quotidiennement, cette formule l\u00e9g\u00e8re [&hellip;]<\/p>\n","protected":false},"featured_media":15878,"comment_status":"open","ping_status":"closed","template":"","meta":{"_gspb_post_css":""},"store":[],"product_brand":[],"product_cat":[22],"product_tag":[16],"class_list":{"0":"post-15877","1":"product","2":"type-product","3":"status-publish","4":"has-post-thumbnail","6":"product_cat-body-lotions","7":"product_tag-makeup","9":"first","10":"instock","11":"sale","12":"shipping-taxable","13":"product-type-external"},"_links":{"self":[{"href":"https:\/\/beauteexclusive.com\/index.php?rest_route=\/wp\/v2\/product\/15877","targetHints":{"allow":["GET"]}}],"collection":[{"href":"https:\/\/beauteexclusive.com\/index.php?rest_route=\/wp\/v2\/product"}],"about":[{"href":"https:\/\/beauteexclusive.com\/index.php?rest_route=\/wp\/v2\/types\/product"}],"replies":[{"embeddable":true,"href":"https:\/\/beauteexclusive.com\/index.php?rest_route=%2Fwp%2Fv2%2Fcomments&post=15877"}],"wp:featuredmedia":[{"embeddable":true,"href":"https:\/\/beauteexclusive.com\/index.php?rest_route=\/wp\/v2\/media\/15878"}],"wp:attachment":[{"href":"https:\/\/beauteexclusive.com\/index.php?rest_route=%2Fwp%2Fv2%2Fmedia&parent=15877"}],"wp:term":[{"taxonomy":"store","embeddable":true,"href":"https:\/\/beauteexclusive.com\/index.php?rest_route=%2Fwp%2Fv2%2Fstore&post=15877"},{"taxonomy":"product_brand","embeddable":true,"href":"https:\/\/beauteexclusive.com\/index.php?rest_route=%2Fwp%2Fv2%2Fproduct_brand&post=15877"},{"taxonomy":"product_cat","embeddable":true,"href":"https:\/\/beauteexclusive.com\/index.php?rest_route=%2Fwp%2Fv2%2Fproduct_cat&post=15877"},{"taxonomy":"product_tag","embeddable":true,"href":"https:\/\/beauteexclusive.com\/index.php?rest_route=%2Fwp%2Fv2%2Fproduct_tag&post=15877"}],"curies":[{"name":"wp","href":"https:\/\/api.w.org\/{rel}","templated":true}]}}