{"id":15941,"date":"2025-02-19T14:50:49","date_gmt":"2025-02-19T14:50:49","guid":{"rendered":"https:\/\/beauteexclusive.com\/?product=base-de-beurre-corporel-naturel-1-kg"},"modified":"2025-02-19T14:50:49","modified_gmt":"2025-02-19T14:50:49","slug":"base-de-beurre-corporel-naturel-1-kg","status":"publish","type":"product","link":"https:\/\/beauteexclusive.com\/?product=base-de-beurre-corporel-naturel-1-kg","title":{"rendered":"Base de beurre corporel naturel 1 kg"},"content":{"rendered":"<p><br \/>\nWorth: <span style=\"color:#b12704\">33,95\u20ac<\/span><br \/><i><small>(as of Feb 19, 2025 14:50:49 UTC &#8211; <span class=\"wp_automatic_amazon_disclaimer\" title=\"Product prices and availability are accurate as of the date\/time indicated and are subject to change. Any price and availability information displayed on [relevant Amazon Site(s), as applicable] at the time of purchase will apply to the purchase of this product.\">Particulars<\/span>)<\/small><\/i><\/p>\n<p><a href=\"https:\/\/amazon.fr\/dp\/B011C4XOBO?tag=topdeals0945-21\"><img decoding=\"async\" src=\"https:\/\/valvepress.s3.amazonaws.com\/imgs\/buy_now.png\"><\/a><br \/>\n<br \/>\n D\u00e9couvrez la magie des moments mystiques et transformez votre vie aujourd&#039;hui. <br \/> Manufacturing interrompue par le fabricant                                    \u200f                                         :                                    \u200e                                 Non <br \/> Dimensions du colis                                    \u200f                                         :                                    \u200e                                 4,57 x 3,18 x 1,19 cm; 500 grammes <br \/> ASIN                                    \u200f                                         :                                    \u200e                                 B011C4XOBO <br \/> Num\u00e9ro du mod\u00e8le de l&#8217;article                                    \u200f                                         :                                    \u200e                                 TBBODYBUTTER1K <\/p>\n<p>Beurre corporel naturel 1 kg<br \/>Sans sulfate, \u00e9thoxylate, propyl\u00e8ne glycol, silicone, DEA et colorants artificiels. \u00c9mollient de sort cire\/beurre utilisant des huiles cires et des hydratants \u00e0 partir d&#8217;ingr\u00e9dients naturels. Une base \u00e9molliente riche qui peut \u00eatre utilis\u00e9e comme cr\u00e8me hydratante (sort occlusif), ou comme base pour la pr\u00e9paration de cr\u00e8mes ou lotions \u00e9mollientes riches.<br \/>Ar\u00f4me : non parfum\u00e9 \u2013 Une l\u00e9g\u00e8re odeur d&#8217;huile\/cire peut facilement surmonter avec des huiles essentielles ou parfum\u00e9es. Parfum : essayez 3 \u00e0 7 gouttes d&#8217;huile essentielle ou d&#8217;huile parfum\u00e9e pour 100 g de beurre corporel. Les choices sont infinies avec ce produit, soyez cr\u00e9atif et exp\u00e9rimentez avec vos huiles pr\u00e9f\u00e9r\u00e9es. Couleur : non color\u00e9 \u2013 une l\u00e9g\u00e8re couleur de base jaun\u00e2tre facilement surmont\u00e9e avec des couleurs solubles \u00e0 l&#8217;huile. Coloration : faites une resolution dilu\u00e9e de couleurs solubles \u00e0 l&#8217;huile de jojoba. Essayez 1 \u00e0 5 gouttes de couleurs dilu\u00e9es pour 100 g de beurre corporel.<br \/>Conservation : cette formule contient un syst\u00e8me de conservation suffisant sans paraben pour durer deux \u00e0 trois ans dans des situations normales. Toutefois, si vous souhaitez ajouter plus de 10 % de mat\u00e9riau suppl\u00e9mentaire ou diluer le produit en ajoutant plus de 10 % d&#8217;eau, nous vous recommandons d&#8217;ajouter un conservateur suppl\u00e9mentaire de 0,1 % (par 10 % de mat\u00e9riau ajout\u00e9), en utilisant des conservateurs tels que Plantaserv P ou Plantaserv Q ou des antioxydants tels que la vitamine E naturelle, l&#8217;extrait de romarin ou le tolu\u00e8ne.<br \/>Ingr\u00e9dients : Aqua, Cetearyl Alcohol, Prunus amygdalus dulcis Oil, Isopropyl Myristate, Butyrospermum Parkii Butter, Propylene Glycol, Glyc\u00e9rine, C12-15 Alkyl Benzoate, Glyceryl Stearate, Ceteareth-20, Dimethicone, Panth\u00e9nol, Cera alba, Lanoline. DISODIUM EDTA, gomme xanthane, d\u00e9cyl\u00e8ne glycol, caprylyl glycol, ph\u00e9noxy\u00e9thanol<\/p>\n\n","protected":false},"excerpt":{"rendered":"<p>Worth: (as of &#8211; Particulars) D\u00e9couvrez la magie des moments mystiques et transformez votre vie aujourd&#039;hui. Manufacturing interrompue par le fabricant \u200f : \u200e Non Dimensions du colis \u200f : \u200e 4,57 x 3,18 x 1,19 cm; 500 grammes ASIN \u200f : \u200e B011C4XOBO Num\u00e9ro du mod\u00e8le de l&#8217;article \u200f : \u200e TBBODYBUTTER1K Beurre corporel [&hellip;]<\/p>\n","protected":false},"featured_media":15942,"comment_status":"open","ping_status":"closed","template":"","meta":{"_gspb_post_css":""},"store":[],"product_brand":[],"product_cat":[20],"product_tag":[16],"class_list":{"0":"post-15941","1":"product","2":"type-product","3":"status-publish","4":"has-post-thumbnail","6":"product_cat-body-butters","7":"product_tag-makeup","9":"first","10":"instock","11":"shipping-taxable","12":"product-type-external"},"_links":{"self":[{"href":"https:\/\/beauteexclusive.com\/index.php?rest_route=\/wp\/v2\/product\/15941","targetHints":{"allow":["GET"]}}],"collection":[{"href":"https:\/\/beauteexclusive.com\/index.php?rest_route=\/wp\/v2\/product"}],"about":[{"href":"https:\/\/beauteexclusive.com\/index.php?rest_route=\/wp\/v2\/types\/product"}],"replies":[{"embeddable":true,"href":"https:\/\/beauteexclusive.com\/index.php?rest_route=%2Fwp%2Fv2%2Fcomments&post=15941"}],"wp:featuredmedia":[{"embeddable":true,"href":"https:\/\/beauteexclusive.com\/index.php?rest_route=\/wp\/v2\/media\/15942"}],"wp:attachment":[{"href":"https:\/\/beauteexclusive.com\/index.php?rest_route=%2Fwp%2Fv2%2Fmedia&parent=15941"}],"wp:term":[{"taxonomy":"store","embeddable":true,"href":"https:\/\/beauteexclusive.com\/index.php?rest_route=%2Fwp%2Fv2%2Fstore&post=15941"},{"taxonomy":"product_brand","embeddable":true,"href":"https:\/\/beauteexclusive.com\/index.php?rest_route=%2Fwp%2Fv2%2Fproduct_brand&post=15941"},{"taxonomy":"product_cat","embeddable":true,"href":"https:\/\/beauteexclusive.com\/index.php?rest_route=%2Fwp%2Fv2%2Fproduct_cat&post=15941"},{"taxonomy":"product_tag","embeddable":true,"href":"https:\/\/beauteexclusive.com\/index.php?rest_route=%2Fwp%2Fv2%2Fproduct_tag&post=15941"}],"curies":[{"name":"wp","href":"https:\/\/api.w.org\/{rel}","templated":true}]}}