{"id":16073,"date":"2025-02-19T16:50:32","date_gmt":"2025-02-19T16:50:32","guid":{"rendered":"https:\/\/beauteexclusive.com\/?product=reve-de-the-gommage-granite-ressourcant-150-ml"},"modified":"2025-02-19T16:50:32","modified_gmt":"2025-02-19T16:50:32","slug":"reve-de-the-gommage-granite-ressourcant-150-ml","status":"publish","type":"product","link":"https:\/\/beauteexclusive.com\/?product=reve-de-the-gommage-granite-ressourcant-150-ml","title":{"rendered":"R\u00eave De Th\u00e9 Gommage Granit\u00e9 Ressour\u00e7ant 150 Ml"},"content":{"rendered":"<p><br \/>\nWorth: <span style=\"color:#b12704\"><del>18,90\u20ac<\/del> - 15,79\u20ac<\/span><br \/><i><small>(as of Feb 19, 2025 16:50:32 UTC &#8211; <span class=\"wp_automatic_amazon_disclaimer\" title=\"Product prices and availability are accurate as of the date\/time indicated and are subject to change. Any price and availability information displayed on [relevant Amazon Site(s), as applicable] at the time of purchase will apply to the purchase of this product.\">Particulars<\/span>)<\/small><\/i><\/p>\n<p><a href=\"https:\/\/amazon.fr\/dp\/B0911ZLVW8?tag=topdeals0945-21\"><img decoding=\"async\" src=\"https:\/\/valvepress.s3.amazonaws.com\/imgs\/buy_now.png\"><\/a><br \/>\n<br \/>\n <span>R\u00caVE DE TH\u00c9 exfoliante granulado revitalizante 150 ml<\/span>  <br \/> Pile(s) \/ Batterie(s) :                                    \u200f                                         :                                    \u200e                                 1 A n\u00e9cessite des piles. <br \/> Manufacturing interrompue par le fabricant                                    \u200f                                         :                                    \u200e                                 Non <br \/> Langue                                    \u200f                                         :                                    \u200e                                 Anglais <br \/> Dimensions du produit (L x l x h)                                    \u200f                                         :                                    \u200e                                 30 x 20 x 30 cm; 200 grammes <br \/> Fabricant                                    \u200f                                         :                                    \u200e                                 Nuxe <br \/> ASIN                                    \u200f                                         :                                    \u200e                                 B0911ZLVW8 <br \/> Num\u00e9ro du mod\u00e8le de l&#8217;article                                    \u200f                                         :                                    \u200e                                 014474 <\/p>\n<p>Ce gommage exfoliant ultra-frais d?extrait de Th\u00e9 vert et grains de Bambou, lib\u00e8re la peau des cellules mortes et la laisse ressourc\u00e9e et vivifi\u00e9e, comme neuve.<br \/>Tout sort de peau<\/p>\n\n","protected":false},"excerpt":{"rendered":"<p>Worth: (as of &#8211; Particulars) R\u00caVE DE TH\u00c9 exfoliante granulado revitalizante 150 ml Pile(s) \/ Batterie(s) : \u200f : \u200e 1 A n\u00e9cessite des piles. Manufacturing interrompue par le fabricant \u200f : \u200e Non Langue \u200f : \u200e Anglais Dimensions du produit (L x l x h) \u200f : \u200e 30 x 20 x 30 [&hellip;]<\/p>\n","protected":false},"featured_media":16074,"comment_status":"open","ping_status":"closed","template":"","meta":{"_gspb_post_css":""},"store":[],"product_brand":[],"product_cat":[33],"product_tag":[16],"class_list":{"0":"post-16073","1":"product","2":"type-product","3":"status-publish","4":"has-post-thumbnail","6":"product_cat-facial-polishes-scrubs","7":"product_tag-makeup","9":"first","10":"instock","11":"sale","12":"shipping-taxable","13":"product-type-external"},"_links":{"self":[{"href":"https:\/\/beauteexclusive.com\/index.php?rest_route=\/wp\/v2\/product\/16073","targetHints":{"allow":["GET"]}}],"collection":[{"href":"https:\/\/beauteexclusive.com\/index.php?rest_route=\/wp\/v2\/product"}],"about":[{"href":"https:\/\/beauteexclusive.com\/index.php?rest_route=\/wp\/v2\/types\/product"}],"replies":[{"embeddable":true,"href":"https:\/\/beauteexclusive.com\/index.php?rest_route=%2Fwp%2Fv2%2Fcomments&post=16073"}],"wp:featuredmedia":[{"embeddable":true,"href":"https:\/\/beauteexclusive.com\/index.php?rest_route=\/wp\/v2\/media\/16074"}],"wp:attachment":[{"href":"https:\/\/beauteexclusive.com\/index.php?rest_route=%2Fwp%2Fv2%2Fmedia&parent=16073"}],"wp:term":[{"taxonomy":"store","embeddable":true,"href":"https:\/\/beauteexclusive.com\/index.php?rest_route=%2Fwp%2Fv2%2Fstore&post=16073"},{"taxonomy":"product_brand","embeddable":true,"href":"https:\/\/beauteexclusive.com\/index.php?rest_route=%2Fwp%2Fv2%2Fproduct_brand&post=16073"},{"taxonomy":"product_cat","embeddable":true,"href":"https:\/\/beauteexclusive.com\/index.php?rest_route=%2Fwp%2Fv2%2Fproduct_cat&post=16073"},{"taxonomy":"product_tag","embeddable":true,"href":"https:\/\/beauteexclusive.com\/index.php?rest_route=%2Fwp%2Fv2%2Fproduct_tag&post=16073"}],"curies":[{"name":"wp","href":"https:\/\/api.w.org\/{rel}","templated":true}]}}