{"id":16085,"date":"2025-02-19T16:59:27","date_gmt":"2025-02-19T16:59:27","guid":{"rendered":"https:\/\/beauteexclusive.com\/?product=lotion-pour-le-corps-jasmin-200-ml"},"modified":"2025-02-19T16:59:27","modified_gmt":"2025-02-19T16:59:27","slug":"lotion-pour-le-corps-jasmin-200-ml","status":"publish","type":"product","link":"https:\/\/beauteexclusive.com\/?product=lotion-pour-le-corps-jasmin-200-ml","title":{"rendered":"Lotion pour le Corps Jasmin 200 ml"},"content":{"rendered":"<p><br \/>\nValue: <span style=\"color:#b12704\">8,00\u20ac<\/span><br \/><i><small>(as of Feb 19, 2025 16:59:27 UTC &#8211; <span class=\"wp_automatic_amazon_disclaimer\" title=\"Product prices and availability are accurate as of the date\/time indicated and are subject to change. Any price and availability information displayed on [relevant Amazon Site(s), as applicable] at the time of purchase will apply to the purchase of this product.\">Particulars<\/span>)<\/small><\/i><\/p>\n<p><a href=\"https:\/\/amazon.fr\/dp\/B097N152R1?tag=topdeals0945-21\"><img decoding=\"async\" src=\"https:\/\/valvepress.s3.amazonaws.com\/imgs\/buy_now.png\"><\/a><br \/>\n<br \/>\n <span>Lotion pour le corps Jasmin 200ml.<\/span>  <br \/> Langue                                    \u200f                                         :                                    \u200e                                 Anglais <br \/> Dimensions du produit (L x l x h)                                    \u200f                                         :                                    \u200e                                 17 x 4 x 17 cm; 226 grammes <br \/> Fabricant                                    \u200f                                         :                                    \u200e                                 Afoi Iochana OE <br \/> ASIN                                    \u200f                                         :                                    \u200e                                 B097N152R1 <br \/> Num\u00e9ro du mod\u00e8le de l&#8217;article                                    \u200f                                         :                                    \u200e                                 239 <br \/> Pays d&#8217;origine                                    \u200f                                         :                                    \u200e                                 France <\/p>\n<p>Lotion pour le corps aromatis\u00e9e aux extraits de jasmin<br \/>Avec de riches propri\u00e9t\u00e9s hydratantes et nourrissantes<br \/>Apporte une peau souple et saine en \u00e9liminant progressivement les signes de vieillissement pr\u00e9matur\u00e9<br \/>Test\u00e9 dermatologiquement<br \/>6.76fl.oz | 200ml<\/p>\n\n","protected":false},"excerpt":{"rendered":"<p>Value: (as of &#8211; Particulars) Lotion pour le corps Jasmin 200ml. Langue \u200f : \u200e Anglais Dimensions du produit (L x l x h) \u200f : \u200e 17 x 4 x 17 cm; 226 grammes Fabricant \u200f : \u200e Afoi Iochana OE ASIN \u200f : \u200e B097N152R1 Num\u00e9ro du mod\u00e8le de l&#8217;article \u200f : \u200e [&hellip;]<\/p>\n","protected":false},"featured_media":16086,"comment_status":"open","ping_status":"closed","template":"","meta":{"_gspb_post_css":""},"store":[],"product_brand":[],"product_cat":[22],"product_tag":[16],"class_list":{"0":"post-16085","1":"product","2":"type-product","3":"status-publish","4":"has-post-thumbnail","6":"product_cat-body-lotions","7":"product_tag-makeup","9":"first","10":"instock","11":"shipping-taxable","12":"product-type-external"},"_links":{"self":[{"href":"https:\/\/beauteexclusive.com\/index.php?rest_route=\/wp\/v2\/product\/16085","targetHints":{"allow":["GET"]}}],"collection":[{"href":"https:\/\/beauteexclusive.com\/index.php?rest_route=\/wp\/v2\/product"}],"about":[{"href":"https:\/\/beauteexclusive.com\/index.php?rest_route=\/wp\/v2\/types\/product"}],"replies":[{"embeddable":true,"href":"https:\/\/beauteexclusive.com\/index.php?rest_route=%2Fwp%2Fv2%2Fcomments&post=16085"}],"wp:featuredmedia":[{"embeddable":true,"href":"https:\/\/beauteexclusive.com\/index.php?rest_route=\/wp\/v2\/media\/16086"}],"wp:attachment":[{"href":"https:\/\/beauteexclusive.com\/index.php?rest_route=%2Fwp%2Fv2%2Fmedia&parent=16085"}],"wp:term":[{"taxonomy":"store","embeddable":true,"href":"https:\/\/beauteexclusive.com\/index.php?rest_route=%2Fwp%2Fv2%2Fstore&post=16085"},{"taxonomy":"product_brand","embeddable":true,"href":"https:\/\/beauteexclusive.com\/index.php?rest_route=%2Fwp%2Fv2%2Fproduct_brand&post=16085"},{"taxonomy":"product_cat","embeddable":true,"href":"https:\/\/beauteexclusive.com\/index.php?rest_route=%2Fwp%2Fv2%2Fproduct_cat&post=16085"},{"taxonomy":"product_tag","embeddable":true,"href":"https:\/\/beauteexclusive.com\/index.php?rest_route=%2Fwp%2Fv2%2Fproduct_tag&post=16085"}],"curies":[{"name":"wp","href":"https:\/\/api.w.org\/{rel}","templated":true}]}}