{"id":16097,"date":"2025-02-19T17:14:50","date_gmt":"2025-02-19T17:14:50","guid":{"rendered":"https:\/\/beauteexclusive.com\/?product=mauboussin-original-femme-200ml-creme-divine-femme-senteur-orientale-fruitee"},"modified":"2025-02-19T17:14:50","modified_gmt":"2025-02-19T17:14:50","slug":"mauboussin-authentic-femme-200ml-creme-divine-femme-senteur-orientale-fruitee","status":"publish","type":"product","link":"https:\/\/beauteexclusive.com\/?product=mauboussin-authentic-femme-200ml-creme-divine-femme-senteur-orientale-fruitee","title":{"rendered":"Mauboussin &#8211; Authentic Femme 200ml &#8211; Cr\u00e8me Divine Femme &#8211; Senteur Orientale &#038; Fruit\u00e9e"},"content":{"rendered":"<p><br \/>\nWorth: <span style=\"color:#b12704\">19,90\u20ac<\/span><br \/><i><small>(as of Feb 19, 2025 17:14:50 UTC &#8211; <span class=\"wp_automatic_amazon_disclaimer\" title=\"Product prices and availability are accurate as of the date\/time indicated and are subject to change. Any price and availability information displayed on [relevant Amazon Site(s), as applicable] at the time of purchase will apply to the purchase of this product.\">Particulars<\/span>)<\/small><\/i><\/p>\n<p><a href=\"https:\/\/amazon.fr\/dp\/B09Z77C92X?tag=topdeals0945-21\"><img decoding=\"async\" src=\"https:\/\/valvepress.s3.amazonaws.com\/imgs\/buy_now.png\"><\/a><br \/>\n<\/p>\n<p>         De la marque            <\/p>\n<p>                                         <img decoding=\"async\" alt=\"Mauboussin Cr\u00e8mes Divines\" src=\"https:\/\/images-na.ssl-images-amazon.com\/images\/G\/01\/x-locale\/common\/grey-pixel.gif\" class=\"a-lazy-loaded\" data-src=\"https:\/\/m.media-amazon.com\/images\/S\/aplus-media-library-service-brand-media\/890e82a2d7a0adacdc1571e04bba28db.w3324.h1360.__CR69,0,3186,1360_PT0_SX1464_V1___.png\"><img decoding=\"async\" alt=\"Mauboussin Cr\u00e8mes Divines\" src=\"https:\/\/m.media-amazon.com\/images\/S\/aplus-media-library-service-brand-media\/890e82a2d7a0adacdc1571e04bba28db.w3324.h1360.__CR69,0,3186,1360_PT0_SX1464_V1___.png\">   <\/p>\n<h3> Mauboussin Cr\u00e8mes Divines <\/h3>\n<p> D\u00e9couvrez la nouvelle gamme de cr\u00e8mes parfum\u00e9es pour le corps Mauboussin ! <\/p>\n<p>                                         <img decoding=\"async\" alt=\"Mauboussin Cr\u00e8mes Divines\" src=\"https:\/\/images-na.ssl-images-amazon.com\/images\/G\/01\/x-locale\/common\/grey-pixel.gif\" class=\"a-lazy-loaded\" data-src=\"https:\/\/m.media-amazon.com\/images\/S\/aplus-media-library-service-media\/d26d96b1-79d0-4a75-ae2a-bd57fcd889f9.__CR0,693,4016,5026_PT0_SX362_V1___.png\"><img decoding=\"async\" alt=\"Mauboussin Cr\u00e8mes Divines\" src=\"https:\/\/m.media-amazon.com\/images\/S\/aplus-media-library-service-media\/d26d96b1-79d0-4a75-ae2a-bd57fcd889f9.__CR0,693,4016,5026_PT0_SX362_V1___.png\">   <\/p>\n<p> Un format g\u00e9n\u00e9reux et une texture onctueuse pour une peau naturellement hydrat\u00e9e et d\u00e9licatement parfum\u00e9e&#8230; <\/p>\n<h3> Cr\u00e8mes Divines <\/h3>\n<p class=\"apm-brand-story-stores-link\">\n<h3> Cr\u00e8mes Divines <\/h3>\n<p class=\"apm-brand-story-stores-link\">\n<h3> Cr\u00e8mes Divines <\/h3>\n<p class=\"apm-brand-story-stores-link\">\n<p>                                         <img decoding=\"async\" alt=\"Mauboussin Cr\u00e8mes Divines\" src=\"https:\/\/images-na.ssl-images-amazon.com\/images\/G\/01\/x-locale\/common\/grey-pixel.gif\" class=\"a-lazy-loaded\" data-src=\"https:\/\/m.media-amazon.com\/images\/S\/aplus-media-library-service-media\/a874b1c3-599e-4afc-94e6-fcb8a4ad0bef.__CR0,347,1151,1440_PT0_SX362_V1___.png\"><img decoding=\"async\" alt=\"Mauboussin Cr\u00e8mes Divines\" src=\"https:\/\/m.media-amazon.com\/images\/S\/aplus-media-library-service-media\/a874b1c3-599e-4afc-94e6-fcb8a4ad0bef.__CR0,347,1151,1440_PT0_SX362_V1___.png\">   <\/p>\n<p> Langue                                    \u200f                                         :                                    \u200e                                 Anglais <br \/> Dimensions du produit (L x l x h)                                    \u200f                                         :                                    \u200e                                 10,5 x 10,5 x 6,5 cm; 490 grammes <br \/> Fabricant                                    \u200f                                         :                                    \u200e                                 Mauboussin <br \/> ASIN                                    \u200f                                         :                                    \u200e                                 B09Z77C92X <br \/> Num\u00e9ro du mod\u00e8le de l&#8217;article                                    \u200f                                         :                                    \u200e                                 135258 <br \/> Pays d&#8217;origine                                    \u200f                                         :                                    \u200e                                 France <\/p>\n<p>UN PARFUM PR\u00c9CIEUX : Premier parfum f\u00e9minin cr\u00e9\u00e9 par Mauboussin, Authentic Femme est destin\u00e9 aux femmes sensuelles et raffin\u00e9es.<br \/>UNE CR\u00c8ME NOURRISSANTE : Sa texture riche et onctueuse p\u00e9n\u00e8tre rapidement la peau, et laisse un fini doux et non gras pour une sensation de bien-\u00eatre imm\u00e9diat.<br \/>UNE SENTEUR SENSUELLE : Sous ses abords de fruits dociles, cette cr\u00e8me laisse \u00e9clater un puissant tourbillon de fleurs blanches odorantes et de tub\u00e9reuses solaires. Un zest de douceur et de gourmandise, apport\u00e9 par la vanille, laisse finalement une envie insatiable&#8230; de vivre \u00e0 nouveau cette exp\u00e9rience sensorielle !<br \/>DES NOTES OLFACTIVES ORIENTALES ET FRUIT\u00c9ES : Be aware de t\u00eate : prune dor\u00e9e. Be aware de c\u0153ur : jasmin des Indes. Be aware de fond : ambre gris.<br \/>UN SAVOIR-FAIRE RECONNU : Fid\u00e8le \u00e0 sa r\u00e9putation de joaillier pr\u00e9curseur, Mauboussin proceed d\u2019innover avec des cr\u00e9ations modernes et accessibles. Reconnu pour ses fragrances et ses bougies, Mauboussin Parfums lance aujourd&#8217;hui sa gamme de cosm\u00e9tique avec une ligne de cr\u00e8mes parfum\u00e9es pour le corps. Un format g\u00e9n\u00e9reux et une texture onctueuse pour une peau bien hydrat\u00e9e et d\u00e9licatement parfum\u00e9e !<\/p>\n\n","protected":false},"excerpt":{"rendered":"<p>Worth: (as of &#8211; Particulars) De la marque Mauboussin Cr\u00e8mes Divines D\u00e9couvrez la nouvelle gamme de cr\u00e8mes parfum\u00e9es pour le corps Mauboussin ! Un format g\u00e9n\u00e9reux et une texture onctueuse pour une peau naturellement hydrat\u00e9e et d\u00e9licatement parfum\u00e9e&#8230; Cr\u00e8mes Divines Cr\u00e8mes Divines Cr\u00e8mes Divines Langue \u200f : \u200e Anglais Dimensions du produit (L x l [&hellip;]<\/p>\n","protected":false},"featured_media":16098,"comment_status":"open","ping_status":"closed","template":"","meta":{"_gspb_post_css":""},"store":[],"product_brand":[],"product_cat":[36],"product_tag":[16],"class_list":{"0":"post-16097","1":"product","2":"type-product","3":"status-publish","4":"has-post-thumbnail","6":"product_cat-womens-perfumes","7":"product_tag-makeup","9":"first","10":"instock","11":"shipping-taxable","12":"product-type-external"},"_links":{"self":[{"href":"https:\/\/beauteexclusive.com\/index.php?rest_route=\/wp\/v2\/product\/16097","targetHints":{"allow":["GET"]}}],"collection":[{"href":"https:\/\/beauteexclusive.com\/index.php?rest_route=\/wp\/v2\/product"}],"about":[{"href":"https:\/\/beauteexclusive.com\/index.php?rest_route=\/wp\/v2\/types\/product"}],"replies":[{"embeddable":true,"href":"https:\/\/beauteexclusive.com\/index.php?rest_route=%2Fwp%2Fv2%2Fcomments&post=16097"}],"wp:featuredmedia":[{"embeddable":true,"href":"https:\/\/beauteexclusive.com\/index.php?rest_route=\/wp\/v2\/media\/16098"}],"wp:attachment":[{"href":"https:\/\/beauteexclusive.com\/index.php?rest_route=%2Fwp%2Fv2%2Fmedia&parent=16097"}],"wp:term":[{"taxonomy":"store","embeddable":true,"href":"https:\/\/beauteexclusive.com\/index.php?rest_route=%2Fwp%2Fv2%2Fstore&post=16097"},{"taxonomy":"product_brand","embeddable":true,"href":"https:\/\/beauteexclusive.com\/index.php?rest_route=%2Fwp%2Fv2%2Fproduct_brand&post=16097"},{"taxonomy":"product_cat","embeddable":true,"href":"https:\/\/beauteexclusive.com\/index.php?rest_route=%2Fwp%2Fv2%2Fproduct_cat&post=16097"},{"taxonomy":"product_tag","embeddable":true,"href":"https:\/\/beauteexclusive.com\/index.php?rest_route=%2Fwp%2Fv2%2Fproduct_tag&post=16097"}],"curies":[{"name":"wp","href":"https:\/\/api.w.org\/{rel}","templated":true}]}}