{"id":16137,"date":"2025-02-19T17:47:39","date_gmt":"2025-02-19T17:47:39","guid":{"rendered":"https:\/\/beauteexclusive.com\/?product=purobio-surligneur-pour-le-visage-rose-02-recharge-remplacable-9g56cm65cm2cm"},"modified":"2025-02-19T17:47:39","modified_gmt":"2025-02-19T17:47:39","slug":"purobio-surligneur-pour-le-visage-rose-02-recharge-remplacable-9g56cm65cm2cm","status":"publish","type":"product","link":"https:\/\/beauteexclusive.com\/?product=purobio-surligneur-pour-le-visage-rose-02-recharge-remplacable-9g56cm65cm2cm","title":{"rendered":"puroBIO Surligneur pour le visage, rose 02 recharge rempla\u00e7able 9g,5,6cm*6,5cm*2cm"},"content":{"rendered":"<p><br \/>\nValue: <span style=\"color:#b12704\">22,56\u20ac<\/span><br \/><i><small>(as of Feb 19, 2025 17:47:39 UTC &#8211; <span class=\"wp_automatic_amazon_disclaimer\" title=\"Product prices and availability are accurate as of the date\/time indicated and are subject to change. Any price and availability information displayed on [relevant Amazon Site(s), as applicable] at the time of purchase will apply to the purchase of this product.\">Particulars<\/span>)<\/small><\/i><\/p>\n<p><a href=\"https:\/\/amazon.fr\/dp\/B071G3F5CJ?tag=topdeals0945-21\"><img decoding=\"async\" src=\"https:\/\/valvepress.s3.amazonaws.com\/imgs\/buy_now.png\"><\/a><br \/>\n<br \/>\n <span>Surligneur avec une construction d\u00e9licate et soyeuse. Le surligneur met en valeur et illumine parfaitement les traits du visage, donnant \u00e0 votre teint un \u00e9clat sain. Laisse un effet d&#8217;\u00e9clairage naturel. Gr\u00e2ce \u00e0 la teneur en poudre de riz, le surligneur prolonge \u00e9galement la dur\u00e9e de vie du maquillage. La formule contient de l&#8217;huile de ricin organique gr\u00e2ce \u00e0 laquelle le surligneur hydrate parfaitement la peau, soutient ses fonctions protectrices et a \u00e9galement un effet anti-inflammatoire. Il montre un fort effet nourrissant et nourrissant sensiblement am\u00e9liorant l&#8217;\u00e9tat du teint. Nous pouvons mettre la cartouche de remplacement dans une palette magn\u00e9tique ou dans un emballage us\u00e9. En effet, le surligneur a une fonction de \u00ab recharge \u00bb gr\u00e2ce \u00e0 laquelle nous pouvons retirer la cartouche us\u00e9e elle-m\u00eame et la remplacer par une nouvelle. En utilisant \u00e0 nouveau l&#8217;emballage, nous contribuons \u00e0 moins de d\u00e9chets et prenons soin de l&#8217;environnement qui nous entoure.<\/span>  <br \/> Manufacturing interrompue par le fabricant                                    \u200f                                         :                                    \u200e                                 Non <br \/> Dimensions du produit (L x l x h)                                    \u200f                                         :                                    \u200e                                 7,8 x 8,3 x 1 cm; 9 grammes <br \/> Fabricant                                    \u200f                                         :                                    \u200e                                 Mami Srl <br \/> ASIN                                    \u200f                                         :                                    \u200e                                 B071G3F5CJ <br \/> Num\u00e9ro du mod\u00e8le de l&#8217;article                                    \u200f                                         :                                    \u200e                                 8051411362005 <\/p>\n<p>Le surligneur souligne et illumine parfaitement les traits du visage<br \/>Le surligneur laisse un effet d&#8217;\u00e9clairage naturel<br \/>Gr\u00e2ce au contenu de la poudre de riz, il prolonge la dur\u00e9e de conservation du maqu<br \/>Le surligneur hydrate parfaitement la peau, soutient ses fonctions protectrices<\/p>\n\n","protected":false},"excerpt":{"rendered":"<p>Value: (as of &#8211; Particulars) Surligneur avec une construction d\u00e9licate et soyeuse. Le surligneur met en valeur et illumine parfaitement les traits du visage, donnant \u00e0 votre teint un \u00e9clat sain. Laisse un effet d&#8217;\u00e9clairage naturel. Gr\u00e2ce \u00e0 la teneur en poudre de riz, le surligneur prolonge \u00e9galement la dur\u00e9e de vie du maquillage. La [&hellip;]<\/p>\n","protected":false},"featured_media":16138,"comment_status":"open","ping_status":"closed","template":"","meta":{"_gspb_post_css":""},"store":[],"product_brand":[],"product_cat":[27],"product_tag":[16],"class_list":{"0":"post-16137","1":"product","2":"type-product","3":"status-publish","4":"has-post-thumbnail","6":"product_cat-face-highlighters","7":"product_tag-makeup","9":"first","10":"instock","11":"shipping-taxable","12":"product-type-external"},"_links":{"self":[{"href":"https:\/\/beauteexclusive.com\/index.php?rest_route=\/wp\/v2\/product\/16137","targetHints":{"allow":["GET"]}}],"collection":[{"href":"https:\/\/beauteexclusive.com\/index.php?rest_route=\/wp\/v2\/product"}],"about":[{"href":"https:\/\/beauteexclusive.com\/index.php?rest_route=\/wp\/v2\/types\/product"}],"replies":[{"embeddable":true,"href":"https:\/\/beauteexclusive.com\/index.php?rest_route=%2Fwp%2Fv2%2Fcomments&post=16137"}],"wp:featuredmedia":[{"embeddable":true,"href":"https:\/\/beauteexclusive.com\/index.php?rest_route=\/wp\/v2\/media\/16138"}],"wp:attachment":[{"href":"https:\/\/beauteexclusive.com\/index.php?rest_route=%2Fwp%2Fv2%2Fmedia&parent=16137"}],"wp:term":[{"taxonomy":"store","embeddable":true,"href":"https:\/\/beauteexclusive.com\/index.php?rest_route=%2Fwp%2Fv2%2Fstore&post=16137"},{"taxonomy":"product_brand","embeddable":true,"href":"https:\/\/beauteexclusive.com\/index.php?rest_route=%2Fwp%2Fv2%2Fproduct_brand&post=16137"},{"taxonomy":"product_cat","embeddable":true,"href":"https:\/\/beauteexclusive.com\/index.php?rest_route=%2Fwp%2Fv2%2Fproduct_cat&post=16137"},{"taxonomy":"product_tag","embeddable":true,"href":"https:\/\/beauteexclusive.com\/index.php?rest_route=%2Fwp%2Fv2%2Fproduct_tag&post=16137"}],"curies":[{"name":"wp","href":"https:\/\/api.w.org\/{rel}","templated":true}]}}