{"id":16209,"date":"2025-02-19T19:11:37","date_gmt":"2025-02-19T19:11:37","guid":{"rendered":"https:\/\/beauteexclusive.com\/?product=mauboussin-promise-me-200ml-creme-divine-femme-senteur-chypree-moderne"},"modified":"2025-02-19T19:11:37","modified_gmt":"2025-02-19T19:11:37","slug":"mauboussin-promise-me-200ml-creme-divine-femme-senteur-chypree-moderne","status":"publish","type":"product","link":"https:\/\/beauteexclusive.com\/?product=mauboussin-promise-me-200ml-creme-divine-femme-senteur-chypree-moderne","title":{"rendered":"Mauboussin &#8211; Promise Me 200ml &#8211; Cr\u00e8me Divine Femme &#8211; Senteur Chypr\u00e9e &#038; Moderne"},"content":{"rendered":"<p><br \/>\nValue: <span style=\"color:#b12704\">19,90\u20ac<\/span><br \/><i><small>(as of Feb 19, 2025 19:11:37 UTC &#8211; <span class=\"wp_automatic_amazon_disclaimer\" title=\"Product prices and availability are accurate as of the date\/time indicated and are subject to change. Any price and availability information displayed on [relevant Amazon Site(s), as applicable] at the time of purchase will apply to the purchase of this product.\">Particulars<\/span>)<\/small><\/i><\/p>\n<p><a href=\"https:\/\/amazon.fr\/dp\/B09Z76Y62T?tag=topdeals0945-21\"><img decoding=\"async\" src=\"https:\/\/valvepress.s3.amazonaws.com\/imgs\/buy_now.png\"><\/a><br \/>\n<\/p>\n<p>         De la marque            <\/p>\n<p>                                         <img decoding=\"async\" alt=\"Mauboussin Cr\u00e8mes Divines\" src=\"https:\/\/images-na.ssl-images-amazon.com\/images\/G\/01\/x-locale\/common\/grey-pixel.gif\" class=\"a-lazy-loaded\" data-src=\"https:\/\/m.media-amazon.com\/images\/S\/aplus-media-library-service-brand-media\/890e82a2d7a0adacdc1571e04bba28db.w3324.h1360.__CR69,0,3186,1360_PT0_SX1464_V1___.png\"><img decoding=\"async\" alt=\"Mauboussin Cr\u00e8mes Divines\" src=\"https:\/\/m.media-amazon.com\/images\/S\/aplus-media-library-service-brand-media\/890e82a2d7a0adacdc1571e04bba28db.w3324.h1360.__CR69,0,3186,1360_PT0_SX1464_V1___.png\">   <\/p>\n<h3> Mauboussin Cr\u00e8mes Divines <\/h3>\n<p> D\u00e9couvrez la nouvelle gamme de cr\u00e8mes parfum\u00e9es pour le corps Mauboussin ! <\/p>\n<p>                                         <img decoding=\"async\" alt=\"Mauboussin Cr\u00e8mes Divines\" src=\"https:\/\/images-na.ssl-images-amazon.com\/images\/G\/01\/x-locale\/common\/grey-pixel.gif\" class=\"a-lazy-loaded\" data-src=\"https:\/\/m.media-amazon.com\/images\/S\/aplus-media-library-service-media\/d26d96b1-79d0-4a75-ae2a-bd57fcd889f9.__CR0,693,4016,5026_PT0_SX362_V1___.png\"><img decoding=\"async\" alt=\"Mauboussin Cr\u00e8mes Divines\" src=\"https:\/\/m.media-amazon.com\/images\/S\/aplus-media-library-service-media\/d26d96b1-79d0-4a75-ae2a-bd57fcd889f9.__CR0,693,4016,5026_PT0_SX362_V1___.png\">   <\/p>\n<p> Un format g\u00e9n\u00e9reux et une texture onctueuse pour une peau naturellement hydrat\u00e9e et d\u00e9licatement parfum\u00e9e&#8230; <\/p>\n<h3> Cr\u00e8mes Divines <\/h3>\n<p class=\"apm-brand-story-stores-link\">\n<h3> Cr\u00e8mes Divines <\/h3>\n<p class=\"apm-brand-story-stores-link\">\n<h3> Cr\u00e8mes Divines <\/h3>\n<p class=\"apm-brand-story-stores-link\">\n<p>                                         <img decoding=\"async\" alt=\"Mauboussin Cr\u00e8mes Divines\" src=\"https:\/\/images-na.ssl-images-amazon.com\/images\/G\/01\/x-locale\/common\/grey-pixel.gif\" class=\"a-lazy-loaded\" data-src=\"https:\/\/m.media-amazon.com\/images\/S\/aplus-media-library-service-media\/a874b1c3-599e-4afc-94e6-fcb8a4ad0bef.__CR0,347,1151,1440_PT0_SX362_V1___.png\"><img decoding=\"async\" alt=\"Mauboussin Cr\u00e8mes Divines\" src=\"https:\/\/m.media-amazon.com\/images\/S\/aplus-media-library-service-media\/a874b1c3-599e-4afc-94e6-fcb8a4ad0bef.__CR0,347,1151,1440_PT0_SX362_V1___.png\">   <\/p>\n<p> Dimensions du produit (L x l x h)                                    \u200f                                         :                                    \u200e                                 10,5 x 10,5 x 6,5 cm; 490 grammes <br \/> Fabricant                                    \u200f                                         :                                    \u200e                                 Mauboussin Parfums <br \/> ASIN                                    \u200f                                         :                                    \u200e                                 B09Z76Y62T <br \/> Num\u00e9ro du mod\u00e8le de l&#8217;article                                    \u200f                                         :                                    \u200e                                 Divine Physique Cream Promise Me <br \/> Pays d&#8217;origine                                    \u200f                                         :                                    \u200e                                 France <\/p>\n<p>UN PARFUM CAPTIVANT : Promise Me est destin\u00e9 aux femmes qui savent ce qu\u2019elles veulent en amour et qui le revendiquent.<br \/>UNE CR\u00c8ME NOURRISSANTE : Sa texture riche et onctueuse p\u00e9n\u00e8tre rapidement la peau, et laisse un fini doux et non gras pour une sensation de bien-\u00eatre imm\u00e9diat.<br \/>UNE SENTEUR ADDICTIVE : Sign\u00e9e d&#8217;une pointe de patchouli uncommon d\u2019Indon\u00e9sie, cette cr\u00e8me, \u00e0 l&#8217;accord chypr\u00e9, singulier et moderne, est saisissante.<br \/>DES NOTES OLFACTIVES CHYPR\u00c9ES ET MODERNES : Observe de t\u00eate : mandarine de Sicile. Notes de c\u0153ur : rose et h\u00e9liotrope blanc. Observe de fond : patchouli.<br \/>UN SAVOIR-FAIRE RECONNU : Fid\u00e8le \u00e0 sa r\u00e9putation de joaillier pr\u00e9curseur, Mauboussin proceed d\u2019innover avec des cr\u00e9ations modernes et accessibles. Reconnu pour ses fragrances et ses bougies, Mauboussin Parfums lance aujourd&#8217;hui sa gamme de cosm\u00e9tique avec une ligne de cr\u00e8mes parfum\u00e9es pour le corps. Un format g\u00e9n\u00e9reux et une texture onctueuse pour une peau bien hydrat\u00e9e et d\u00e9licatement parfum\u00e9e !<\/p>\n\n","protected":false},"excerpt":{"rendered":"<p>Value: (as of &#8211; Particulars) De la marque Mauboussin Cr\u00e8mes Divines D\u00e9couvrez la nouvelle gamme de cr\u00e8mes parfum\u00e9es pour le corps Mauboussin ! Un format g\u00e9n\u00e9reux et une texture onctueuse pour une peau naturellement hydrat\u00e9e et d\u00e9licatement parfum\u00e9e&#8230; Cr\u00e8mes Divines Cr\u00e8mes Divines Cr\u00e8mes Divines Dimensions du produit (L x l x h) \u200f : \u200e [&hellip;]<\/p>\n","protected":false},"featured_media":16210,"comment_status":"open","ping_status":"closed","template":"","meta":{"_gspb_post_css":""},"store":[],"product_brand":[],"product_cat":[36],"product_tag":[16],"class_list":{"0":"post-16209","1":"product","2":"type-product","3":"status-publish","4":"has-post-thumbnail","6":"product_cat-womens-perfumes","7":"product_tag-makeup","9":"first","10":"instock","11":"shipping-taxable","12":"product-type-external"},"_links":{"self":[{"href":"https:\/\/beauteexclusive.com\/index.php?rest_route=\/wp\/v2\/product\/16209","targetHints":{"allow":["GET"]}}],"collection":[{"href":"https:\/\/beauteexclusive.com\/index.php?rest_route=\/wp\/v2\/product"}],"about":[{"href":"https:\/\/beauteexclusive.com\/index.php?rest_route=\/wp\/v2\/types\/product"}],"replies":[{"embeddable":true,"href":"https:\/\/beauteexclusive.com\/index.php?rest_route=%2Fwp%2Fv2%2Fcomments&post=16209"}],"wp:featuredmedia":[{"embeddable":true,"href":"https:\/\/beauteexclusive.com\/index.php?rest_route=\/wp\/v2\/media\/16210"}],"wp:attachment":[{"href":"https:\/\/beauteexclusive.com\/index.php?rest_route=%2Fwp%2Fv2%2Fmedia&parent=16209"}],"wp:term":[{"taxonomy":"store","embeddable":true,"href":"https:\/\/beauteexclusive.com\/index.php?rest_route=%2Fwp%2Fv2%2Fstore&post=16209"},{"taxonomy":"product_brand","embeddable":true,"href":"https:\/\/beauteexclusive.com\/index.php?rest_route=%2Fwp%2Fv2%2Fproduct_brand&post=16209"},{"taxonomy":"product_cat","embeddable":true,"href":"https:\/\/beauteexclusive.com\/index.php?rest_route=%2Fwp%2Fv2%2Fproduct_cat&post=16209"},{"taxonomy":"product_tag","embeddable":true,"href":"https:\/\/beauteexclusive.com\/index.php?rest_route=%2Fwp%2Fv2%2Fproduct_tag&post=16209"}],"curies":[{"name":"wp","href":"https:\/\/api.w.org\/{rel}","templated":true}]}}