{"id":16227,"date":"2025-02-19T21:02:15","date_gmt":"2025-02-19T21:02:15","guid":{"rendered":"https:\/\/beauteexclusive.com\/?product=neutrogena-visibly-renew-body-lotion-400-ml"},"modified":"2025-02-19T21:02:15","modified_gmt":"2025-02-19T21:02:15","slug":"neutrogena-visibly-renew-physique-lotion-400-ml","status":"publish","type":"product","link":"https:\/\/beauteexclusive.com\/?product=neutrogena-visibly-renew-physique-lotion-400-ml","title":{"rendered":"Neutrogena Visibly Renew Physique Lotion 400 Ml,"},"content":{"rendered":"<p><br \/>\nWorth: <span style=\"color:#b12704\"><del>12,71\u20ac<\/del> - 12,13\u20ac<\/span><br \/><i><small>(as of Feb 19, 2025 21:02:15 UTC &#8211; <span class=\"wp_automatic_amazon_disclaimer\" title=\"Product prices and availability are accurate as of the date\/time indicated and are subject to change. Any price and availability information displayed on [relevant Amazon Site(s), as applicable] at the time of purchase will apply to the purchase of this product.\">Particulars<\/span>)<\/small><\/i><\/p>\n<p><a href=\"https:\/\/amazon.fr\/dp\/B00UG8OJMG?tag=topdeals0945-21\"><img decoding=\"async\" src=\"https:\/\/valvepress.s3.amazonaws.com\/imgs\/buy_now.png\"><\/a><br \/>\n<br \/>\n <span>L&#8217;\u00e9lasticit\u00e9 de la peau diminue avec l&#8217;\u00e2ge, ce qui la rend l\u00e2che et affaiss\u00e9e. La Lotion pour le corps Visiblement Renew Elasti-Enhance aide \u00e0 restaurer la souplesse et l&#8217;\u00e9lasticit\u00e9 de la peau en seulement 10 jours *. 98% des consommateurs s&#8217;accordent pour dire que la lotion pour le corps Elasti-Enhance Visibly Renew aide \u00e0 restaurer l&#8217;\u00e9lasticit\u00e9 de la peau **. * R\u00e9sultats in vitro. ** \u00e9tude sur 41 sujets -% de personnes \u00abd&#8217;accord\u00bb ou \u00abplut\u00f4t d&#8217;accord\u00bb. Software deux fois par jour pendant 10 jours. Ce m\u00e9dicament associe l&#8217;hydratation intense de la formule norv\u00e9gienne \u00e0 des min\u00e9raux actifs, qui aident \u00e0 stimuler la manufacturing de collag\u00e8ne * de la peau pour une diff\u00e9rence que vous pouvez voir et sentir. * R\u00e9sultats in vitro. Remark l&#8217;utilisez-vous? Appliquez deux fois par jour, matin et soir, sur tout le corps &#8211; en portant une consideration particuli\u00e8re au haut des bras, au ventre et aux cuisses. Utiliser pendant au moins 10 jours cons\u00e9cutifs pour une peau visiblement plus souple et \u00e9lastique. L&#8217;\u00e9lasticit\u00e9 de la peau diminue avec l&#8217;\u00e2ge, ce qui la rend l\u00e2che et affaiss\u00e9e. La Lotion pour le corps Visiblement Renew Elasti-Enhance aide \u00e0 restaurer la souplesse et l&#8217;\u00e9lasticit\u00e9 de la peau en seulement 10 jours *. Nos essais ont montr\u00e9 que 98% des consommateurs s&#8217;accordent pour dire que la lotion pour le corps Visibly Renew Elasti-Enhance aide \u00e0 restaurer l&#8217;\u00e9lasticit\u00e9 de la peau **. * R\u00e9sultats in vitro. ** \u00e9tude sur 41 sujets -% de personnes \u00abd&#8217;accord\u00bb ou \u00abplut\u00f4t d&#8217;accord\u00bb. Software deux fois par jour pendant 10 jours. La formule norv\u00e9gienne visiblement renouveler la lotion pour le corps Elasti-boost (250 ml et 400 ml) Description: Mix l&#8217;hydratation intense de la formule norv\u00e9gienne \u00e0 des min\u00e9raux actifs, qui aident \u00e0 stimuler la manufacturing de collag\u00e8ne * de la peau pour une diff\u00e9rence que vous pouvez voir et sentir. * R\u00e9sultats in vitro. Remark l&#8217;utilisez-vous? Appliquez deux fois par jour, matin et soir, sur tout le corps &#8211; en portant une consideration particuli\u00e8re au haut des bras, au ventre et aux cuisses. Utiliser pendant au moins 10 jours cons\u00e9cutifs pour une peau visiblement plus souple et \u00e9lastique<\/span>  <br \/> Dimensions du produit (L x l x h)                                    \u200f                                         :                                    \u200e                                 5,3 x 8,7 x 21,1 cm; 400 grammes <br \/> Fabricant                                    \u200f                                         :                                    \u200e                                 Neutrogena <br \/> ASIN                                    \u200f                                         :                                    \u200e                                 B00UG8OJMG <br \/> Num\u00e9ro du mod\u00e8le de l&#8217;article                                    \u200f                                         :                                    \u200e                                 107322536 <\/p>\n<p>La formule norv\u00e9gienne Neutrogena renouvelle visiblement la lotion pour le corps elasti-boost<\/p>\n\n","protected":false},"excerpt":{"rendered":"<p>Worth: (as of &#8211; Particulars) L&#8217;\u00e9lasticit\u00e9 de la peau diminue avec l&#8217;\u00e2ge, ce qui la rend l\u00e2che et affaiss\u00e9e. La Lotion pour le corps Visiblement Renew Elasti-Enhance aide \u00e0 restaurer la souplesse et l&#8217;\u00e9lasticit\u00e9 de la peau en seulement 10 jours *. 98% des consommateurs s&#8217;accordent pour dire que la lotion pour le corps Elasti-Enhance [&hellip;]<\/p>\n","protected":false},"featured_media":16228,"comment_status":"open","ping_status":"closed","template":"","meta":{"_gspb_post_css":""},"store":[],"product_brand":[],"product_cat":[22],"product_tag":[16],"class_list":{"0":"post-16227","1":"product","2":"type-product","3":"status-publish","4":"has-post-thumbnail","6":"product_cat-body-lotions","7":"product_tag-makeup","9":"first","10":"instock","11":"sale","12":"shipping-taxable","13":"product-type-external"},"_links":{"self":[{"href":"https:\/\/beauteexclusive.com\/index.php?rest_route=\/wp\/v2\/product\/16227","targetHints":{"allow":["GET"]}}],"collection":[{"href":"https:\/\/beauteexclusive.com\/index.php?rest_route=\/wp\/v2\/product"}],"about":[{"href":"https:\/\/beauteexclusive.com\/index.php?rest_route=\/wp\/v2\/types\/product"}],"replies":[{"embeddable":true,"href":"https:\/\/beauteexclusive.com\/index.php?rest_route=%2Fwp%2Fv2%2Fcomments&post=16227"}],"wp:featuredmedia":[{"embeddable":true,"href":"https:\/\/beauteexclusive.com\/index.php?rest_route=\/wp\/v2\/media\/16228"}],"wp:attachment":[{"href":"https:\/\/beauteexclusive.com\/index.php?rest_route=%2Fwp%2Fv2%2Fmedia&parent=16227"}],"wp:term":[{"taxonomy":"store","embeddable":true,"href":"https:\/\/beauteexclusive.com\/index.php?rest_route=%2Fwp%2Fv2%2Fstore&post=16227"},{"taxonomy":"product_brand","embeddable":true,"href":"https:\/\/beauteexclusive.com\/index.php?rest_route=%2Fwp%2Fv2%2Fproduct_brand&post=16227"},{"taxonomy":"product_cat","embeddable":true,"href":"https:\/\/beauteexclusive.com\/index.php?rest_route=%2Fwp%2Fv2%2Fproduct_cat&post=16227"},{"taxonomy":"product_tag","embeddable":true,"href":"https:\/\/beauteexclusive.com\/index.php?rest_route=%2Fwp%2Fv2%2Fproduct_tag&post=16227"}],"curies":[{"name":"wp","href":"https:\/\/api.w.org\/{rel}","templated":true}]}}