{"id":16255,"date":"2025-02-20T05:45:46","date_gmt":"2025-02-20T05:45:46","guid":{"rendered":"https:\/\/beauteexclusive.com\/?product=lotion-raffermissante-q10-peau-normale"},"modified":"2025-02-20T05:45:46","modified_gmt":"2025-02-20T05:45:46","slug":"lotion-raffermissante-q10-peau-normale","status":"publish","type":"product","link":"https:\/\/beauteexclusive.com\/?product=lotion-raffermissante-q10-peau-normale","title":{"rendered":"Lotion raffermissante Q10 Peau normale"},"content":{"rendered":"<p><br \/>\nValue: <span style=\"color:#b12704\">14,20\u20ac<\/span><br \/><i><small>(as of Feb 20, 2025 05:45:46 UTC &#8211; <span class=\"wp_automatic_amazon_disclaimer\" title=\"Product prices and availability are accurate as of the date\/time indicated and are subject to change. Any price and availability information displayed on [relevant Amazon Site(s), as applicable] at the time of purchase will apply to the purchase of this product.\">Particulars<\/span>)<\/small><\/i><\/p>\n<p><a href=\"https:\/\/amazon.fr\/dp\/B00X9ZD6LI?tag=topdeals0945-21\"><img decoding=\"async\" src=\"https:\/\/valvepress.s3.amazonaws.com\/imgs\/buy_now.png\"><\/a><br \/>\n<br \/>\n <span>Lotion raffermissante pour le corps avec Q10, L-carnitine et cr\u00e9atine : am\u00e9lioration de l&#8217;\u00e9lasticit\u00e9 de la peau, hydratante, pour une sensation belle et tonifi\u00e9e sur la peau, parfum nourrissant, convient aux peaux normales, tol\u00e9rance cutan\u00e9e confirm\u00e9e dermatologiquement, software facile et r\u00e9partition de la lotion corporelle sur le corps, p\u00e9n\u00e8tre rapidement sans graisser \u2013 Contenu de la livraison : 1 lotion corporelle raffermissante NIVEA En bouteille, 1 400 ml &#8211; 81836. <\/span><br \/> Manufacturing interrompue par le fabricant                                    \u200f                                     :                                    \u200e                                    Non   <br \/> Dimensions du produit (L x l x h)                                    \u200f                                     :                                    \u200e                                    17 x 8 x 12 cm; 442 grammes   <br \/> Fabricant                                    \u200f                                     :                                    \u200e                                    NIVEA   <br \/> ASIN                                    \u200f                                     :                                    \u200e                                    B00X9ZD6LI   <br \/> Num\u00e9ro du mod\u00e8le de l&#8217;article                                    \u200f                                     :                                    \u200e                                    4005808279470   <\/p>\n<p>Produits de beaut\u00e9<br \/>Lotions de therapeutic massage<br \/>Marque Nivea<\/p>\n\n","protected":false},"excerpt":{"rendered":"<p>Value: (as of &#8211; Particulars) Lotion raffermissante pour le corps avec Q10, L-carnitine et cr\u00e9atine : am\u00e9lioration de l&#8217;\u00e9lasticit\u00e9 de la peau, hydratante, pour une sensation belle et tonifi\u00e9e sur la peau, parfum nourrissant, convient aux peaux normales, tol\u00e9rance cutan\u00e9e confirm\u00e9e dermatologiquement, software facile et r\u00e9partition de la lotion corporelle sur le corps, p\u00e9n\u00e8tre rapidement [&hellip;]<\/p>\n","protected":false},"featured_media":16256,"comment_status":"open","ping_status":"closed","template":"","meta":{"_gspb_post_css":""},"store":[],"product_brand":[],"product_cat":[22],"product_tag":[16],"class_list":{"0":"post-16255","1":"product","2":"type-product","3":"status-publish","4":"has-post-thumbnail","6":"product_cat-body-lotions","7":"product_tag-makeup","9":"first","10":"instock","11":"shipping-taxable","12":"product-type-external"},"_links":{"self":[{"href":"https:\/\/beauteexclusive.com\/index.php?rest_route=\/wp\/v2\/product\/16255","targetHints":{"allow":["GET"]}}],"collection":[{"href":"https:\/\/beauteexclusive.com\/index.php?rest_route=\/wp\/v2\/product"}],"about":[{"href":"https:\/\/beauteexclusive.com\/index.php?rest_route=\/wp\/v2\/types\/product"}],"replies":[{"embeddable":true,"href":"https:\/\/beauteexclusive.com\/index.php?rest_route=%2Fwp%2Fv2%2Fcomments&post=16255"}],"wp:featuredmedia":[{"embeddable":true,"href":"https:\/\/beauteexclusive.com\/index.php?rest_route=\/wp\/v2\/media\/16256"}],"wp:attachment":[{"href":"https:\/\/beauteexclusive.com\/index.php?rest_route=%2Fwp%2Fv2%2Fmedia&parent=16255"}],"wp:term":[{"taxonomy":"store","embeddable":true,"href":"https:\/\/beauteexclusive.com\/index.php?rest_route=%2Fwp%2Fv2%2Fstore&post=16255"},{"taxonomy":"product_brand","embeddable":true,"href":"https:\/\/beauteexclusive.com\/index.php?rest_route=%2Fwp%2Fv2%2Fproduct_brand&post=16255"},{"taxonomy":"product_cat","embeddable":true,"href":"https:\/\/beauteexclusive.com\/index.php?rest_route=%2Fwp%2Fv2%2Fproduct_cat&post=16255"},{"taxonomy":"product_tag","embeddable":true,"href":"https:\/\/beauteexclusive.com\/index.php?rest_route=%2Fwp%2Fv2%2Fproduct_tag&post=16255"}],"curies":[{"name":"wp","href":"https:\/\/api.w.org\/{rel}","templated":true}]}}