{"id":16281,"date":"2025-02-20T15:02:33","date_gmt":"2025-02-20T15:02:33","guid":{"rendered":"https:\/\/beauteexclusive.com\/?product=natessance-huile-dargan-bio-100-pure"},"modified":"2025-02-20T15:02:35","modified_gmt":"2025-02-20T15:02:35","slug":"natessance-huile-dargan-bio-100-pure","status":"publish","type":"product","link":"https:\/\/beauteexclusive.com\/?product=natessance-huile-dargan-bio-100-pure","title":{"rendered":"Natessance &#8211; Huile d&#8217;argan bio &#8211; 100% pure"},"content":{"rendered":"<p><br \/>\nWorth: <span style=\"color:#b12704\">12,70\u20ac<\/span><br \/><i><small>(as of Feb 20, 2025 15:02:34 UTC &#8211; <span class=\"wp_automatic_amazon_disclaimer\" title=\"Product prices and availability are accurate as of the date\/time indicated and are subject to change. Any price and availability information displayed on [relevant Amazon Site(s), as applicable] at the time of purchase will apply to the purchase of this product.\">Particulars<\/span>)<\/small><\/i><\/p>\n<p><a href=\"https:\/\/amazon.fr\/dp\/B0017JBY7Q?tag=topdeals0945-21\"><img decoding=\"async\" src=\"https:\/\/valvepress.s3.amazonaws.com\/imgs\/buy_now.png\"><\/a><br \/>\n<\/p>\n<p>         Description du produit            <\/p>\n<p>                                             <img decoding=\"async\" alt=\"NATESSANCE\" src=\"https:\/\/images-na.ssl-images-amazon.com\/images\/G\/01\/x-locale\/common\/grey-pixel.gif\" class=\"a-lazy-loaded\" data-src=\"https:\/\/m.media-amazon.com\/images\/S\/aplus-media-library-service-media\/bce1b31c-b851-479b-8710-807ded640705.__CR0,0,970,300_PT0_SX970_V1___.jpg\"><img decoding=\"async\" alt=\"NATESSANCE\" src=\"https:\/\/m.media-amazon.com\/images\/S\/aplus-media-library-service-media\/bce1b31c-b851-479b-8710-807ded640705.__CR0,0,970,300_PT0_SX970_V1___.jpg\">   <\/p>\n<p>                                             <img decoding=\"async\" alt=\"Huile d'argan bio - NATESSANCE\" src=\"https:\/\/images-na.ssl-images-amazon.com\/images\/G\/01\/x-locale\/common\/grey-pixel.gif\" class=\"a-lazy-loaded\" data-src=\"https:\/\/m.media-amazon.com\/images\/S\/aplus-media-library-service-media\/e1dc6e47-0ed7-48d4-b35a-5f95322d8f58.__CR0,0,970,300_PT0_SX970_V1___.jpg\"><img decoding=\"async\" alt=\"Huile d'argan bio - NATESSANCE\" src=\"https:\/\/m.media-amazon.com\/images\/S\/aplus-media-library-service-media\/e1dc6e47-0ed7-48d4-b35a-5f95322d8f58.__CR0,0,970,300_PT0_SX970_V1___.jpg\">   <\/p>\n<p>                                             <img decoding=\"async\" alt=\"NATESSANCE\" src=\"https:\/\/images-na.ssl-images-amazon.com\/images\/G\/01\/x-locale\/common\/grey-pixel.gif\" class=\"a-lazy-loaded\" data-src=\"https:\/\/m.media-amazon.com\/images\/S\/aplus-media-library-service-media\/6fb1e563-29c6-4966-b11c-2e199d6d85cd.__CR0,0,970,300_PT0_SX970_V1___.jpg\"><img decoding=\"async\" alt=\"NATESSANCE\" src=\"https:\/\/m.media-amazon.com\/images\/S\/aplus-media-library-service-media\/6fb1e563-29c6-4966-b11c-2e199d6d85cd.__CR0,0,970,300_PT0_SX970_V1___.jpg\">   <\/p>\n<p>                                                                 <img decoding=\"async\" alt=\"natessance \" src=\"https:\/\/images-na.ssl-images-amazon.com\/images\/G\/01\/x-locale\/common\/grey-pixel.gif\" class=\"a-spacing-mini a-lazy-loaded\" data-src=\"https:\/\/m.media-amazon.com\/images\/S\/aplus-media-library-service-media\/c84098b7-e8a8-412f-b3b0-efc51db01249.__CR62,0,404,404_PT0_SX300_V1___.jpg\"><img decoding=\"async\" alt=\"natessance \" src=\"https:\/\/m.media-amazon.com\/images\/S\/aplus-media-library-service-media\/c84098b7-e8a8-412f-b3b0-efc51db01249.__CR62,0,404,404_PT0_SX300_V1___.jpg\">   <\/p>\n<h3 class=\"a-spacing-mini\"> NOTRE VISION DE LA COSM\u00c9TIQUE <\/h3>\n<p class=\"a-spacing-base\"> Les produits de soin et d&#8217;hygi\u00e8ne d&#8217;origine naturelle et certifi\u00e9s bio <\/p>\n<p class=\"a-spacing-base\"> Natessance vont chercher dans la nature les actifs et ingr\u00e9dients essentiels \u00e0 la beaut\u00e9 de la peau, des cheveux&#8230;. <\/p>\n<p class=\"a-spacing-base\"> Les soins Natessance contiennent tous un minimal de 95% d&#8217;ingr\u00e9dients d&#8217;origine naturelle et jusqu&#8217;\u00e0 100% d&#8217;origine naturelle <\/p>\n<p>                                                                 <img decoding=\"async\" alt=\"natessance \" src=\"https:\/\/images-na.ssl-images-amazon.com\/images\/G\/01\/x-locale\/common\/grey-pixel.gif\" class=\"a-spacing-mini a-lazy-loaded\" data-src=\"https:\/\/m.media-amazon.com\/images\/S\/aplus-media-library-service-media\/127f383b-5685-4bcc-800f-2c47ce520448.__CR116,0,1308,1308_PT0_SX300_V1___.png\"><img decoding=\"async\" alt=\"natessance \" src=\"https:\/\/m.media-amazon.com\/images\/S\/aplus-media-library-service-media\/127f383b-5685-4bcc-800f-2c47ce520448.__CR116,0,1308,1308_PT0_SX300_V1___.png\">   <\/p>\n<h3 class=\"a-spacing-mini\"> Emballage \u00e9co-con\u00e7u <\/h3>\n<p class=\"a-spacing-base\"> Natessance est engag\u00e9e dans une d\u00e9marche d&#8217;\u00e9co-conception de ses emballages afin d&#8217;en limiter l&#8217;affect environnemental. Ainsi la marque utilise des flacons en PET recycl\u00e9 et des tubes avec du PE recycl\u00e9. <\/p>\n<p>                                                                 <img decoding=\"async\" alt=\"natessance \" src=\"https:\/\/images-na.ssl-images-amazon.com\/images\/G\/01\/x-locale\/common\/grey-pixel.gif\" class=\"a-spacing-mini a-lazy-loaded\" data-src=\"https:\/\/m.media-amazon.com\/images\/S\/aplus-media-library-service-media\/7436629d-9eb4-4d5d-b61a-a6c8f0008292.__CR0,0,600,600_PT0_SX300_V1___.jpg\"><img decoding=\"async\" alt=\"natessance \" src=\"https:\/\/m.media-amazon.com\/images\/S\/aplus-media-library-service-media\/7436629d-9eb4-4d5d-b61a-a6c8f0008292.__CR0,0,600,600_PT0_SX300_V1___.jpg\">   <\/p>\n<h3 class=\"a-spacing-mini\"> Nos engagements <\/h3>\n<p class=\"a-spacing-base\"> Natessance est membre du Collectif mondial 1% for the Planet et reverse chaque ann\u00e9e 1% de son chiffre d&#8217;affaires \u00e0 des associations environnementales. <\/p>\n<p class=\"a-spacing-base\"> Dans une d\u00e9marche de respect des animaux, de la plan\u00e8te et des humains, les produits Natessance sont labellis\u00e9s One Voice. <\/p>\n<p>                                                               <img decoding=\"async\" alt=\"natessance \" src=\"https:\/\/images-na.ssl-images-amazon.com\/images\/G\/01\/x-locale\/common\/grey-pixel.gif\" class=\"a-lazy-loaded\" data-src=\"https:\/\/m.media-amazon.com\/images\/S\/aplus-media-library-service-media\/c84098b7-e8a8-412f-b3b0-efc51db01249.__CR62,0,404,404_PT0_SX300_V1___.jpg\"><img decoding=\"async\" alt=\"natessance \" src=\"https:\/\/m.media-amazon.com\/images\/S\/aplus-media-library-service-media\/c84098b7-e8a8-412f-b3b0-efc51db01249.__CR62,0,404,404_PT0_SX300_V1___.jpg\">    <\/p>\n<p>                                                               <img decoding=\"async\" alt=\"natessance \" src=\"https:\/\/images-na.ssl-images-amazon.com\/images\/G\/01\/x-locale\/common\/grey-pixel.gif\" class=\"a-lazy-loaded\" data-src=\"https:\/\/m.media-amazon.com\/images\/S\/aplus-media-library-service-media\/127f383b-5685-4bcc-800f-2c47ce520448.__CR116,0,1308,1308_PT0_SX300_V1___.png\"><img decoding=\"async\" alt=\"natessance \" src=\"https:\/\/m.media-amazon.com\/images\/S\/aplus-media-library-service-media\/127f383b-5685-4bcc-800f-2c47ce520448.__CR116,0,1308,1308_PT0_SX300_V1___.png\">    <\/p>\n<p>\n                                                           Emballage \u00e9co-con\u00e7u   <\/p>\n<p>                                                               <img decoding=\"async\" alt=\"natessance \" src=\"https:\/\/images-na.ssl-images-amazon.com\/images\/G\/01\/x-locale\/common\/grey-pixel.gif\" class=\"a-lazy-loaded\" data-src=\"https:\/\/m.media-amazon.com\/images\/S\/aplus-media-library-service-media\/7436629d-9eb4-4d5d-b61a-a6c8f0008292.__CR0,0,600,600_PT0_SX300_V1___.jpg\"><img decoding=\"async\" alt=\"natessance \" src=\"https:\/\/m.media-amazon.com\/images\/S\/aplus-media-library-service-media\/7436629d-9eb4-4d5d-b61a-a6c8f0008292.__CR0,0,600,600_PT0_SX300_V1___.jpg\">    <\/p>\n<p>\n                                                           Nos engagements   <\/p>\n<p> Dimensions du produit (L x l x h)                                    \u200f                                     :                                    \u200e                                    3,5 x 3,5 x 11,2 cm; 120 grammes   <br \/> Fabricant                                    \u200f                                     :                                    \u200e                                    NATESCIENCE   <br \/> ASIN                                    \u200f                                     :                                    \u200e                                    B0017JBY7Q   <br \/> Num\u00e9ro du mod\u00e8le de l&#8217;article                                    \u200f                                     :                                    \u200e                                    3517361804118   <br \/> Service                                    \u200f                                     :                                    \u200e                                    SANTE_SOIN_DU_CORPS   <\/p>\n<p>HUILE D\u2019ARGAN BIO 100% PURE | Enrichie en acide gras essentiels et en vitamine E, l\u2019Huile d\u2019Argan Bio 100% pure lutte contre les effets du vieillissement cutan\u00e9 et contre les radicaux libres. Elle apporte confort \u00e0 la peau. 100% d&#8217;origine naturelle, elle nourrit le corps, les cheveux et les ongles.<br \/>R\u00c9SULTATS | Gr\u00e2ce \u00e0 sa texture l\u00e9g\u00e8re adapt\u00e9e \u00e0 tous les varieties de peaux, l\u2019Huile d\u2019Argan bio 100% pure hydrate votre peau. Les rides s\u2019\u00e9tompent. L&#8217;huile d&#8217;Argan est reconnues pour ses propri\u00e9t\u00e9s hydratantes, adoucissantes, anti-oxydantes et anti-rides.<br \/>CONSEILS D\u2019UTILISATION | Appliquez l&#8217;huile d&#8217;argan bio Elevate&#8217;Argan Natessance sur le visage et\/ou le corps et massez par de l\u00e9gers mouvements circulaires jusqu&#8217;\u00e0 p\u00e9n\u00e9tration. En soin capillaire, appliquez sur cheveux secs. Gardez 20 min sous une napkin chaude avant le shampooing. En manucure, massez le bout des ongles en insistant sur leurs pourtours. Tous varieties de peaux<br \/>LES ENGAGEMENTS NATESSANCE | Les produits Natessance sont fabriqu\u00e9s en France et utilisent des formules jusqu\u2019\u00e0 100% d\u2019origine naturelle. Les formulations sont vertueuses : 0% silicone, 0% huile de palme\u2026 La marque est engag\u00e9e dans une d\u00e9marche d\u2019\u00e9co-conception de ses emballages afin d\u2019en limiter l\u2019affect environnemental. Dans une de\u0301marche de respect des animaux, de la airplane\u0300te et des humains, les produits sont labellise\u0301s One Voice.<br \/>CONTENU | 1 x Huile d&#8217;Argan Bio 100% pure &#8211; LIFT&#8217;ARGAN &#8211; Flacon de 50 ml<\/p>\n\n","protected":false},"excerpt":{"rendered":"<p>Worth: (as of &#8211; Particulars) Description du produit NOTRE VISION DE LA COSM\u00c9TIQUE Les produits de soin et d&#8217;hygi\u00e8ne d&#8217;origine naturelle et certifi\u00e9s bio Natessance vont chercher dans la nature les actifs et ingr\u00e9dients essentiels \u00e0 la beaut\u00e9 de la peau, des cheveux&#8230;. Les soins Natessance contiennent tous un minimal de 95% d&#8217;ingr\u00e9dients d&#8217;origine naturelle [&hellip;]<\/p>\n","protected":false},"featured_media":16282,"comment_status":"open","ping_status":"closed","template":"","meta":{"_gspb_post_css":""},"store":[],"product_brand":[],"product_cat":[23],"product_tag":[16],"class_list":{"0":"post-16281","1":"product","2":"type-product","3":"status-publish","4":"has-post-thumbnail","6":"product_cat-body-oils","7":"product_tag-makeup","9":"first","10":"instock","11":"shipping-taxable","12":"product-type-external"},"_links":{"self":[{"href":"https:\/\/beauteexclusive.com\/index.php?rest_route=\/wp\/v2\/product\/16281","targetHints":{"allow":["GET"]}}],"collection":[{"href":"https:\/\/beauteexclusive.com\/index.php?rest_route=\/wp\/v2\/product"}],"about":[{"href":"https:\/\/beauteexclusive.com\/index.php?rest_route=\/wp\/v2\/types\/product"}],"replies":[{"embeddable":true,"href":"https:\/\/beauteexclusive.com\/index.php?rest_route=%2Fwp%2Fv2%2Fcomments&post=16281"}],"wp:featuredmedia":[{"embeddable":true,"href":"https:\/\/beauteexclusive.com\/index.php?rest_route=\/wp\/v2\/media\/16282"}],"wp:attachment":[{"href":"https:\/\/beauteexclusive.com\/index.php?rest_route=%2Fwp%2Fv2%2Fmedia&parent=16281"}],"wp:term":[{"taxonomy":"store","embeddable":true,"href":"https:\/\/beauteexclusive.com\/index.php?rest_route=%2Fwp%2Fv2%2Fstore&post=16281"},{"taxonomy":"product_brand","embeddable":true,"href":"https:\/\/beauteexclusive.com\/index.php?rest_route=%2Fwp%2Fv2%2Fproduct_brand&post=16281"},{"taxonomy":"product_cat","embeddable":true,"href":"https:\/\/beauteexclusive.com\/index.php?rest_route=%2Fwp%2Fv2%2Fproduct_cat&post=16281"},{"taxonomy":"product_tag","embeddable":true,"href":"https:\/\/beauteexclusive.com\/index.php?rest_route=%2Fwp%2Fv2%2Fproduct_tag&post=16281"}],"curies":[{"name":"wp","href":"https:\/\/api.w.org\/{rel}","templated":true}]}}