{"id":16299,"date":"2025-02-20T21:42:41","date_gmt":"2025-02-20T21:42:41","guid":{"rendered":"https:\/\/beauteexclusive.com\/?product=gommage-polissant-pour-le-corps-200-ml"},"modified":"2025-02-20T21:42:41","modified_gmt":"2025-02-20T21:42:41","slug":"gommage-polissant-pour-le-corps-200-ml","status":"publish","type":"product","link":"https:\/\/beauteexclusive.com\/?product=gommage-polissant-pour-le-corps-200-ml","title":{"rendered":"Gommage Polissant pour le Corps 200 ml"},"content":{"rendered":"<p><br \/>\nWorth: <span style=\"color:#b12704\"><del>34,50\u20ac<\/del> - 24,04\u20ac<\/span><br \/><i><small>(as of Feb 20, 2025 21:42:41 UTC &#8211; <span class=\"wp_automatic_amazon_disclaimer\" title=\"Product prices and availability are accurate as of the date\/time indicated and are subject to change. Any price and availability information displayed on [relevant Amazon Site(s), as applicable] at the time of purchase will apply to the purchase of this product.\">Particulars<\/span>)<\/small><\/i><\/p>\n<p><a href=\"https:\/\/amazon.fr\/dp\/B07WPBH58J?tag=topdeals0945-21\"><img decoding=\"async\" src=\"https:\/\/valvepress.s3.amazonaws.com\/imgs\/buy_now.png\"><\/a><br \/>\n<\/p>\n<p>         Description du fabricant            <\/p>\n<p>                                             <img decoding=\"async\" alt=\" \" src=\"https:\/\/images-na.ssl-images-amazon.com\/images\/G\/01\/x-locale\/common\/grey-pixel.gif\" class=\"a-lazy-loaded\" data-src=\"https:\/\/m.media-amazon.com\/images\/S\/aplus-media\/sota\/532b8fab-88eb-4f35-821c-4b0ec32ea3cf.__CR0,0,300,300_PT0_SX300_V1___.png\"><img decoding=\"async\" alt=\" \" src=\"https:\/\/m.media-amazon.com\/images\/S\/aplus-media\/sota\/532b8fab-88eb-4f35-821c-4b0ec32ea3cf.__CR0,0,300,300_PT0_SX300_V1___.png\">   <\/p>\n<h3 class=\"a-spacing-mini\"> Moroccanoil <\/h3>\n<p> Carmen Tal, cofondatrice de Moroccanoil, \u00e9tait \u00e0 des kilom\u00e8tres de chez elle lorsqu&#8217;elle a exp\u00e9riment\u00e9 pour la premi\u00e8re fois un traitement capillaire \u00e0 l&#8217;huile d&#8217;argan lors d&#8217;un voyage. Apr\u00e8s avoir constat\u00e9 la transformation de ses cheveux ab\u00eem\u00e9s et secs en cheveux brillants, lisses et faciles \u00e0 coiffer, elle s&#8217;est mise en qu\u00eate de partager la magie du traitement Moroccanoil avec les femmes du monde entier. <\/p>\n<p>                                             <img decoding=\"async\" alt=\" \" src=\"https:\/\/images-na.ssl-images-amazon.com\/images\/G\/01\/x-locale\/common\/grey-pixel.gif\" class=\"a-spacing-mini a-lazy-loaded\" data-src=\"https:\/\/m.media-amazon.com\/images\/S\/aplus-media\/sota\/b356e51a-40bd-450f-b7ec-d298d5f64533.__CR0,0,300,300_PT0_SX300_V1___.png\"><img decoding=\"async\" alt=\" \" src=\"https:\/\/m.media-amazon.com\/images\/S\/aplus-media\/sota\/b356e51a-40bd-450f-b7ec-d298d5f64533.__CR0,0,300,300_PT0_SX300_V1___.png\">   <\/p>\n<h3 class=\"a-spacing-mini\"> Gommage Polissant pour le Corps 200 ml  <\/h3>\n<p> Ce gommage exfoliant pour le corps contient un m\u00e9lange nourrissant d&#8217;huiles pr\u00e9cieuses d&#8217;argan, d&#8217;avocat, de p\u00e9pins de raisin et d&#8217;amande douce qui offre une peau douce, lisse et hydrat\u00e9e. La poudre de coquille d&#8217;argan et la pierre ponce naturelle exfolient en douceur les cellules mortes de la peau pour la rendre lumineuse et renouvel\u00e9e. <\/p>\n<p> Langue                                    \u200f                                     :                                    \u200e                                    Anglais   <br \/> Dimensions du produit (L x l x h)                                    \u200f                                     :                                    \u200e                                    7,65 x 5 x 18,2 cm; 219,2 grammes   <br \/> Date de mise en ligne sur Amazon.fr                                    \u200f                                     :                                    \u200e                                    13 septembre 2022   <br \/> Fabricant                                    \u200f                                     :                                    \u200e                                    Moroccanoil   <br \/> ASIN                                    \u200f                                     :                                    \u200e                                    B07WPBH58J   <br \/> Num\u00e9ro du mod\u00e8le de l&#8217;article                                    \u200f                                     :                                    \u200e                                    BLBPS200REE   <br \/> Pays d&#8217;origine                                    \u200f                                     :                                    \u200e                                    Isra\u00ebl   <\/p>\n\n","protected":false},"excerpt":{"rendered":"<p>Worth: (as of &#8211; Particulars) Description du fabricant Moroccanoil Carmen Tal, cofondatrice de Moroccanoil, \u00e9tait \u00e0 des kilom\u00e8tres de chez elle lorsqu&#8217;elle a exp\u00e9riment\u00e9 pour la premi\u00e8re fois un traitement capillaire \u00e0 l&#8217;huile d&#8217;argan lors d&#8217;un voyage. Apr\u00e8s avoir constat\u00e9 la transformation de ses cheveux ab\u00eem\u00e9s et secs en cheveux brillants, lisses et faciles \u00e0 [&hellip;]<\/p>\n","protected":false},"featured_media":16300,"comment_status":"open","ping_status":"closed","template":"","meta":{"_gspb_post_css":""},"store":[],"product_brand":[],"product_cat":[33],"product_tag":[16],"class_list":{"0":"post-16299","1":"product","2":"type-product","3":"status-publish","4":"has-post-thumbnail","6":"product_cat-facial-polishes-scrubs","7":"product_tag-makeup","9":"first","10":"instock","11":"sale","12":"shipping-taxable","13":"product-type-external"},"_links":{"self":[{"href":"https:\/\/beauteexclusive.com\/index.php?rest_route=\/wp\/v2\/product\/16299","targetHints":{"allow":["GET"]}}],"collection":[{"href":"https:\/\/beauteexclusive.com\/index.php?rest_route=\/wp\/v2\/product"}],"about":[{"href":"https:\/\/beauteexclusive.com\/index.php?rest_route=\/wp\/v2\/types\/product"}],"replies":[{"embeddable":true,"href":"https:\/\/beauteexclusive.com\/index.php?rest_route=%2Fwp%2Fv2%2Fcomments&post=16299"}],"wp:featuredmedia":[{"embeddable":true,"href":"https:\/\/beauteexclusive.com\/index.php?rest_route=\/wp\/v2\/media\/16300"}],"wp:attachment":[{"href":"https:\/\/beauteexclusive.com\/index.php?rest_route=%2Fwp%2Fv2%2Fmedia&parent=16299"}],"wp:term":[{"taxonomy":"store","embeddable":true,"href":"https:\/\/beauteexclusive.com\/index.php?rest_route=%2Fwp%2Fv2%2Fstore&post=16299"},{"taxonomy":"product_brand","embeddable":true,"href":"https:\/\/beauteexclusive.com\/index.php?rest_route=%2Fwp%2Fv2%2Fproduct_brand&post=16299"},{"taxonomy":"product_cat","embeddable":true,"href":"https:\/\/beauteexclusive.com\/index.php?rest_route=%2Fwp%2Fv2%2Fproduct_cat&post=16299"},{"taxonomy":"product_tag","embeddable":true,"href":"https:\/\/beauteexclusive.com\/index.php?rest_route=%2Fwp%2Fv2%2Fproduct_tag&post=16299"}],"curies":[{"name":"wp","href":"https:\/\/api.w.org\/{rel}","templated":true}]}}