{"id":16315,"date":"2025-02-21T00:50:23","date_gmt":"2025-02-21T00:50:23","guid":{"rendered":"https:\/\/beauteexclusive.com\/?product=herbolive-beurre-corporel-huile-dolive-250-ml"},"modified":"2025-02-21T00:50:23","modified_gmt":"2025-02-21T00:50:23","slug":"herbolive-beurre-corporel-huile-dolive-250-ml","status":"publish","type":"product","link":"https:\/\/beauteexclusive.com\/?product=herbolive-beurre-corporel-huile-dolive-250-ml","title":{"rendered":"Herbolive Beurre corporel, huile d&#8217;olive 250 ml"},"content":{"rendered":"<p><br \/>\nWorth: <span style=\"color:#b12704\">13,99\u20ac<\/span><br \/><i><small>(as of Feb 21, 2025 00:50:23 UTC &#8211; <span class=\"wp_automatic_amazon_disclaimer\" title=\"Product prices and availability are accurate as of the date\/time indicated and are subject to change. Any price and availability information displayed on [relevant Amazon Site(s), as applicable] at the time of purchase will apply to the purchase of this product.\">Particulars<\/span>)<\/small><\/i><\/p>\n<p><a href=\"https:\/\/amazon.fr\/dp\/B00CC2HCIM?tag=topdeals0945-21\"><img decoding=\"async\" src=\"https:\/\/valvepress.s3.amazonaws.com\/imgs\/buy_now.png\"><\/a><br \/>\n<br \/>\n <span>Herbolive Beurre corporel \u00e0 l&#8217;huile d&#8217;olive biologique et huile de tournesol naturelle enrichie en aloe actif et panth\u00e9nol biologique. Hydrate et tonifie la peau en lui donnant un facet velout\u00e9. <\/span><br \/><span>Remarque : la date mentionn\u00e9e sur l&#8217;article est la date de fabrication et non la date d&#8217;expiration. <\/span><br \/> Manufacturing interrompue par le fabricant                                    \u200f                                     :                                    \u200e                                    Non   <br \/> Dimensions du produit (L x l x h)                                    \u200f                                     :                                    \u200e                                    7 x 7 x 9 cm; 240,4 grammes   <br \/> Fabricant                                    \u200f                                     :                                    \u200e                                    Madis S.A.   <br \/> ASIN                                    \u200f                                     :                                    \u200e                                    B00CC2HCIM   <br \/> Num\u00e9ro du mod\u00e8le de l&#8217;article                                    \u200f                                     :                                    \u200e                                    12234   <\/p>\n<p>Beurre corporel \u00e0 l&#8217;huile d&#8217;olive bio cultiv\u00e9e de mani\u00e8re biologique.<br \/>Huile naturelle de tournesol enrichie en aloe actif bio et panth\u00e9nol<br \/>Hydrate et tonifie la peau.<br \/>Facet velours.<br \/>Vase de 250 ml<\/p>\n\n","protected":false},"excerpt":{"rendered":"<p>Worth: (as of &#8211; Particulars) Herbolive Beurre corporel \u00e0 l&#8217;huile d&#8217;olive biologique et huile de tournesol naturelle enrichie en aloe actif et panth\u00e9nol biologique. Hydrate et tonifie la peau en lui donnant un facet velout\u00e9. Remarque : la date mentionn\u00e9e sur l&#8217;article est la date de fabrication et non la date d&#8217;expiration. Manufacturing interrompue par [&hellip;]<\/p>\n","protected":false},"featured_media":16316,"comment_status":"open","ping_status":"closed","template":"","meta":{"_gspb_post_css":""},"store":[],"product_brand":[],"product_cat":[20],"product_tag":[16],"class_list":{"0":"post-16315","1":"product","2":"type-product","3":"status-publish","4":"has-post-thumbnail","6":"product_cat-body-butters","7":"product_tag-makeup","9":"first","10":"instock","11":"shipping-taxable","12":"product-type-external"},"_links":{"self":[{"href":"https:\/\/beauteexclusive.com\/index.php?rest_route=\/wp\/v2\/product\/16315","targetHints":{"allow":["GET"]}}],"collection":[{"href":"https:\/\/beauteexclusive.com\/index.php?rest_route=\/wp\/v2\/product"}],"about":[{"href":"https:\/\/beauteexclusive.com\/index.php?rest_route=\/wp\/v2\/types\/product"}],"replies":[{"embeddable":true,"href":"https:\/\/beauteexclusive.com\/index.php?rest_route=%2Fwp%2Fv2%2Fcomments&post=16315"}],"wp:featuredmedia":[{"embeddable":true,"href":"https:\/\/beauteexclusive.com\/index.php?rest_route=\/wp\/v2\/media\/16316"}],"wp:attachment":[{"href":"https:\/\/beauteexclusive.com\/index.php?rest_route=%2Fwp%2Fv2%2Fmedia&parent=16315"}],"wp:term":[{"taxonomy":"store","embeddable":true,"href":"https:\/\/beauteexclusive.com\/index.php?rest_route=%2Fwp%2Fv2%2Fstore&post=16315"},{"taxonomy":"product_brand","embeddable":true,"href":"https:\/\/beauteexclusive.com\/index.php?rest_route=%2Fwp%2Fv2%2Fproduct_brand&post=16315"},{"taxonomy":"product_cat","embeddable":true,"href":"https:\/\/beauteexclusive.com\/index.php?rest_route=%2Fwp%2Fv2%2Fproduct_cat&post=16315"},{"taxonomy":"product_tag","embeddable":true,"href":"https:\/\/beauteexclusive.com\/index.php?rest_route=%2Fwp%2Fv2%2Fproduct_tag&post=16315"}],"curies":[{"name":"wp","href":"https:\/\/api.w.org\/{rel}","templated":true}]}}