{"id":16333,"date":"2025-02-21T05:49:32","date_gmt":"2025-02-21T05:49:32","guid":{"rendered":"https:\/\/beauteexclusive.com\/?product=palette-de-surligneurs-pour-le-visage-palette-de-maquillage-poudre"},"modified":"2025-02-21T05:49:32","modified_gmt":"2025-02-21T05:49:32","slug":"palette-de-surligneurs-pour-le-visage-palette-de-maquillage-poudre","status":"publish","type":"product","link":"https:\/\/beauteexclusive.com\/?product=palette-de-surligneurs-pour-le-visage-palette-de-maquillage-poudre","title":{"rendered":"Palette de surligneurs pour le visage Palette de maquillage poudre"},"content":{"rendered":"<p><br \/>\nValue: <span style=\"color:#b12704\">8,49\u20ac<\/span><br \/><i><small>(as of Feb 21, 2025 05:49:32 UTC &#8211; <span class=\"wp_automatic_amazon_disclaimer\" title=\"Product prices and availability are accurate as of the date\/time indicated and are subject to change. Any price and availability information displayed on [relevant Amazon Site(s), as applicable] at the time of purchase will apply to the purchase of this product.\">Particulars<\/span>)<\/small><\/i><\/p>\n<p><a href=\"https:\/\/amazon.fr\/dp\/B0DSJL4ZTY?tag=topdeals0945-21\"><img decoding=\"async\" src=\"https:\/\/valvepress.s3.amazonaws.com\/imgs\/buy_now.png\"><\/a><br \/>\n<br \/>\n <span>Palettes de surligneurs pour le visage, palettes de maquillage, poudre de surligneurs bronzants, palette de maquillage pour le visage <\/p>\n<p>Caract\u00e9ristiques : <br \/>Les palettes de surligneurs Shimers permettent de cr\u00e9er un effet lisse, les palettes de surligneurs avec un wonderful effet chatoyant, vous \u00eates plus attrayant, peuvent imm\u00e9diatement \u00e9claircir la peau, les d\u00e9fauts, cr\u00e9er un facet 3D. <br \/>Longue tenue et surligneurs durables et r\u00e9sistants aux taches, cette poudre de maquillage mettra en valeur votre peau et \u00e9chappera \u00e0 l&#8217;obscurit\u00e9, p\u00e2le et sans vie. Doux pour la peau, doux et l\u00e9ger, l\u00e9ger et lumineux pour un maquillage lumineux et clair <br \/>Polyvalent, pour \u00e9claircir les pommettes, les paupi\u00e8res, les sourcils, les cash int\u00e9rieurs et les l\u00e8vres, avec des pigments diffuseurs de lumi\u00e8re pour am\u00e9liorer la peau, superbe sur n&#8217;importe quel teint de peau. Surligneurs et palettes de maquillage pour le visage. <br \/>Plusieurs events, \u00e9claircit, sturdy, anti-cernes, contr\u00f4le de l&#8217;huile, blanchiment facile \u00e0 porter. Palette de poudre sturdy pour les f\u00eates, cosplay, spectacles, mariages et festivals de musique. <br \/>Superbe petite amie, \u00e9pouse, m\u00e8re. <\/p>\n<p>Caract\u00e9ristiques : <br \/>Couleurs : 1, 2, 03, 4, 5, 6. <\/p>\n<p>Contenu du paquet : <br \/>1 palette de surligneurs. <\/p>\n<p>Remarque : <br \/>Les mesures \u00e9tant prises \u00e0 la most important, les tailles indiqu\u00e9es peuvent varier de 1 \u00e0 2 cm. <br \/>La couleur de l&#8217;article peut varier de celle de la photograph, en fonction des param\u00e8tres d&#8217;affichage et de luminosit\u00e9 de votre ordinateur.<\/span>  <br \/> Fabricant                                    \u200f                                     :                                    \u200e                                    REITINGE   <br \/> ASIN                                    \u200f                                     :                                    \u200e                                    B0DSJL4ZTY   <br \/> R\u00e9f\u00e9rence constructeur                                    \u200f                                     :                                    \u200e                                    REITINGE   <\/p>\n<p>Polyvalent, pour \u00e9claircir les pommettes, les paupi\u00e8res, les sourcils, les cash int\u00e9rieurs et les l\u00e8vres, avec des pigments diffuseurs de lumi\u00e8re pour am\u00e9liorer la peau, superbe sur n&#8217;importe quel teint de peau. Surligneurs et palettes de maquillage pour le visage<br \/>Les palettes de surligneurs Shimers permettent de cr\u00e9er un effet lisse, les palettes de surligneurs avec un wonderful effet chatoyant, vous \u00eates plus attrayant, peuvent imm\u00e9diatement \u00e9claircir la peau, les d\u00e9fauts, cr\u00e9er un facet 3D.<br \/>Superbe petite amie, \u00e9pouse, m\u00e8re.<br \/>Plusieurs events, \u00e9claircit, sturdy, anti-cernes, contr\u00f4le de l&#8217;huile, blanchiment facile \u00e0 porter. Palette de poudre sturdy pour les f\u00eates, cosplay, spectacles, mariages et festivals de musique.<br \/>Longue tenue et surligneurs durables et r\u00e9sistants aux taches, cette poudre de maquillage mettra en valeur votre peau et \u00e9chappera \u00e0 l&#8217;obscurit\u00e9, p\u00e2le et sans vie. Doux pour la peau, doux et l\u00e9ger, l\u00e9ger et lumineux pour un maquillage lumineux et clair<\/p>\n\n","protected":false},"excerpt":{"rendered":"<p>Value: (as of &#8211; Particulars) Palettes de surligneurs pour le visage, palettes de maquillage, poudre de surligneurs bronzants, palette de maquillage pour le visage Caract\u00e9ristiques : Les palettes de surligneurs Shimers permettent de cr\u00e9er un effet lisse, les palettes de surligneurs avec un wonderful effet chatoyant, vous \u00eates plus attrayant, peuvent imm\u00e9diatement \u00e9claircir la peau, [&hellip;]<\/p>\n","protected":false},"featured_media":16334,"comment_status":"open","ping_status":"closed","template":"","meta":{"_gspb_post_css":""},"store":[],"product_brand":[],"product_cat":[27],"product_tag":[16],"class_list":{"0":"post-16333","1":"product","2":"type-product","3":"status-publish","4":"has-post-thumbnail","6":"product_cat-face-highlighters","7":"product_tag-makeup","9":"first","10":"instock","11":"shipping-taxable","12":"product-type-external"},"_links":{"self":[{"href":"https:\/\/beauteexclusive.com\/index.php?rest_route=\/wp\/v2\/product\/16333","targetHints":{"allow":["GET"]}}],"collection":[{"href":"https:\/\/beauteexclusive.com\/index.php?rest_route=\/wp\/v2\/product"}],"about":[{"href":"https:\/\/beauteexclusive.com\/index.php?rest_route=\/wp\/v2\/types\/product"}],"replies":[{"embeddable":true,"href":"https:\/\/beauteexclusive.com\/index.php?rest_route=%2Fwp%2Fv2%2Fcomments&post=16333"}],"wp:featuredmedia":[{"embeddable":true,"href":"https:\/\/beauteexclusive.com\/index.php?rest_route=\/wp\/v2\/media\/16334"}],"wp:attachment":[{"href":"https:\/\/beauteexclusive.com\/index.php?rest_route=%2Fwp%2Fv2%2Fmedia&parent=16333"}],"wp:term":[{"taxonomy":"store","embeddable":true,"href":"https:\/\/beauteexclusive.com\/index.php?rest_route=%2Fwp%2Fv2%2Fstore&post=16333"},{"taxonomy":"product_brand","embeddable":true,"href":"https:\/\/beauteexclusive.com\/index.php?rest_route=%2Fwp%2Fv2%2Fproduct_brand&post=16333"},{"taxonomy":"product_cat","embeddable":true,"href":"https:\/\/beauteexclusive.com\/index.php?rest_route=%2Fwp%2Fv2%2Fproduct_cat&post=16333"},{"taxonomy":"product_tag","embeddable":true,"href":"https:\/\/beauteexclusive.com\/index.php?rest_route=%2Fwp%2Fv2%2Fproduct_tag&post=16333"}],"curies":[{"name":"wp","href":"https:\/\/api.w.org\/{rel}","templated":true}]}}