{"id":16395,"date":"2025-02-21T13:56:28","date_gmt":"2025-02-21T13:56:28","guid":{"rendered":"https:\/\/beauteexclusive.com\/?product=sebamed-lotion-pour-peaux-seches-a-luree-200-ml"},"modified":"2025-02-21T13:56:28","modified_gmt":"2025-02-21T13:56:28","slug":"sebamed-lotion-pour-peaux-seches-a-luree-200-ml","status":"publish","type":"product","link":"https:\/\/beauteexclusive.com\/?product=sebamed-lotion-pour-peaux-seches-a-luree-200-ml","title":{"rendered":"Sebamed &#8211; Lotion pour peaux s\u00e8ches \u00e0 l&#8217;ur\u00e9e &#8211; 200 ml"},"content":{"rendered":"<p><br \/>\nValue: <span style=\"color:#b12704\">8,95\u20ac<\/span><br \/><i><small>(as of Feb 21, 2025 13:56:28 UTC &#8211; <span class=\"wp_automatic_amazon_disclaimer\" title=\"Product prices and availability are accurate as of the date\/time indicated and are subject to change. Any price and availability information displayed on [relevant Amazon Site(s), as applicable] at the time of purchase will apply to the purchase of this product.\">Particulars<\/span>)<\/small><\/i><\/p>\n<p><a href=\"https:\/\/amazon.fr\/dp\/B001BEGGU2?tag=topdeals0945-21\"><img decoding=\"async\" src=\"https:\/\/valvepress.s3.amazonaws.com\/imgs\/buy_now.png\"><\/a><br \/>\n<br \/>\n <span>Sebamed Lotion pour peau s\u00e8che \u00e0 l&#8217;ur\u00e9e acute 200 ml, soulage sensiblement les sensations de rigidity, la rugosit\u00e9 et les d\u00e9mangeaisons et aide \u00e0 r\u00e9tablir l&#8217;\u00e9quilibre naturel de l&#8217;hydratation de la peau.<\/span>  <br \/> Manufacturing interrompue par le fabricant                                    \u200f                                     :                                    \u200e                                    Non   <br \/> Dimensions du produit (L x l x h)                                    \u200f                                     :                                    \u200e                                    4,5 x 6,71 x 16,99 cm; 4,54 grammes   <br \/> Fabricant                                    \u200f                                     :                                    \u200e                                    Sebamed   <br \/> ASIN                                    \u200f                                     :                                    \u200e                                    B001BEGGU2   <br \/> Num\u00e9ro du mod\u00e8le de l&#8217;article                                    \u200f                                     :                                    \u200e                                    129806   <br \/> Pays d&#8217;origine                                    \u200f                                     :                                    \u200e                                    Allemagne   <\/p>\n<p>Ses ingr\u00e9dients s\u00e9lectionn\u00e9s soulagent sensiblement les sensations de rigidity, la rugosit\u00e9 et les d\u00e9mangeaisons sur les peaux tr\u00e8s s\u00e8ches et aident \u00e0 r\u00e9tablir l&#8217;\u00e9quilibre naturel de l&#8217;hydratation de la peau<br \/>Am\u00e9lioration prouv\u00e9e apr\u00e8s 2 semaines : r\u00e9duction de 86 % de la s\u00e9cheresse de la peau (supply : clinique cutan\u00e9e des cliniques HSK Wiesbaden, 2008)<br \/>L&#8217;ur\u00e9e hautement concentr\u00e9e (ur\u00e9e) hydrate intens\u00e9ment, soulage les d\u00e9mangeaisons et aide \u00e0 lisser les peaux tr\u00e8s s\u00e8ches<br \/>Un complexe hydro-lipidique compos\u00e9 d&#8217;huile d&#8217;amande douce naturelle et de polyol nourrit la peau en douceur et favorise la safety contre la d\u00e9shydratation<br \/>Nos produits sont d\u00e9velopp\u00e9s, test\u00e9s et fabriqu\u00e9s en Allemagne. La qualit\u00e9 est garantie par des mati\u00e8res premi\u00e8res s\u00e9lectionn\u00e9es et des processus de fabrication contr\u00f4l\u00e9s<br \/>Sebamed Les produits sont test\u00e9s dermatologiquement et cliniquement dans plus de 120 \u00e9tudes<\/p>\n\n","protected":false},"excerpt":{"rendered":"<p>Value: (as of &#8211; Particulars) Sebamed Lotion pour peau s\u00e8che \u00e0 l&#8217;ur\u00e9e acute 200 ml, soulage sensiblement les sensations de rigidity, la rugosit\u00e9 et les d\u00e9mangeaisons et aide \u00e0 r\u00e9tablir l&#8217;\u00e9quilibre naturel de l&#8217;hydratation de la peau. Manufacturing interrompue par le fabricant \u200f : \u200e Non Dimensions du produit (L x l x h) \u200f [&hellip;]<\/p>\n","protected":false},"featured_media":16396,"comment_status":"open","ping_status":"closed","template":"","meta":{"_gspb_post_css":""},"store":[],"product_brand":[],"product_cat":[22],"product_tag":[16],"class_list":{"0":"post-16395","1":"product","2":"type-product","3":"status-publish","4":"has-post-thumbnail","6":"product_cat-body-lotions","7":"product_tag-makeup","9":"first","10":"instock","11":"shipping-taxable","12":"product-type-external"},"_links":{"self":[{"href":"https:\/\/beauteexclusive.com\/index.php?rest_route=\/wp\/v2\/product\/16395","targetHints":{"allow":["GET"]}}],"collection":[{"href":"https:\/\/beauteexclusive.com\/index.php?rest_route=\/wp\/v2\/product"}],"about":[{"href":"https:\/\/beauteexclusive.com\/index.php?rest_route=\/wp\/v2\/types\/product"}],"replies":[{"embeddable":true,"href":"https:\/\/beauteexclusive.com\/index.php?rest_route=%2Fwp%2Fv2%2Fcomments&post=16395"}],"wp:featuredmedia":[{"embeddable":true,"href":"https:\/\/beauteexclusive.com\/index.php?rest_route=\/wp\/v2\/media\/16396"}],"wp:attachment":[{"href":"https:\/\/beauteexclusive.com\/index.php?rest_route=%2Fwp%2Fv2%2Fmedia&parent=16395"}],"wp:term":[{"taxonomy":"store","embeddable":true,"href":"https:\/\/beauteexclusive.com\/index.php?rest_route=%2Fwp%2Fv2%2Fstore&post=16395"},{"taxonomy":"product_brand","embeddable":true,"href":"https:\/\/beauteexclusive.com\/index.php?rest_route=%2Fwp%2Fv2%2Fproduct_brand&post=16395"},{"taxonomy":"product_cat","embeddable":true,"href":"https:\/\/beauteexclusive.com\/index.php?rest_route=%2Fwp%2Fv2%2Fproduct_cat&post=16395"},{"taxonomy":"product_tag","embeddable":true,"href":"https:\/\/beauteexclusive.com\/index.php?rest_route=%2Fwp%2Fv2%2Fproduct_tag&post=16395"}],"curies":[{"name":"wp","href":"https:\/\/api.w.org\/{rel}","templated":true}]}}