{"id":16547,"date":"2025-02-23T21:20:15","date_gmt":"2025-02-23T21:20:15","guid":{"rendered":"https:\/\/www.beauteexclusive.com\/?product=neutrogena-neutrogena-exfoliant-visage-anti-points-noirs-150-ml"},"modified":"2025-02-23T21:20:15","modified_gmt":"2025-02-23T21:20:15","slug":"neutrogena-neutrogena-exfoliant-visage-anti-points-noirs-150-ml","status":"publish","type":"product","link":"https:\/\/beauteexclusive.com\/?product=neutrogena-neutrogena-exfoliant-visage-anti-points-noirs-150-ml","title":{"rendered":"Neutrogena Neutrogena Exfoliant visage anti-points noirs 150 ml"},"content":{"rendered":"<p><br \/>\nWorth: <span style=\"color:#b12704\"><del>12,00\u20ac<\/del> - 11,22\u20ac<\/span><br \/><i><small>(as of Feb 23, 2025 21:20:15 UTC &#8211; <span class=\"wp_automatic_amazon_disclaimer\" title=\"Product prices and availability are accurate as of the date\/time indicated and are subject to change. Any price and availability information displayed on [relevant Amazon Site(s), as applicable] at the time of purchase will apply to the purchase of this product.\">Particulars<\/span>)<\/small><\/i><\/p>\n<p><a href=\"https:\/\/amazon.fr\/dp\/B07WK6WL9Q?tag=topdeals0945-21\"><img decoding=\"async\" src=\"https:\/\/valvepress.s3.amazonaws.com\/imgs\/buy_now.png\"><\/a><br \/>\n<br \/>\n <span>Neutrogena Exfoliant anti-points noirs \u00e0 l&#8217;acide salicylique 2 % (1 x 150 ml) &#8211; Exfoliant anti-points noirs <\/span><br \/><span>Le gommage visage anti-points noirs de Neutrogena a \u00e9t\u00e9 d\u00e9velopp\u00e9 avec des dermatologues pour aider \u00e0 \u00e9liminer et pr\u00e9venir les factors noirs d\u00e8s le premier jour. Ce nettoyant pour le visage contient des ingr\u00e9dients anti-points noirs, y compris 2 % d&#8217;acide salicylique, et des exfoliants en cellulose naturelle pour enlever la salet\u00e9 pi\u00e9g\u00e9e et l&#8217;huile qui peuvent obstruer les pores. Ces ingr\u00e9dients agissent \u00e0 la racine du probl\u00e8me, nettoient en profondeur la peau et minimisent l&#8217;apparence des pores. Ce nettoyant exfoliant est sans huile et affine visiblement l&#8217;apparence de la peau d\u00e8s la premi\u00e8re utilisation. <\/span><br \/><span>Directions d&#8217;utility : rincer le visage avec de l&#8217;eau. Appliquez le gommage \u00e0 l&#8217;acide salicylique Neutrogena sur le visage humide. Massez doucement le visage, en particulier les zones sujettes aux factors noirs. Rincez abondamment. Utilisation quotidienne pour un teint plus raffin\u00e9. \u00c9vitez tout contact avec les yeux. En cas de contact avec les yeux, rincer abondamment. <\/span><br \/><span>Avantages du produit en un coup d&#8217;\u0153il <\/span><\/p>\n<ul class=\"a-unordered-list a-vertical\">\n<li><span class=\"a-list-item\"><span>Exfoliant visage anti-points noirs <\/span><\/span><\/li>\n<li><span class=\"a-list-item\"><span>Avec 2 % d&#8217;acide salicylique et exfoliants en cellulose naturelle <\/span><\/span><\/li>\n<li><span class=\"a-list-item\"><span>Aide \u00e0 \u00e9liminer les factors noirs et pr\u00e9vient leur apparition. <\/span><\/span><\/li>\n<li><span class=\"a-list-item\"><span>D\u00e9velopp\u00e9 avec des dermatologues <\/span><\/span><\/li>\n<li><span class=\"a-list-item\"><span>1 flacon de 150 ml. <\/span><\/span><\/li>\n<\/ul>\n<p><span>*\u00c9tude clinique, auto-\u00e9valuation, 31 sujets <\/span><\/p>\n<p> Dimensions du produit (L x l x h)                                    \u200f                                     :                                    \u200e                                    5 x 7,9 x 15,6 cm; 0,15 grammes   <br \/> Fabricant                                    \u200f                                     :                                    \u200e                                    Kenvue (Johnson &#038; Johnson Ltd)   <br \/> ASIN                                    \u200f                                     :                                    \u200e                                    B07WK6WL9Q   <br \/> Num\u00e9ro du mod\u00e8le de l&#8217;article                                    \u200f                                     :                                    \u200e                                    99462   <br \/> Pays d&#8217;origine                                    \u200f                                     :                                    \u200e                                    Chine   <\/p>\n<p>Peau claire et fra\u00eeche : ce nettoyant visage salicylique est formul\u00e9 pour aider \u00e0 \u00e9liminer et pr\u00e9venir les factors noirs, enlever la salet\u00e9 pi\u00e9g\u00e9e et l&#8217;huile qui peuvent obstruer les pores, et affiner visiblement le teint d\u00e8s la premi\u00e8re utilisation<br \/>Ingr\u00e9dients actifs : le nettoyant exfoliant com\u00e9dons contient 2 % d&#8217;acide salicylique, anti-points noirs et exfoliants en cellulose naturelle pour exfolier en profondeur et r\u00e9duire visiblement l&#8217;apparence des pores<br \/>Scientifiquement prouv\u00e9 : ce nettoyant pour le visage \u00e0 l&#8217;acide salicylique purifiant aide \u00e0 \u00e9liminer et \u00e0 pr\u00e9venir les factors noirs d\u00e8s le premier jour \u2014 97 % des testeurs cliniques ont remarqu\u00e9 moins de factors noirs apr\u00e8s la premi\u00e8re utilisation<br \/>Directions d&#8217;utility : rincer le visage avec de l&#8217;eau avant d&#8217;appliquer le gommage factors noirs. Massez doucement le produit sur le visage, en particulier les zones sujettes aux factors noirs. Rincez abondamment et utilisez quotidiennement<br \/>Livraison du produit : exfoliant visage Neutrogena \u00e9liminant les factors noirs \u00e0 2 % \u00e0 l&#8217;acide salicylique (1 x 150 ml), exfoliant facial sans huile pour une peau visiblement raffin\u00e9e, cliniquement prouv\u00e9 pour aider \u00e0 \u00e9liminer et pr\u00e9venir les factors noirs<\/p>\n\n","protected":false},"excerpt":{"rendered":"<p>Worth: (as of &#8211; Particulars) Neutrogena Exfoliant anti-points noirs \u00e0 l&#8217;acide salicylique 2 % (1 x 150 ml) &#8211; Exfoliant anti-points noirs Le gommage visage anti-points noirs de Neutrogena a \u00e9t\u00e9 d\u00e9velopp\u00e9 avec des dermatologues pour aider \u00e0 \u00e9liminer et pr\u00e9venir les factors noirs d\u00e8s le premier jour. Ce nettoyant pour le visage contient des [&hellip;]<\/p>\n","protected":false},"featured_media":16548,"comment_status":"open","ping_status":"closed","template":"","meta":{"_gspb_post_css":""},"store":[],"product_brand":[],"product_cat":[33],"product_tag":[16],"class_list":{"0":"post-16547","1":"product","2":"type-product","3":"status-publish","4":"has-post-thumbnail","6":"product_cat-facial-polishes-scrubs","7":"product_tag-makeup","9":"first","10":"instock","11":"sale","12":"shipping-taxable","13":"product-type-external"},"_links":{"self":[{"href":"https:\/\/beauteexclusive.com\/index.php?rest_route=\/wp\/v2\/product\/16547","targetHints":{"allow":["GET"]}}],"collection":[{"href":"https:\/\/beauteexclusive.com\/index.php?rest_route=\/wp\/v2\/product"}],"about":[{"href":"https:\/\/beauteexclusive.com\/index.php?rest_route=\/wp\/v2\/types\/product"}],"replies":[{"embeddable":true,"href":"https:\/\/beauteexclusive.com\/index.php?rest_route=%2Fwp%2Fv2%2Fcomments&post=16547"}],"wp:featuredmedia":[{"embeddable":true,"href":"https:\/\/beauteexclusive.com\/index.php?rest_route=\/wp\/v2\/media\/16548"}],"wp:attachment":[{"href":"https:\/\/beauteexclusive.com\/index.php?rest_route=%2Fwp%2Fv2%2Fmedia&parent=16547"}],"wp:term":[{"taxonomy":"store","embeddable":true,"href":"https:\/\/beauteexclusive.com\/index.php?rest_route=%2Fwp%2Fv2%2Fstore&post=16547"},{"taxonomy":"product_brand","embeddable":true,"href":"https:\/\/beauteexclusive.com\/index.php?rest_route=%2Fwp%2Fv2%2Fproduct_brand&post=16547"},{"taxonomy":"product_cat","embeddable":true,"href":"https:\/\/beauteexclusive.com\/index.php?rest_route=%2Fwp%2Fv2%2Fproduct_cat&post=16547"},{"taxonomy":"product_tag","embeddable":true,"href":"https:\/\/beauteexclusive.com\/index.php?rest_route=%2Fwp%2Fv2%2Fproduct_tag&post=16547"}],"curies":[{"name":"wp","href":"https:\/\/api.w.org\/{rel}","templated":true}]}}