{"id":16605,"date":"2025-02-24T23:56:07","date_gmt":"2025-02-24T23:56:07","guid":{"rendered":"https:\/\/beauteexclusive.com\/?product=rituals-huile-corporelle-chatoyante-karma-soul-100-ml"},"modified":"2025-02-24T23:56:07","modified_gmt":"2025-02-24T23:56:07","slug":"rituals-huile-corporelle-chatoyante-karma-soul-100-ml","status":"publish","type":"product","link":"https:\/\/beauteexclusive.com\/?product=rituals-huile-corporelle-chatoyante-karma-soul-100-ml","title":{"rendered":"Rituals Huile corporelle chatoyante Karma Soul, 100 ml"},"content":{"rendered":"<p><br \/>\nWorth: <span style=\"color:#b12704\">22,90\u20ac<\/span><br \/><i><small>(as of Feb 24, 2025 23:56:07 UTC &#8211; <span class=\"wp_automatic_amazon_disclaimer\" title=\"Product prices and availability are accurate as of the date\/time indicated and are subject to change. Any price and availability information displayed on [relevant Amazon Site(s), as applicable] at the time of purchase will apply to the purchase of this product.\">Particulars<\/span>)<\/small><\/i><\/p>\n<p><a href=\"https:\/\/amazon.fr\/dp\/B07XPNLKD8?tag=topdeals0945-21\"><img decoding=\"async\" src=\"https:\/\/valvepress.s3.amazonaws.com\/imgs\/buy_now.png\"><\/a><br \/>\n<br \/>\n <span>Rituals Karma Soul Shimmering Huile pour le corps 100 ml<\/span>  <br \/> Dimensions du produit (L x l x h)                                    \u200f                                     :                                    \u200e                                    48 x 48 x 137 cm; 270 grammes   <br \/> Fabricant                                    \u200f                                     :                                    \u200e                                    Rituals   <br \/> ASIN                                    \u200f                                     :                                    \u200e                                    B07XPNLKD8   <br \/> Num\u00e9ro du mod\u00e8le de l&#8217;article                                    \u200f                                     :                                    \u200e                                    1103959   <br \/> Pays d&#8217;origine                                    \u200f                                     :                                    \u200e                                    \u00c9tats-Unis   <\/p>\n<p>Formule non collante et non grasse qui comprend un optimiseur de bronzage<br \/>Une texture s\u00e8che distinctive sans silicone.<br \/>Le lotus sacr\u00e9 est un symbole de puret\u00e9, de beaut\u00e9 et de sagesse et est connu pour ses propri\u00e9t\u00e9s apaisantes et soignantes<\/p>\n\n","protected":false},"excerpt":{"rendered":"<p>Worth: (as of &#8211; Particulars) Rituals Karma Soul Shimmering Huile pour le corps 100 ml Dimensions du produit (L x l x h) \u200f : \u200e 48 x 48 x 137 cm; 270 grammes Fabricant \u200f : \u200e Rituals ASIN \u200f : \u200e B07XPNLKD8 Num\u00e9ro du mod\u00e8le de l&#8217;article \u200f : \u200e 1103959 Pays d&#8217;origine [&hellip;]<\/p>\n","protected":false},"featured_media":16606,"comment_status":"open","ping_status":"closed","template":"","meta":{"_gspb_post_css":""},"store":[],"product_brand":[],"product_cat":[23],"product_tag":[16],"class_list":{"0":"post-16605","1":"product","2":"type-product","3":"status-publish","4":"has-post-thumbnail","6":"product_cat-body-oils","7":"product_tag-makeup","9":"first","10":"instock","11":"shipping-taxable","12":"product-type-external"},"_links":{"self":[{"href":"https:\/\/beauteexclusive.com\/index.php?rest_route=\/wp\/v2\/product\/16605","targetHints":{"allow":["GET"]}}],"collection":[{"href":"https:\/\/beauteexclusive.com\/index.php?rest_route=\/wp\/v2\/product"}],"about":[{"href":"https:\/\/beauteexclusive.com\/index.php?rest_route=\/wp\/v2\/types\/product"}],"replies":[{"embeddable":true,"href":"https:\/\/beauteexclusive.com\/index.php?rest_route=%2Fwp%2Fv2%2Fcomments&post=16605"}],"wp:featuredmedia":[{"embeddable":true,"href":"https:\/\/beauteexclusive.com\/index.php?rest_route=\/wp\/v2\/media\/16606"}],"wp:attachment":[{"href":"https:\/\/beauteexclusive.com\/index.php?rest_route=%2Fwp%2Fv2%2Fmedia&parent=16605"}],"wp:term":[{"taxonomy":"store","embeddable":true,"href":"https:\/\/beauteexclusive.com\/index.php?rest_route=%2Fwp%2Fv2%2Fstore&post=16605"},{"taxonomy":"product_brand","embeddable":true,"href":"https:\/\/beauteexclusive.com\/index.php?rest_route=%2Fwp%2Fv2%2Fproduct_brand&post=16605"},{"taxonomy":"product_cat","embeddable":true,"href":"https:\/\/beauteexclusive.com\/index.php?rest_route=%2Fwp%2Fv2%2Fproduct_cat&post=16605"},{"taxonomy":"product_tag","embeddable":true,"href":"https:\/\/beauteexclusive.com\/index.php?rest_route=%2Fwp%2Fv2%2Fproduct_tag&post=16605"}],"curies":[{"name":"wp","href":"https:\/\/api.w.org\/{rel}","templated":true}]}}