{"id":16615,"date":"2025-02-25T13:13:02","date_gmt":"2025-02-25T13:13:02","guid":{"rendered":"https:\/\/beauteexclusive.com\/?product=sinoz-no16-huile-miracle-visage-corps-cheveux100-ml"},"modified":"2025-02-25T13:13:02","modified_gmt":"2025-02-25T13:13:02","slug":"sinoz-no16-huile-miracle-visage-corps-cheveux100-ml","status":"publish","type":"product","link":"https:\/\/beauteexclusive.com\/?product=sinoz-no16-huile-miracle-visage-corps-cheveux100-ml","title":{"rendered":"Sinoz, No:16 Huile Miracle (Visage &#8211; Corps &#8211; Cheveux),100 ml"},"content":{"rendered":"<p><br \/>\nValue: <span style=\"color:#b12704\">16,20\u20ac<\/span><br \/><i><small>(as of Feb 25, 2025 13:13:02 UTC &#8211; <span class=\"wp_automatic_amazon_disclaimer\" title=\"Product prices and availability are accurate as of the date\/time indicated and are subject to change. Any price and availability information displayed on [relevant Amazon Site(s), as applicable] at the time of purchase will apply to the purchase of this product.\">Particulars<\/span>)<\/small><\/i><\/p>\n<p><a href=\"https:\/\/amazon.fr\/dp\/B0B3DH9ZK4?tag=topdeals0945-21\"><img decoding=\"async\" src=\"https:\/\/valvepress.s3.amazonaws.com\/imgs\/buy_now.png\"><\/a><br \/>\n<br \/>\n <span>PRINCIPAUX INGR\u00c9DIENTS 16 huiles essentielles naturelles et v\u00e9g\u00e9taliennes AVANTAGES Nourriture r\u00e9g\u00e9n\u00e9ratrice pour les peaux sensibles et s\u00e8ches, le corps et les cheveux. MODE D&#8217;EMPLOI Appliquer sur une peau propre par des mouvements circulaires doux. AVERTISSEMENTS Eviter le contact avec les yeux, en cas de contact laver abondamment \u00e0 l&#8217;eau. INDICATIONS Peau s\u00e8che, peau smart CONTRE-INDICATIONS Aucune contre-indication sp\u00e9cifique n&#8217;est observ\u00e9e. CONSERVATION Dans son emballage d&#8217;origine, couvercle ferm\u00e9, \u00e0 temp\u00e9rature ambiante, \u00e0 l&#8217;abri de la lumi\u00e8re directe du soleil, hors de port\u00e9e des enfants DUR\u00c9E DE CONSERVATION 3 ans apr\u00e8s fabrication INGREDIENTS Triglyc\u00e9ride caprylique\/caprique, Helianthus Annuus Seed Oil, Olea Europaea Fruit Oil, C12-15 Alkyl Benzoate, Isopropyl Myristate, Cocos Nucifera Oil, Prunus Amygdalus Dulcis Oil, Sesamum Indicum Seed Oil, Triticum Vulgare Germ Oil, beurre de Butyrospermum Parkii, huile de graines de Vitis Vinifera, huile de graines de Punica Granatum, huile de graines de Macadamia Integrifolia, huile de graines de Rosa Canina, huile de graines de Simmondsia Chinensis, huile de Persea Gratissima, huile de noyau d&#8217;Argania Spinosa, Parfum, huile de canola, huile de graines de Daucus Carota Sativa, fleur de Gardenia Taitensis, huile de graines d&#8217;Helianthus Annuus, ac\u00e9tate de tocoph\u00e9ryle, b\u00eata-carot\u00e8ne, extrait de racine de Daucus Carota Sativa, tocoph\u00e9rol, benzoate de benzyle. MADE IN T\u00dcRK\u0130YE 8681925607059<\/span>  <br \/> Dimensions du produit (L x l x h)                                    \u200f                                     :                                    \u200e                                    4 x 12 x 4 cm; 0,1 grammes   <br \/> Fabricant                                    \u200f                                     :                                    \u200e                                    S\u0130NOZ   <br \/> ASIN                                    \u200f                                     :                                    \u200e                                    B0B3DH9ZK4   <br \/> R\u00e9f\u00e9rence constructeur                                    \u200f                                     :                                    \u200e                                    SKU-171   <\/p>\n<p>16 huiles essentielles naturelles et v\u00e9g\u00e9taliennes<br \/>Nourriture r\u00e9g\u00e9n\u00e9ratrice pour les peaux sensibles et s\u00e8ches, le corps et les cheveux.<br \/>Appliquer sur une peau propre par des mouvements circulaires doux<br \/>Eviter le contact avec les yeux, en cas de contact, laver abondamment \u00e0 l&#8217;eau.<br \/>Peau s\u00e8che, peau smart<br \/>Aucune contre-indication sp\u00e9cifique n&#8217;est observ\u00e9e.<\/p>\n\n","protected":false},"excerpt":{"rendered":"<p>Value: (as of &#8211; Particulars) PRINCIPAUX INGR\u00c9DIENTS 16 huiles essentielles naturelles et v\u00e9g\u00e9taliennes AVANTAGES Nourriture r\u00e9g\u00e9n\u00e9ratrice pour les peaux sensibles et s\u00e8ches, le corps et les cheveux. MODE D&#8217;EMPLOI Appliquer sur une peau propre par des mouvements circulaires doux. AVERTISSEMENTS Eviter le contact avec les yeux, en cas de contact laver abondamment \u00e0 l&#8217;eau. INDICATIONS [&hellip;]<\/p>\n","protected":false},"featured_media":16616,"comment_status":"open","ping_status":"closed","template":"","meta":{"_gspb_post_css":""},"store":[],"product_brand":[],"product_cat":[23],"product_tag":[16],"class_list":{"0":"post-16615","1":"product","2":"type-product","3":"status-publish","4":"has-post-thumbnail","6":"product_cat-body-oils","7":"product_tag-makeup","9":"first","10":"instock","11":"shipping-taxable","12":"product-type-external"},"_links":{"self":[{"href":"https:\/\/beauteexclusive.com\/index.php?rest_route=\/wp\/v2\/product\/16615","targetHints":{"allow":["GET"]}}],"collection":[{"href":"https:\/\/beauteexclusive.com\/index.php?rest_route=\/wp\/v2\/product"}],"about":[{"href":"https:\/\/beauteexclusive.com\/index.php?rest_route=\/wp\/v2\/types\/product"}],"replies":[{"embeddable":true,"href":"https:\/\/beauteexclusive.com\/index.php?rest_route=%2Fwp%2Fv2%2Fcomments&post=16615"}],"wp:featuredmedia":[{"embeddable":true,"href":"https:\/\/beauteexclusive.com\/index.php?rest_route=\/wp\/v2\/media\/16616"}],"wp:attachment":[{"href":"https:\/\/beauteexclusive.com\/index.php?rest_route=%2Fwp%2Fv2%2Fmedia&parent=16615"}],"wp:term":[{"taxonomy":"store","embeddable":true,"href":"https:\/\/beauteexclusive.com\/index.php?rest_route=%2Fwp%2Fv2%2Fstore&post=16615"},{"taxonomy":"product_brand","embeddable":true,"href":"https:\/\/beauteexclusive.com\/index.php?rest_route=%2Fwp%2Fv2%2Fproduct_brand&post=16615"},{"taxonomy":"product_cat","embeddable":true,"href":"https:\/\/beauteexclusive.com\/index.php?rest_route=%2Fwp%2Fv2%2Fproduct_cat&post=16615"},{"taxonomy":"product_tag","embeddable":true,"href":"https:\/\/beauteexclusive.com\/index.php?rest_route=%2Fwp%2Fv2%2Fproduct_tag&post=16615"}],"curies":[{"name":"wp","href":"https:\/\/api.w.org\/{rel}","templated":true}]}}