{"id":16703,"date":"2025-02-27T19:52:58","date_gmt":"2025-02-27T19:52:58","guid":{"rendered":"https:\/\/www.beauteexclusive.com\/?product=botox-capillaire-prohair"},"modified":"2025-02-27T19:52:58","modified_gmt":"2025-02-27T19:52:58","slug":"botox-capillaire-prohair","status":"publish","type":"product","link":"https:\/\/beauteexclusive.com\/?product=botox-capillaire-prohair","title":{"rendered":"BOTOX CAPILLAIRE + PROHAIR"},"content":{"rendered":"<p><br \/>\nWorth: <span style=\"color:#b12704\">25,00\u20ac<\/span><br \/><i><small>(as of Feb 27, 2025 19:52:58 UTC &#8211; <span class=\"wp_automatic_amazon_disclaimer\" title=\"Product prices and availability are accurate as of the date\/time indicated and are subject to change. Any price and availability information displayed on [relevant Amazon Site(s), as applicable] at the time of purchase will apply to the purchase of this product.\">Particulars<\/span>)<\/small><\/i><\/p>\n<p><a href=\"https:\/\/amazon.fr\/dp\/B08L1H71CV?tag=topdeals0945-21\"><img decoding=\"async\" src=\"https:\/\/valvepress.s3.amazonaws.com\/imgs\/buy_now.png\"><\/a><br \/>\n<br \/>\n <span>PROHAIR Botox Capillare Plus est une cr\u00e8me conditionnante qui donne une nouvelle vie aux cheveux ab\u00eem\u00e9s. Il contient des prot\u00e9ines hydrolys\u00e9es qui restaurent les cheveux et leur donnent un nouveau suppl\u00e9ment et brillance. Les extraits naturels du lotus sacr\u00e9 offrent une safety contre l&#8217;oxydation et aident \u00e0 maintenir l&#8217;humidit\u00e9 dans les cheveux. Cette cr\u00e8me revitalisante est adapt\u00e9e \u00e0 tous les varieties de cheveux et constitue une answer efficace pour donner \u00e0 vos cheveux un facet sain et revitalis\u00e9. Avec un quantity de 1000 millilitres, le produit est un choix pratique pour ceux qui recherchent un produit sturdy. Utilisez PROHAIR Botox Capillare Plus pour obtenir une peau saine et une apparence saine sur vos cheveux.<\/span>  <br \/> Fabricant                                    \u200f                                     :                                    \u200e                                    PROHAIR   <br \/> ASIN                                    \u200f                                     :                                    \u200e                                    B08L1H71CV   <br \/> Num\u00e9ro du mod\u00e8le de l&#8217;article                                    \u200f                                     :                                    \u200e                                    42124768051419   <\/p>\n<p>Charbon Actif : D\u00e9toxifie et purifie en profondeur le cuir chevelu et les cheveux. Extraits de Fruits : Hydrate, revitalise et illumine les cheveux. Graines Nutritives : Renforce, nourrit et prot\u00e8ge les cheveux. Ginseng : Stimule le cuir chevelu pour une croissance saine. Huile de Babassu : Apporte hydratation, douceur et brillance. Sans parab\u00e8nes, sulfates ni silicones. Convient \u00e0 tous varieties de cheveux. Senteur d\u00e9licate pour une exp\u00e9rience sensorielle riche.<br \/>ml<\/p>\n\n","protected":false},"excerpt":{"rendered":"<p>Worth: (as of &#8211; Particulars) PROHAIR Botox Capillare Plus est une cr\u00e8me conditionnante qui donne une nouvelle vie aux cheveux ab\u00eem\u00e9s. Il contient des prot\u00e9ines hydrolys\u00e9es qui restaurent les cheveux et leur donnent un nouveau suppl\u00e9ment et brillance. Les extraits naturels du lotus sacr\u00e9 offrent une safety contre l&#8217;oxydation et aident \u00e0 maintenir l&#8217;humidit\u00e9 dans [&hellip;]<\/p>\n","protected":false},"featured_media":16704,"comment_status":"open","ping_status":"closed","template":"","meta":{"_gspb_post_css":""},"store":[],"product_brand":[],"product_cat":[170],"product_tag":[16],"class_list":{"0":"post-16703","1":"product","2":"type-product","3":"status-publish","4":"has-post-thumbnail","6":"product_cat-hair-care","7":"product_tag-makeup","9":"first","10":"instock","11":"shipping-taxable","12":"product-type-external"},"_links":{"self":[{"href":"https:\/\/beauteexclusive.com\/index.php?rest_route=\/wp\/v2\/product\/16703","targetHints":{"allow":["GET"]}}],"collection":[{"href":"https:\/\/beauteexclusive.com\/index.php?rest_route=\/wp\/v2\/product"}],"about":[{"href":"https:\/\/beauteexclusive.com\/index.php?rest_route=\/wp\/v2\/types\/product"}],"replies":[{"embeddable":true,"href":"https:\/\/beauteexclusive.com\/index.php?rest_route=%2Fwp%2Fv2%2Fcomments&post=16703"}],"wp:featuredmedia":[{"embeddable":true,"href":"https:\/\/beauteexclusive.com\/index.php?rest_route=\/wp\/v2\/media\/16704"}],"wp:attachment":[{"href":"https:\/\/beauteexclusive.com\/index.php?rest_route=%2Fwp%2Fv2%2Fmedia&parent=16703"}],"wp:term":[{"taxonomy":"store","embeddable":true,"href":"https:\/\/beauteexclusive.com\/index.php?rest_route=%2Fwp%2Fv2%2Fstore&post=16703"},{"taxonomy":"product_brand","embeddable":true,"href":"https:\/\/beauteexclusive.com\/index.php?rest_route=%2Fwp%2Fv2%2Fproduct_brand&post=16703"},{"taxonomy":"product_cat","embeddable":true,"href":"https:\/\/beauteexclusive.com\/index.php?rest_route=%2Fwp%2Fv2%2Fproduct_cat&post=16703"},{"taxonomy":"product_tag","embeddable":true,"href":"https:\/\/beauteexclusive.com\/index.php?rest_route=%2Fwp%2Fv2%2Fproduct_tag&post=16703"}],"curies":[{"name":"wp","href":"https:\/\/api.w.org\/{rel}","templated":true}]}}