{"id":16713,"date":"2025-02-27T21:04:16","date_gmt":"2025-02-27T21:04:16","guid":{"rendered":"https:\/\/www.beauteexclusive.com\/?product=exfoliance-eclat-75-ml"},"modified":"2025-02-27T21:04:16","modified_gmt":"2025-02-27T21:04:16","slug":"exfoliance-eclat-75-ml","status":"publish","type":"product","link":"https:\/\/beauteexclusive.com\/?product=exfoliance-eclat-75-ml","title":{"rendered":"Exfoliance \u00c9clat 75 Ml"},"content":{"rendered":"<p><br \/>\nWorth: <span style=\"color:#b12704\"><del>38,14\u20ac<\/del> - 38,53\u20ac<\/span><br \/><i><small>(as of Feb 27, 2025 21:04:16 UTC &#8211; <span class=\"wp_automatic_amazon_disclaimer\" title=\"Product prices and availability are accurate as of the date\/time indicated and are subject to change. Any price and availability information displayed on [relevant Amazon Site(s), as applicable] at the time of purchase will apply to the purchase of this product.\">Particulars<\/span>)<\/small><\/i><\/p>\n<p><a href=\"https:\/\/amazon.fr\/dp\/B07RSTDZ92?tag=topdeals0945-21\"><img decoding=\"async\" src=\"https:\/\/valvepress.s3.amazonaws.com\/imgs\/buy_now.png\"><\/a><br \/>\n<br \/>\n <span>L&#8217;OCCITANE en Provence, partager les merveilles de la nature. Depuis 1976, L&#8217;OCCITANE en Provence s&#8217;encourage des merveilles de la nature pour cr\u00e9er des cosm\u00e9tiques qui \u00e9veillent les sens et prennent soin de vous. Chaque jour, L&#8217;OCCITANE s\u2019interact \u00e0 pr\u00e9server cette faune et cette flore si pr\u00e9cieuses, avec un r\u00e9el souhait de contribuer \u00e0 un influence positif et lengthy terme sur notre \u00e9cosyst\u00e8me. \u00catre attentifs aux probl\u00e9matiques de la biodiversit\u00e9, comprendre notre \u00e9cosyst\u00e8me, instaurer un changement \u00e0 l&#8217;influence sturdy et positif, telles sont les pr\u00e9occupations qui guident nos choix et notre approche dans la cr\u00e9ation de nos produits. L&#8217;OCCITANE travaille en direct avec 130 agriculteurs fran\u00e7ais et 10 000 cueilleurs afin d&#8217;assurer la qualit\u00e9 des ingr\u00e9dients. La tra\u00e7abilit\u00e9, la durabilit\u00e9, l&#8217;\u00e9thique et la qualit\u00e9 sont les piliers de notre engagement. Notre Karit\u00e9 utilis\u00e9 dans tous nos soins hydratants provient du Burkina Faso et est fabriqu\u00e9 exclusivement par des femmes. Avez-vous entendu parler des trois R de L&#8217;OCCITANE? Recyclez, R\u00e9duisez, R\u00e9agissez. Nous nous soucions de l&#8217;influence de la air pollution plastique sur notre plan\u00e8te. Nous vendons des eco-recharges et nous nous effor\u00e7ons de rendre nos emballages aussi \u00e9cologiques que doable.<\/span><br \/> Manufacturing interrompue par le fabricant                                    \u200f                                     :                                    \u200e                                    Non   <br \/> Langue                                    \u200f                                     :                                    \u200e                                    Anglais, Anglais   <br \/> Dimensions du produit (L x l x h)                                    \u200f                                     :                                    \u200e                                    7,37 x 7,37 x 5,33 cm; 226,8 grammes   <br \/> Fabricant                                    \u200f                                     :                                    \u200e                                    L&#8217;OCCITANE (LABORATOIRES M ET L)   <br \/> ASIN                                    \u200f                                     :                                    \u200e                                    B07RSTDZ92   <br \/> Num\u00e9ro du mod\u00e8le de l&#8217;article                                    \u200f                                     :                                    \u200e                                    11EMI075I19   <\/p>\n<p>Enrichi en Pomelo de Corse fra\u00eechement cueilli, cet Exfoliant Eclat gomme la peau en douceur et redonne de l&#8217;\u00e9clat naturel au teint, tout en laissant la peau lisse et confortable.<br \/>La peau est douce et le teint est \u00e9clatant.<br \/>Sur peau humide, massez par mouvements circulaires pour \u00e9liminer les cellules mortes puis rincez.<\/p>\n\n","protected":false},"excerpt":{"rendered":"<p>Worth: (as of &#8211; Particulars) L&#8217;OCCITANE en Provence, partager les merveilles de la nature. Depuis 1976, L&#8217;OCCITANE en Provence s&#8217;encourage des merveilles de la nature pour cr\u00e9er des cosm\u00e9tiques qui \u00e9veillent les sens et prennent soin de vous. Chaque jour, L&#8217;OCCITANE s\u2019interact \u00e0 pr\u00e9server cette faune et cette flore si pr\u00e9cieuses, avec un r\u00e9el souhait [&hellip;]<\/p>\n","protected":false},"featured_media":16714,"comment_status":"open","ping_status":"closed","template":"","meta":{"_gspb_post_css":""},"store":[],"product_brand":[],"product_cat":[33],"product_tag":[16],"class_list":{"0":"post-16713","1":"product","2":"type-product","3":"status-publish","4":"has-post-thumbnail","6":"product_cat-facial-polishes-scrubs","7":"product_tag-makeup","9":"first","10":"instock","11":"shipping-taxable","12":"product-type-external"},"_links":{"self":[{"href":"https:\/\/beauteexclusive.com\/index.php?rest_route=\/wp\/v2\/product\/16713","targetHints":{"allow":["GET"]}}],"collection":[{"href":"https:\/\/beauteexclusive.com\/index.php?rest_route=\/wp\/v2\/product"}],"about":[{"href":"https:\/\/beauteexclusive.com\/index.php?rest_route=\/wp\/v2\/types\/product"}],"replies":[{"embeddable":true,"href":"https:\/\/beauteexclusive.com\/index.php?rest_route=%2Fwp%2Fv2%2Fcomments&post=16713"}],"wp:featuredmedia":[{"embeddable":true,"href":"https:\/\/beauteexclusive.com\/index.php?rest_route=\/wp\/v2\/media\/16714"}],"wp:attachment":[{"href":"https:\/\/beauteexclusive.com\/index.php?rest_route=%2Fwp%2Fv2%2Fmedia&parent=16713"}],"wp:term":[{"taxonomy":"store","embeddable":true,"href":"https:\/\/beauteexclusive.com\/index.php?rest_route=%2Fwp%2Fv2%2Fstore&post=16713"},{"taxonomy":"product_brand","embeddable":true,"href":"https:\/\/beauteexclusive.com\/index.php?rest_route=%2Fwp%2Fv2%2Fproduct_brand&post=16713"},{"taxonomy":"product_cat","embeddable":true,"href":"https:\/\/beauteexclusive.com\/index.php?rest_route=%2Fwp%2Fv2%2Fproduct_cat&post=16713"},{"taxonomy":"product_tag","embeddable":true,"href":"https:\/\/beauteexclusive.com\/index.php?rest_route=%2Fwp%2Fv2%2Fproduct_tag&post=16713"}],"curies":[{"name":"wp","href":"https:\/\/api.w.org\/{rel}","templated":true}]}}