{"id":16811,"date":"2025-02-28T05:52:11","date_gmt":"2025-02-28T05:52:11","guid":{"rendered":"https:\/\/www.beauteexclusive.com\/?product=pupa-milano-professionals-bb-creme-primer-001-nude-1-unite"},"modified":"2025-02-28T05:52:11","modified_gmt":"2025-02-28T05:52:11","slug":"pupa-milano-professionals-bb-creme-primer-001-nude-1-unite","status":"publish","type":"product","link":"https:\/\/beauteexclusive.com\/?product=pupa-milano-professionals-bb-creme-primer-001-nude-1-unite","title":{"rendered":"Pupa Milano Professionals BB Cr\u00e8me &#038; Primer 001 Nude 1 Unit\u00e9"},"content":{"rendered":"<p><br \/>\nValue: <span style=\"color:#b12704\"><del>21,87\u20ac<\/del> - 19,62\u20ac<\/span><br \/><i><small>(as of Feb 28, 2025 05:52:11 UTC &#8211; <span class=\"wp_automatic_amazon_disclaimer\" title=\"Product prices and availability are accurate as of the date\/time indicated and are subject to change. Any price and availability information displayed on [relevant Amazon Site(s), as applicable] at the time of purchase will apply to the purchase of this product.\">Particulars<\/span>)<\/small><\/i><\/p>\n<p><a href=\"https:\/\/amazon.fr\/dp\/B01D4VCL3A?tag=topdeals0945-21\"><img decoding=\"async\" src=\"https:\/\/valvepress.s3.amazonaws.com\/imgs\/buy_now.png\"><\/a><br \/>\n<br \/>\n <span>Pupa Professionals BB Cream &#038; Primer 001 Nude Krem BB oraz baza pod makija\u017c o w\u0142a\u015bciwo\u015bciach przeciwstarzeniowych<\/span>  <br \/> Manufacturing interrompue par le fabricant                                    \u200f                                     :                                    \u200e                                    Non   <br \/> Dimensions du produit (L x l x h)                                    \u200f                                     :                                    \u200e                                    10 x 10 x 10 cm; 50 grammes   <br \/> Fabricant                                    \u200f                                     :                                    \u200e                                    Pupa Milano   <br \/> ASIN                                    \u200f                                     :                                    \u200e                                    B01D4VCL3A   <br \/> Num\u00e9ro du mod\u00e8le de l&#8217;article                                    \u200f                                     :                                    \u200e                                    PUP20031   <br \/> Service                                    \u200f                                     :                                    \u200e                                    Femme   <\/p>\n<p>pupa professionals bb cream &#038; primer 001 nude krem bb oraz baza pod makija\u017c o w\u0142a\u015bciwo\u015bciach przeciwstarzeniowych<br \/>pupa professionals bb cream &#038; primer 001 nude krem bb oraz baza pod makija\u017c o w\u0142a\u015bciwo\u015bciach przeciwstarzeniowych<br \/>pupa professionals bb cream &#038; primer 001 nude krem bb oraz baza pod makija\u017c o w\u0142a\u015bciwo\u015bciach przeciwstarzeniowych<br \/>Quantity du colis: 50.0 milliliters<\/p>\n\n","protected":false},"excerpt":{"rendered":"<p>Value: (as of &#8211; Particulars) Pupa Professionals BB Cream &#038; Primer 001 Nude Krem BB oraz baza pod makija\u017c o w\u0142a\u015bciwo\u015bciach przeciwstarzeniowych Manufacturing interrompue par le fabricant \u200f : \u200e Non Dimensions du produit (L x l x h) \u200f : \u200e 10 x 10 x 10 cm; 50 grammes Fabricant \u200f : \u200e Pupa [&hellip;]<\/p>\n","protected":false},"featured_media":16812,"comment_status":"open","ping_status":"closed","template":"","meta":{"_gspb_post_css":""},"store":[],"product_brand":[],"product_cat":[15],"product_tag":[16],"class_list":{"0":"post-16811","1":"product","2":"type-product","3":"status-publish","4":"has-post-thumbnail","6":"product_cat-makeup","7":"product_tag-makeup","9":"first","10":"instock","11":"sale","12":"shipping-taxable","13":"product-type-external"},"_links":{"self":[{"href":"https:\/\/beauteexclusive.com\/index.php?rest_route=\/wp\/v2\/product\/16811","targetHints":{"allow":["GET"]}}],"collection":[{"href":"https:\/\/beauteexclusive.com\/index.php?rest_route=\/wp\/v2\/product"}],"about":[{"href":"https:\/\/beauteexclusive.com\/index.php?rest_route=\/wp\/v2\/types\/product"}],"replies":[{"embeddable":true,"href":"https:\/\/beauteexclusive.com\/index.php?rest_route=%2Fwp%2Fv2%2Fcomments&post=16811"}],"wp:featuredmedia":[{"embeddable":true,"href":"https:\/\/beauteexclusive.com\/index.php?rest_route=\/wp\/v2\/media\/16812"}],"wp:attachment":[{"href":"https:\/\/beauteexclusive.com\/index.php?rest_route=%2Fwp%2Fv2%2Fmedia&parent=16811"}],"wp:term":[{"taxonomy":"store","embeddable":true,"href":"https:\/\/beauteexclusive.com\/index.php?rest_route=%2Fwp%2Fv2%2Fstore&post=16811"},{"taxonomy":"product_brand","embeddable":true,"href":"https:\/\/beauteexclusive.com\/index.php?rest_route=%2Fwp%2Fv2%2Fproduct_brand&post=16811"},{"taxonomy":"product_cat","embeddable":true,"href":"https:\/\/beauteexclusive.com\/index.php?rest_route=%2Fwp%2Fv2%2Fproduct_cat&post=16811"},{"taxonomy":"product_tag","embeddable":true,"href":"https:\/\/beauteexclusive.com\/index.php?rest_route=%2Fwp%2Fv2%2Fproduct_tag&post=16811"}],"curies":[{"name":"wp","href":"https:\/\/api.w.org\/{rel}","templated":true}]}}