{"id":16897,"date":"2025-02-28T15:48:40","date_gmt":"2025-02-28T15:48:40","guid":{"rendered":"https:\/\/www.beauteexclusive.com\/?product=kalia-nature-gelee-dhibiscus-soin-sculptant-boucles-250ml"},"modified":"2025-02-28T15:48:40","modified_gmt":"2025-02-28T15:48:40","slug":"kalia-nature-gelee-dhibiscus-soin-sculptant-boucles-250ml","status":"publish","type":"product","link":"https:\/\/beauteexclusive.com\/?product=kalia-nature-gelee-dhibiscus-soin-sculptant-boucles-250ml","title":{"rendered":"Kalia Nature &#8211; Gel\u00e9e d&#8217;hibiscus &#8211; Soin sculptant boucles &#8211; 250ml"},"content":{"rendered":"<p><br \/>\nWorth: <span style=\"color:#b12704\"><del>24,87\u20ac<\/del> - 23,80\u20ac<\/span><br \/><i><small>(as of Feb 28, 2025 15:48:40 UTC &#8211; <span class=\"wp_automatic_amazon_disclaimer\" title=\"Product prices and availability are accurate as of the date\/time indicated and are subject to change. Any price and availability information displayed on [relevant Amazon Site(s), as applicable] at the time of purchase will apply to the purchase of this product.\">Particulars<\/span>)<\/small><\/i><\/p>\n<p><a href=\"https:\/\/amazon.fr\/dp\/B0BJ6VYP9X?tag=topdeals0945-21\"><img decoding=\"async\" src=\"https:\/\/valvepress.s3.amazonaws.com\/imgs\/buy_now.png\"><\/a><br \/>\n<br \/>\n <span>La gel\u00e9e \u00e0 l&#8217;hibiscus est un soin coiffant qui d\u00e9finit les boucles et emp\u00eache l&#8217;effet carton. Elle permet de plaquer les cheveux sans effet gras ainsi que de former les child hair selon vos envies. Gr\u00e2ce \u00e0 son motion fixante, la gel\u00e9e permet de garder les coiffures plus longtemps et r\u00e9duit les frisottis ainsi que le risque de casse. C&#8217;est le soin id\u00e9al pour maintenir l&#8217;hydratation apport\u00e9e pendant la routine capillaire.<\/span>  <br \/> Dimensions du colis                                    \u200f                                     :                                    \u200e                                    15 x 5 x 3 cm; 250 grammes   <br \/> Fabricant                                    \u200f                                     :                                    \u200e                                    KALIA NATURE   <br \/> ASIN                                    \u200f                                     :                                    \u200e                                    B0BJ6VYP9X   <br \/> R\u00e9f\u00e9rence constructeur                                    \u200f                                     :                                    \u200e                                    1   <\/p>\n<p>La gel\u00e9e \u00e0 l&#8217;hibiscus est un soin coiffant qui d\u00e9finit les boucles et emp\u00eache l&#8217;effet carton.<br \/>Elle permet de plaquer les cheveux sans effet gras ainsi que de former les child hair selon vos envies.<br \/>Gr\u00e2ce \u00e0 son motion fixante, la gel\u00e9e permet de garder les coiffures plus longtemps et r\u00e9duit les frisottis ainsi que le risque de casse.<br \/>C&#8217;est le soin id\u00e9al pour maintenir l&#8217;hydratation apport\u00e9e pendant la routine capillaire.<\/p>\n\n","protected":false},"excerpt":{"rendered":"<p>Worth: (as of &#8211; Particulars) La gel\u00e9e \u00e0 l&#8217;hibiscus est un soin coiffant qui d\u00e9finit les boucles et emp\u00eache l&#8217;effet carton. Elle permet de plaquer les cheveux sans effet gras ainsi que de former les child hair selon vos envies. Gr\u00e2ce \u00e0 son motion fixante, la gel\u00e9e permet de garder les coiffures plus longtemps et [&hellip;]<\/p>\n","protected":false},"featured_media":16898,"comment_status":"open","ping_status":"closed","template":"","meta":{"_gspb_post_css":""},"store":[],"product_brand":[],"product_cat":[170],"product_tag":[16],"class_list":{"0":"post-16897","1":"product","2":"type-product","3":"status-publish","4":"has-post-thumbnail","6":"product_cat-hair-care","7":"product_tag-makeup","9":"first","10":"instock","11":"sale","12":"shipping-taxable","13":"product-type-external"},"_links":{"self":[{"href":"https:\/\/beauteexclusive.com\/index.php?rest_route=\/wp\/v2\/product\/16897","targetHints":{"allow":["GET"]}}],"collection":[{"href":"https:\/\/beauteexclusive.com\/index.php?rest_route=\/wp\/v2\/product"}],"about":[{"href":"https:\/\/beauteexclusive.com\/index.php?rest_route=\/wp\/v2\/types\/product"}],"replies":[{"embeddable":true,"href":"https:\/\/beauteexclusive.com\/index.php?rest_route=%2Fwp%2Fv2%2Fcomments&post=16897"}],"wp:featuredmedia":[{"embeddable":true,"href":"https:\/\/beauteexclusive.com\/index.php?rest_route=\/wp\/v2\/media\/16898"}],"wp:attachment":[{"href":"https:\/\/beauteexclusive.com\/index.php?rest_route=%2Fwp%2Fv2%2Fmedia&parent=16897"}],"wp:term":[{"taxonomy":"store","embeddable":true,"href":"https:\/\/beauteexclusive.com\/index.php?rest_route=%2Fwp%2Fv2%2Fstore&post=16897"},{"taxonomy":"product_brand","embeddable":true,"href":"https:\/\/beauteexclusive.com\/index.php?rest_route=%2Fwp%2Fv2%2Fproduct_brand&post=16897"},{"taxonomy":"product_cat","embeddable":true,"href":"https:\/\/beauteexclusive.com\/index.php?rest_route=%2Fwp%2Fv2%2Fproduct_cat&post=16897"},{"taxonomy":"product_tag","embeddable":true,"href":"https:\/\/beauteexclusive.com\/index.php?rest_route=%2Fwp%2Fv2%2Fproduct_tag&post=16897"}],"curies":[{"name":"wp","href":"https:\/\/api.w.org\/{rel}","templated":true}]}}