{"id":16923,"date":"2025-02-28T21:22:14","date_gmt":"2025-02-28T21:22:14","guid":{"rendered":"https:\/\/www.beauteexclusive.com\/?product=e-l-f-studio-primer-a-mineraux-infuses"},"modified":"2025-02-28T21:22:14","modified_gmt":"2025-02-28T21:22:14","slug":"e-l-f-studio-primer-a-mineraux-infuses","status":"publish","type":"product","link":"https:\/\/beauteexclusive.com\/?product=e-l-f-studio-primer-a-mineraux-infuses","title":{"rendered":"E.l.f Studio Primer \u00e0 min\u00e9raux infus\u00e9s"},"content":{"rendered":"<p><br \/>\nValue: <span style=\"color:#b12704\"><del>13,37\u20ac<\/del> - 13,02\u20ac<\/span><br \/><i><small>(as of Feb 28, 2025 21:22:14 UTC &#8211; <span class=\"wp_automatic_amazon_disclaimer\" title=\"Product prices and availability are accurate as of the date\/time indicated and are subject to change. Any price and availability information displayed on [relevant Amazon Site(s), as applicable] at the time of purchase will apply to the purchase of this product.\">Particulars<\/span>)<\/small><\/i><\/p>\n<p><a href=\"https:\/\/amazon.fr\/dp\/B00ACOHI7W?tag=topdeals0945-21\"><img decoding=\"async\" src=\"https:\/\/valvepress.s3.amazonaws.com\/imgs\/buy_now.png\"><\/a><br \/>\n<br \/>\n <span>Cet appr\u00eat lumineux est id\u00e9al pour cr\u00e9er une lueur \u00e9clatante avec un \u00e9clat subtil. La formule soyeuse et l\u00e9g\u00e8re est id\u00e9ale pour tous les sorts de peau. Cet appr\u00eat comble les ridules et affine votre teint. Pr\u00e9parez et laissez s\u00e9cher pour profiter d&#8217;un maquillage qui se m\u00e9lange facilement et dure toute la journ\u00e9e<\/span>  <br \/> Manufacturing interrompue par le fabricant                                    \u200f                                     :                                    \u200e                                    Non   <br \/> Dimensions du produit (L x l x h)                                    \u200f                                     :                                    \u200e                                    8,64 x 8,64 x 32,72 cm; 13,6 grammes   <br \/> Fabricant                                    \u200f                                     :                                    \u200e                                    JA Cosmetics   <br \/> ASIN                                    \u200f                                     :                                    \u200e                                    B00ACOHI7W   <br \/> Num\u00e9ro du mod\u00e8le de l&#8217;article                                    \u200f                                     :                                    \u200e                                    787734662352   <br \/> Pays d&#8217;origine                                    \u200f                                     :                                    \u200e                                    Chine   <\/p>\n<p>Ingr\u00e9dients\u00a0: Cyclopentasiloxane, Cyclohexasiloxane, Dim\u00e9thicone Crosspolymer, Dim\u00e9thicone, Dim\u00e9thicone \/ Vinyl Dim\u00e9thicone Crosspolymer, Silice, Silice Dimethyl Silylate, Ph\u00e9noxy\u00e9thanol.<br \/>Eau (Aqua), Butyl\u00e8ne Glycol, Hydroxyac\u00e9toph\u00e9none, 1, 2-Hexanediol, Niacinamide, Chlorure de Potassium, Chlorure de Sodium, Chlorure de Calcium, Chlorure de Magn\u00e9sium, Coceth-7, Ether de glyco laurier PPG-1-PEG-9, Huile de ricin hydrog\u00e9n\u00e9e PEG-40, Ac\u00e9tate de tocoph\u00e9ryle (Ve), Extrait de fruit de Cucumis sativus (concombre), hyaluronate de sodium, alginate de siloxanetriol, caf\u00e9ine.<br \/>Contre L&#8217;exc\u00e8s de s\u00e9bum.<br \/>Contre la s\u00e9cheresse et la desquamation.<br \/>Contre les pores dilat\u00e9s et les ridules.<\/p>\n\n","protected":false},"excerpt":{"rendered":"<p>Value: (as of &#8211; Particulars) Cet appr\u00eat lumineux est id\u00e9al pour cr\u00e9er une lueur \u00e9clatante avec un \u00e9clat subtil. La formule soyeuse et l\u00e9g\u00e8re est id\u00e9ale pour tous les sorts de peau. Cet appr\u00eat comble les ridules et affine votre teint. Pr\u00e9parez et laissez s\u00e9cher pour profiter d&#8217;un maquillage qui se m\u00e9lange facilement et dure [&hellip;]<\/p>\n","protected":false},"featured_media":16924,"comment_status":"open","ping_status":"closed","template":"","meta":{"_gspb_post_css":""},"store":[],"product_brand":[],"product_cat":[15],"product_tag":[16],"class_list":{"0":"post-16923","1":"product","2":"type-product","3":"status-publish","4":"has-post-thumbnail","6":"product_cat-makeup","7":"product_tag-makeup","9":"first","10":"instock","11":"sale","12":"shipping-taxable","13":"product-type-external"},"_links":{"self":[{"href":"https:\/\/beauteexclusive.com\/index.php?rest_route=\/wp\/v2\/product\/16923","targetHints":{"allow":["GET"]}}],"collection":[{"href":"https:\/\/beauteexclusive.com\/index.php?rest_route=\/wp\/v2\/product"}],"about":[{"href":"https:\/\/beauteexclusive.com\/index.php?rest_route=\/wp\/v2\/types\/product"}],"replies":[{"embeddable":true,"href":"https:\/\/beauteexclusive.com\/index.php?rest_route=%2Fwp%2Fv2%2Fcomments&post=16923"}],"wp:featuredmedia":[{"embeddable":true,"href":"https:\/\/beauteexclusive.com\/index.php?rest_route=\/wp\/v2\/media\/16924"}],"wp:attachment":[{"href":"https:\/\/beauteexclusive.com\/index.php?rest_route=%2Fwp%2Fv2%2Fmedia&parent=16923"}],"wp:term":[{"taxonomy":"store","embeddable":true,"href":"https:\/\/beauteexclusive.com\/index.php?rest_route=%2Fwp%2Fv2%2Fstore&post=16923"},{"taxonomy":"product_brand","embeddable":true,"href":"https:\/\/beauteexclusive.com\/index.php?rest_route=%2Fwp%2Fv2%2Fproduct_brand&post=16923"},{"taxonomy":"product_cat","embeddable":true,"href":"https:\/\/beauteexclusive.com\/index.php?rest_route=%2Fwp%2Fv2%2Fproduct_cat&post=16923"},{"taxonomy":"product_tag","embeddable":true,"href":"https:\/\/beauteexclusive.com\/index.php?rest_route=%2Fwp%2Fv2%2Fproduct_tag&post=16923"}],"curies":[{"name":"wp","href":"https:\/\/api.w.org\/{rel}","templated":true}]}}