{"id":16956,"date":"2025-03-03T13:41:46","date_gmt":"2025-03-03T13:41:46","guid":{"rendered":"https:\/\/beauteexclusive.com\/?product=beliflor-masque-capillaire-restructurant-150-ml"},"modified":"2025-03-03T13:41:47","modified_gmt":"2025-03-03T13:41:47","slug":"beliflor-masque-capillaire-restructurant-150-ml","status":"publish","type":"product","link":"https:\/\/beauteexclusive.com\/?product=beliflor-masque-capillaire-restructurant-150-ml","title":{"rendered":"Beliflor Masque Capillaire Restructurant 150 ml"},"content":{"rendered":"<p><br \/>\nWorth: <span style=\"color:#b12704\"><del>45,00\u00a0\u20ac<\/del> - 8,55\u20ac<\/span><br \/><i><small>(as of Mar 03, 2025 13:41:47 UTC &#8211; <span class=\"wp_automatic_amazon_disclaimer\" title=\"Product prices and availability are accurate as of the date\/time indicated and are subject to change. Any price and availability information displayed on [relevant Amazon Site(s), as applicable] at the time of purchase will apply to the purchase of this product.\">Particulars<\/span>)<\/small><\/i><\/p>\n<p><a href=\"https:\/\/amazon.fr\/dp\/B004U6U5L4?tag=topdeals0945-21\"><img decoding=\"async\" src=\"https:\/\/valvepress.s3.amazonaws.com\/imgs\/buy_now.png\"><\/a><br \/>\n<br \/>\n <span>BELIFLOR<br \/>Masque capillaire restructurant<br \/>Extraits de Bambou<br \/>150ml<\/span><br \/><span>La gamme <\/span><span class=\"a-text-bold\">&#8221; Le Soin capillaire &#8220;<\/span><span class=\"a-text-bold\"> aux extraits de Bambou<\/span><span> de <\/span><span class=\"a-text-bold\">Beliflor<\/span><span> a \u00e9t\u00e9 \u00e9labor\u00e9e afin de traiter en profondeur les cheveux sensibles, secs, d\u00e9shydrat\u00e9s et endommag\u00e9s par les agressions chimiques externes, circumstances climatiques difficiles, air pollution and so on&#8230;<br \/>Tr\u00e8s riche en extraits de Bambou, le <\/span><span class=\"a-text-bold\">masque capillaire restructurant<\/span><span> r\u00e9pare, restructure, nourrit, prot\u00e8ge et relisse l&#8217;\u00e9caille de k\u00e9ratine du cheveu.<\/span><br \/> Fabricant                                    \u200f                                     :                                    \u200e                                    Beliflor   <br \/> ASIN                                    \u200f                                     :                                    \u200e                                    B004U6U5L4   <br \/> Num\u00e9ro du mod\u00e8le de l&#8217;article                                    \u200f                                     :                                    \u200e                                    8661A   <br \/> Pays d&#8217;origine                                    \u200f                                     :                                    \u200e                                    France   <\/p>\n<p>Redonne de la drive aux cheveux tr\u00e8s secs, d\u00e9vitalis\u00e9s ou ab\u00eem\u00e9s<br \/>Redonne de la drive aux cheveux tr\u00e8s secs, d\u00e9vitalis\u00e9s ou ab\u00eem\u00e9s<br \/>Le masque capillaire restructurant BELIFLOR fortifie et restructure les cheveux secs et fragiles. Gr\u00e2ce \u00e0 sa formule innovante aux extraits de bambou , enrichie \u00e0 la provitamine b, aux acides amin\u00e9s, \u00e0 la prot\u00e9ine de soie, \u00e0 l&#8217;huile d&#8217;avocat et de jojoba et \u00e0 la c\u00e9ramide a2, elle apporte \u00e0 vos cheveux : vitalit\u00e9, drive, quantity et brillance. Riche en extrait de bambou et c\u00e9ramide a2 il d\u00e9m\u00eale et nourrit les cheveux en les rendant plus forts et vigoureux<\/p>\n\n","protected":false},"excerpt":{"rendered":"<p>Worth: (as of &#8211; Particulars) BELIFLORMasque capillaire restructurantExtraits de Bambou150mlLa gamme &#8221; Le Soin capillaire &#8220; aux extraits de Bambou de Beliflor a \u00e9t\u00e9 \u00e9labor\u00e9e afin de traiter en profondeur les cheveux sensibles, secs, d\u00e9shydrat\u00e9s et endommag\u00e9s par les agressions chimiques externes, circumstances climatiques difficiles, air pollution and so on&#8230;Tr\u00e8s riche en extraits de Bambou, [&hellip;]<\/p>\n","protected":false},"featured_media":16957,"comment_status":"open","ping_status":"closed","template":"","meta":{"_gspb_post_css":""},"store":[],"product_brand":[],"product_cat":[170],"product_tag":[16],"class_list":{"0":"post-16956","1":"product","2":"type-product","3":"status-publish","4":"has-post-thumbnail","6":"product_cat-hair-care","7":"product_tag-makeup","9":"first","10":"instock","11":"sale","12":"shipping-taxable","13":"product-type-external"},"_links":{"self":[{"href":"https:\/\/beauteexclusive.com\/index.php?rest_route=\/wp\/v2\/product\/16956","targetHints":{"allow":["GET"]}}],"collection":[{"href":"https:\/\/beauteexclusive.com\/index.php?rest_route=\/wp\/v2\/product"}],"about":[{"href":"https:\/\/beauteexclusive.com\/index.php?rest_route=\/wp\/v2\/types\/product"}],"replies":[{"embeddable":true,"href":"https:\/\/beauteexclusive.com\/index.php?rest_route=%2Fwp%2Fv2%2Fcomments&post=16956"}],"wp:featuredmedia":[{"embeddable":true,"href":"https:\/\/beauteexclusive.com\/index.php?rest_route=\/wp\/v2\/media\/16957"}],"wp:attachment":[{"href":"https:\/\/beauteexclusive.com\/index.php?rest_route=%2Fwp%2Fv2%2Fmedia&parent=16956"}],"wp:term":[{"taxonomy":"store","embeddable":true,"href":"https:\/\/beauteexclusive.com\/index.php?rest_route=%2Fwp%2Fv2%2Fstore&post=16956"},{"taxonomy":"product_brand","embeddable":true,"href":"https:\/\/beauteexclusive.com\/index.php?rest_route=%2Fwp%2Fv2%2Fproduct_brand&post=16956"},{"taxonomy":"product_cat","embeddable":true,"href":"https:\/\/beauteexclusive.com\/index.php?rest_route=%2Fwp%2Fv2%2Fproduct_cat&post=16956"},{"taxonomy":"product_tag","embeddable":true,"href":"https:\/\/beauteexclusive.com\/index.php?rest_route=%2Fwp%2Fv2%2Fproduct_tag&post=16956"}],"curies":[{"name":"wp","href":"https:\/\/api.w.org\/{rel}","templated":true}]}}